{"id":10575,"date":"2023-10-20T16:16:34","date_gmt":"2023-10-20T16:16:34","guid":{"rendered":"https:\/\/alexgertsch.ch\/?page_id=10575"},"modified":"2024-02-23T18:29:20","modified_gmt":"2024-02-23T18:29:20","slug":"freistil","status":"publish","type":"page","link":"https:\/\/alexgertsch.ch\/de\/freistil\/","title":{"rendered":"Freistil"},"content":{"rendered":"<div class=\"wpb-content-wrapper\"><p>[vc_row][vc_column width=&#8220;1\/6&#8243;][\/vc_column][vc_column width=&#8220;2\/3&#8243;][vc_column_text woodmart_inline=&#8220;no&#8220; text_larger=&#8220;no&#8220;]<\/p>\n<blockquote><p>Sind Sie bereit, beim Skifahren oder Snowboarden neue H\u00f6hen zu erreichen?<\/p><\/blockquote>\n<p>In der Ski und Snowboardschule Alexander Gertsch Wengen bieten wir spannende Freestyle-Kurse an, die Ihnen dabei helfen, Spr\u00fcnge, Spins, Flips und Grabs zu meistern und Ihren einzigartigen Stil auf der Piste zu entdecken und zu verfeinern.<\/p>\n<h2>Entdecken Sie die besten Parks der Jungfrau Region:<\/h2>\n<blockquote><p>In Zusammenarbeit mit den atemberaubenden Landschaften der Jungfrauregion finden unsere Freestyle-Kurse in zwei au\u00dfergew\u00f6hnlichen Parks statt \u2013 Grindelwald und M\u00fcrren.<\/p><\/blockquote>\n<p>[\/vc_column_text][\/vc_column][vc_column width=&#8220;1\/6&#8243;][\/vc_column][\/vc_row][vc_row full_height=&#8220;yes&#8220; content_placement=&#8220;middle&#8220; woodmart_css_id=&#8220;65aa8d9cea2a4&#8243; responsive_spacing=&#8220;eyJwYXJhbV90eXBlIjoid29vZG1hcnRfcmVzcG9uc2l2ZV9zcGFjaW5nIiwic2VsZWN0b3JfaWQiOiI2NWFhOGQ5Y2VhMmE0Iiwic2hvcnRjb2RlIjoidmNfcm93IiwiZGF0YSI6eyJ0YWJsZXQiOnt9LCJtb2JpbGUiOnt9fX0=&#8220; mobile_bg_img_hidden=&#8220;no&#8220; tablet_bg_img_hidden=&#8220;no&#8220; woodmart_parallax=&#8220;0&#8243; woodmart_gradient_switch=&#8220;no&#8220; woodmart_box_shadow=&#8220;no&#8220; wd_z_index=&#8220;no&#8220; woodmart_disable_overflow=&#8220;0&#8243; row_reverse_mobile=&#8220;0&#8243; row_reverse_tablet=&#8220;0&#8243;][vc_column width=&#8220;1\/6&#8243;][\/vc_column][vc_column width=&#8220;1\/3&#8243;][vc_column_text woodmart_inline=&#8220;no&#8220; text_larger=&#8220;no&#8220;]<\/p>\n<h2>Grindelwaldpark:<\/h2>\n<ul>\n<li><em>Zonen f\u00fcr Anf\u00e4nger, Fortgeschrittene und Profis:<\/em> Grindelwald verf\u00fcgt \u00fcber einen erstklassigen Freestyle-Park mit speziellen Bereichen f\u00fcr jedes K\u00f6nnen.<\/li>\n<li><em>Halfpipe und Rails:<\/em> Unser professioneller Park verf\u00fcgt \u00fcber eine Halfpipe und Rails und ist damit der gr\u00f6\u00dfte und am besten ausgestattete Freestyle-Park in der Region.<\/li>\n<\/ul>\n<h2>M\u00fcrrenpark:<\/h2>\n<ul>\n<li><em>Schneller Zugang, Bahnfunktionen:<\/em> M\u00fcrren bietet eine g\u00fcnstige Lage mit Parks f\u00fcr Anf\u00e4nger und Fortgeschrittene, die spannende Bahnfunktionen umfassen.<\/li>\n<li><em>Effizienz mit Stil:<\/em> Die Parks in M\u00fcrren sind zwar schneller zu erreichen, bieten aber dennoch ein aufregendes Erlebnis, wenn auch nicht so umfangreich wie Grindelwald.<\/li>\n<\/ul>\n<p>[\/vc_column_text][\/vc_column][vc_column width=&#8220;1\/3&#8243;]\t\t<div id=\"wd-65aabf8329d2b\" class=\"wd-image wd-wpb wd-rs-65aabf8329d2b text-center \">\n\t\t\t\n\t\t\t<img loading=\"lazy\" decoding=\"async\" width=\"600\" height=\"800\" src=\"https:\/\/alexgertsch.ch\/wp-content\/uploads\/2024\/01\/murren-freestyle-alex-gertsch.jpg\" class=\"attachment-full size-full\" alt=\"Freestyle Alex Gertsch at Murren\" srcset=\"https:\/\/alexgertsch.ch\/wp-content\/uploads\/2024\/01\/murren-freestyle-alex-gertsch.jpg 600w, https:\/\/alexgertsch.ch\/wp-content\/uploads\/2024\/01\/murren-freestyle-alex-gertsch-225x300.jpg 225w, https:\/\/alexgertsch.ch\/wp-content\/uploads\/2024\/01\/murren-freestyle-alex-gertsch-430x573.jpg 430w, https:\/\/alexgertsch.ch\/wp-content\/uploads\/2024\/01\/murren-freestyle-alex-gertsch-150x200.jpg 150w\" sizes=\"(max-width: 600px) 100vw, 600px\" \/>\n\t\t\t\t\t<\/div>\n\t\t[\/vc_column][vc_column width=&#8220;1\/6&#8243;][\/vc_column][\/vc_row][vc_row][vc_column width=&#8220;1\/6&#8243;][\/vc_column][vc_column width=&#8220;2\/3&#8243;][vc_column_text woodmart_inline=&#8220;no&#8220; text_larger=&#8220;no&#8220;]<\/p>\n<h2>Warum sollten Sie sich f\u00fcr unsere Freestyle-Kurse entscheiden?<\/h2>\n<ul>\n<li><strong>Fachkundiger Unterricht:<\/strong> Lernen Sie von unseren erfahrenen Lehrern mit umfangreicher Erfahrung im Freestyle-Skifahren und Snowboarden.<\/li>\n<li><strong>Ma\u00dfgeschneidertes Lernen:<\/strong> Egal, ob Sie Anf\u00e4nger sind oder Ihre F\u00e4higkeiten verfeinern m\u00f6chten, unser Unterricht ist auf Ihr Leistungsniveau zugeschnitten.<\/li>\n<li><strong>Entfesseln Sie Ihren Stil:<\/strong> Bei uns lernen Sie nicht nur die technischen Details, sondern entdecken und umarmen auch Ihren eigenen einzigartigen Freestyle-Stil.<\/li>\n<\/ul>\n<p>[\/vc_column_text][vc_video link=&#8220;https:\/\/www.youtube.com\/watch?v=573iw0TfQPo&#8220; woodmart_css_id=&#8220;65aac141bf972&#8243; image_poster_switch=&#8220;no&#8220;][vc_column_text woodmart_inline=&#8220;no&#8220; text_larger=&#8220;no&#8220;]<\/p>\n<blockquote><p>Sind Sie bereit, der Schwerkraft zu trotzen und sich auf der Piste auszudr\u00fccken?<\/p><\/blockquote>\n<p>Buchen Sie Ihren Freestyle-Kurs bei der Ski und Snowboardschule Alexander Gertsch Wengen und entdecken Sie eine Welt voller aufregender M\u00f6glichkeiten. Sie werden den aufregenden Weg zur Beherrschung des Freestyle-Skifahrens und Snowboardens nicht bereuen![\/vc_column_text][\/vc_column][vc_column width=&#8220;1\/6&#8243;][\/vc_column][\/vc_row][vc_row][vc_column width=&#8220;1\/6&#8243;][\/vc_column][vc_column width=&#8220;2\/3&#8243;]\n\t\t<div id=\"wd-65d8bcf5b1538\" class=\"title-wrapper wd-wpb set-mb-s reset-last-child  wd-rs-65d8bcf5b1538 wd-title-color-default wd-title-style-default text-left  wd-underline-colored\">\n\t\t\t\n\t\t\t<div class=\"liner-continer\">\n\t\t\t\t<h4 class=\"woodmart-title-container title  wd-font-weight- wd-fontsize-l\" >Buchen Sie noch heute Ihre Freestyle-Lektion!<\/h4>\n\t\t\t\t\t\t\t<\/div>\n\t\t\t\n\t\t\t\n\t\t\t\n\t\t<\/div>\n\t\t\n\t\t\n<div class=\"wpcf7 no-js\" id=\"wpcf7-f10615-o1\" lang=\"de-DE\" dir=\"ltr\">\n<div class=\"screen-reader-response\"><p role=\"status\" aria-live=\"polite\" aria-atomic=\"true\"><\/p> <ul><\/ul><\/div>\n<form action=\"\/de\/wp-json\/wp\/v2\/pages\/10575#wpcf7-f10615-o1\" method=\"post\" class=\"wpcf7-form init\" aria-label=\"Kontaktformular\" novalidate=\"novalidate\" data-status=\"init\">\n<div style=\"display: none;\">\n<input type=\"hidden\" name=\"_wpcf7\" value=\"10615\" \/>\n<input type=\"hidden\" name=\"_wpcf7_version\" value=\"5.8.7\" \/>\n<input type=\"hidden\" name=\"_wpcf7_locale\" value=\"de_DE\" \/>\n<input type=\"hidden\" name=\"_wpcf7_unit_tag\" value=\"wpcf7-f10615-o1\" \/>\n<input type=\"hidden\" name=\"_wpcf7_container_post\" value=\"0\" \/>\n<input type=\"hidden\" name=\"_wpcf7_posted_data_hash\" value=\"\" \/>\n<input type=\"hidden\" name=\"_wpcf7dtx_version\" value=\"5.0.2\" \/>\n<input type=\"hidden\" name=\"_wpcf7_recaptcha_response\" value=\"\" \/>\n<\/div>\n<div class=\"row\">\n\t<p class=\"col-md-4\"><label>Ihr Name<\/label><span class=\"wpcf7-form-control-wrap\" data-name=\"your-name\"><input size=\"40\" class=\"wpcf7-form-control wpcf7-text wpcf7-validates-as-required\" aria-required=\"true\" aria-invalid=\"false\" value=\"\" type=\"text\" name=\"your-name\" \/><\/span>\n\t<\/p>\n\t<p class=\"col-md-4\"><label>Ihr Email<\/label><span class=\"wpcf7-form-control-wrap\" data-name=\"your-email\"><input size=\"40\" class=\"wpcf7-form-control wpcf7-email wpcf7-validates-as-required wpcf7-text wpcf7-validates-as-email\" aria-required=\"true\" aria-invalid=\"false\" value=\"\" type=\"email\" name=\"your-email\" \/><\/span>\n\t<\/p>\n\t<p class=\"col-md-4\"><label>Ihre Telefonnummer<\/label><span class=\"wpcf7-form-control-wrap\" data-name=\"tel-832\"><input size=\"40\" class=\"wpcf7-form-control wpcf7-tel wpcf7-validates-as-required wpcf7-text wpcf7-validates-as-tel\" aria-required=\"true\" aria-invalid=\"false\" value=\"\" type=\"tel\" name=\"tel-832\" \/><\/span>\n\t<\/p>\n<\/div>\n<div class=\"row\">\n\t<p class=\"col-md-6\"><label>Dienstleistung<\/label><span class=\"wpcf7-form-control-wrap\" data-name=\"menu-808\"><select class=\"wpcf7-form-control wpcf7-select wpcf7-validates-as-required\" aria-required=\"true\" aria-invalid=\"false\" name=\"menu-808\"><option value=\"Ski-Privatunterricht\">Ski-Privatunterricht<\/option><option value=\"Snowboard-Privatunterricht\">Snowboard-Privatunterricht<\/option><option value=\"Freeride &amp; Touren\">Freeride &amp; Touren<\/option><option value=\"Schlittenfahren\">Schlittenfahren<\/option><option value=\"Freistil\">Freistil<\/option><option value=\"F\u00fchrung\">F\u00fchrung<\/option><option value=\"Helikopter-Skifahren\">Helikopter-Skifahren<\/option><\/select><\/span>\n\t<\/p>\n\t<p class=\"col-md-6\"><label>Lesson time<\/label><span class=\"wpcf7-form-control-wrap\" data-name=\"menu-805\"><select class=\"wpcf7-form-control wpcf7-select wpcf7-validates-as-required\" aria-required=\"true\" aria-invalid=\"false\" name=\"menu-805\"><option value=\"Morgens - 2 Stunden- 10:00-12:00\">Morgens - 2 Stunden- 10:00-12:00<\/option><option value=\"Morgens - 3 Stunden - 9:00-12:00\">Morgens - 3 Stunden - 9:00-12:00<\/option><option value=\"Nachmittag - 2 Stunden - 14:00-16:00\">Nachmittag - 2 Stunden - 14:00-16:00<\/option><option value=\"Nachmittag - 3 Stunden - 13:00-16:00\">Nachmittag - 3 Stunden - 13:00-16:00<\/option><option value=\"Ganzen Tag (5 Stunden)\">Ganzen Tag (5 Stunden)<\/option><\/select><\/span>\n\t<\/p>\n<\/div>\n<div class=\"row\">\n\t<p class=\"col-md-4\"><label>Kompetenzniveau<\/label><span class=\"wpcf7-form-control-wrap\" data-name=\"menu-809\"><select class=\"wpcf7-form-control wpcf7-select wpcf7-validates-as-required\" aria-required=\"true\" aria-invalid=\"false\" name=\"menu-809\"><option value=\"Anf\u00e4nger\">Anf\u00e4nger<\/option><option value=\"Dazwischenliegend\">Dazwischenliegend<\/option><option value=\"Experte\">Experte<\/option><\/select><\/span>\n\t<\/p>\n\t<p class=\"col-md-4\"><label>Zus\u00e4tzliche Person<\/label><span class=\"wpcf7-form-control-wrap\" data-name=\"menu-807\"><select class=\"wpcf7-form-control wpcf7-select wpcf7-validates-as-required\" aria-required=\"true\" aria-invalid=\"false\" name=\"menu-807\"><option value=\"0\">0<\/option><option value=\"1\">1<\/option><option value=\"2\">2<\/option><option value=\"3\">3<\/option><option value=\"4\">4<\/option><option value=\"5\">5<\/option><option value=\"6\">6<\/option><option value=\"7\">7<\/option><option value=\"8\">8<\/option><option value=\"9\">9<\/option><option value=\"10\">10<\/option><option value=\"11\">11<\/option><\/select><\/span>\n\t<\/p>\n\t<p class=\"col-md-4\"><label>Datum<\/label><span class=\"wpcf7-form-control-wrap\" data-name=\"date-744\"><input class=\"wpcf7-form-control wpcf7-date wpcf7-validates-as-date\" aria-invalid=\"false\" value=\"\" type=\"date\" name=\"date-744\" \/><\/span>\n\t<\/p>\n<\/div>\n<p><label>Ihre Nachricht<\/label><span class=\"wpcf7-form-control-wrap\" data-name=\"your-message\"><textarea cols=\"40\" rows=\"10\" class=\"wpcf7-form-control wpcf7-textarea\" aria-invalid=\"false\" name=\"your-message\"><\/textarea><\/span>\n<\/p>\n<p><p class=\"cf7ascaptcha\"><input name=\"cf7as_hdn_cpthaval1\" id=\"cf7as_hdn_cpthaval1\" type=\"hidden\" value=\"9\" \/><input name=\"cf7as_hdn_cpthaval2\" id=\"cf7as_hdn_cpthaval2\" type=\"hidden\" value=\"8\" \/><input name=\"cf7as_hdn_cpthaaction\" id=\"cf7as_hdn_cpthaaction\" type=\"hidden\" value=\"+\" \/>Solve: <span class=\"cf7as-firstAct\">8<\/span> +<span class=\"cf7as-firstAct\"> 9<\/span> <br><span class=\"wpcf7-form-control-wrap cf7as-captchcode\" data-name=\"cf7as-captchcode\"> <input type=\"text\" aria-invalid=\"false\" aria-required=\"true\" class=\"wpcf7-form-control wpcf7-text wpcf7-validates-as-required\" size=\"5\" value=\"\" name=\"cf7as-captchcode\" placeholder=\"Type your answer\" style=\"width:200px;margin-bottom:10px;\" oninput=\"this.value = this.value.replace(\/[^0-9.]\/g, '').replace(\/(\\..*)\\.\/g, '$1');\"><\/span><input type=\"hidden\" name=\"cf7as-zplus\" value=\"\"><\/p>\n<\/p>\n<p><input class=\"wpcf7-form-control wpcf7-submit has-spinner btn-color-black\" type=\"submit\" value=\"ANFRAGE ABSENDEN\" \/>\n<\/p><div class=\"wpcf7-response-output\" aria-hidden=\"true\"><\/div>\n<\/form>\n<\/div>\n[\/vc_column][vc_column width=&#8220;1\/6&#8243;][\/vc_column][\/vc_row]<\/p>\n<\/div>","protected":false},"excerpt":{"rendered":"<p>[vc_row][vc_column width=&#8220;1\/6&#8243;][\/vc_column][vc_column width=&#8220;2\/3&#8243;][vc_column_text woodmart_inline=&#8220;no&#8220; text_larger=&#8220;no&#8220;] Sind Sie bereit, beim Skifahren oder Snowboarden neue H\u00f6hen zu erreichen? In der Ski und<\/p>\n","protected":false},"author":3,"featured_media":0,"parent":0,"menu_order":0,"comment_status":"closed","ping_status":"closed","template":"","meta":{"footnotes":""},"yoast_head":"<!-- This site is optimized with the Yoast SEO plugin v22.1 - https:\/\/yoast.com\/wordpress\/plugins\/seo\/ -->\n<title>Freistil - Alexander Gertsch Wengen Ski and Snowboard School Switzerland<\/title>\n<meta name=\"robots\" content=\"index, follow, max-snippet:-1, max-image-preview:large, max-video-preview:-1\" \/>\n<link rel=\"canonical\" href=\"https:\/\/alexgertsch.ch\/freestyle\/\" \/>\n<meta property=\"og:locale\" content=\"de_DE\" \/>\n<meta property=\"og:type\" content=\"article\" \/>\n<meta property=\"og:title\" content=\"Freistil - Alexander Gertsch Wengen Ski and Snowboard School Switzerland\" \/>\n<meta property=\"og:description\" content=\"[vc_row][vc_column width=&#8220;1\/6&#8243;][\/vc_column][vc_column width=&#8220;2\/3&#8243;][vc_column_text woodmart_inline=&#8220;no&#8220; text_larger=&#8220;no&#8220;] Sind Sie bereit, beim Skifahren oder Snowboarden neue H\u00f6hen zu erreichen? In der Ski und\" \/>\n<meta property=\"og:url\" content=\"https:\/\/alexgertsch.ch\/freestyle\/\" \/>\n<meta property=\"og:site_name\" content=\"Alexander Gertsch Wengen Ski and Snowboard School Switzerland\" \/>\n<meta property=\"article:publisher\" content=\"https:\/\/www.facebook.com\/AlexanderGertschMA\" \/>\n<meta property=\"article:modified_time\" content=\"2024-02-23T18:29:20+00:00\" \/>\n<meta name=\"twitter:card\" content=\"summary_large_image\" \/>\n<meta name=\"twitter:label1\" content=\"Gesch\u00e4tzte Lesezeit\" \/>\n\t<meta name=\"twitter:data1\" content=\"2\u00a0Minuten\" \/>\n<script type=\"application\/ld+json\" class=\"yoast-schema-graph\">{\"@context\":\"https:\/\/schema.org\",\"@graph\":[{\"@type\":\"WebPage\",\"@id\":\"https:\/\/alexgertsch.ch\/freestyle\/\",\"url\":\"https:\/\/alexgertsch.ch\/freestyle\/\",\"name\":\"Freistil - Alexander Gertsch Wengen Ski and Snowboard School Switzerland\",\"isPartOf\":{\"@id\":\"https:\/\/alexgertsch.ch\/#website\"},\"datePublished\":\"2023-10-20T16:16:34+00:00\",\"dateModified\":\"2024-02-23T18:29:20+00:00\",\"breadcrumb\":{\"@id\":\"https:\/\/alexgertsch.ch\/freestyle\/#breadcrumb\"},\"inLanguage\":\"de\",\"potentialAction\":[{\"@type\":\"ReadAction\",\"target\":[\"https:\/\/alexgertsch.ch\/freestyle\/\"]}]},{\"@type\":\"BreadcrumbList\",\"@id\":\"https:\/\/alexgertsch.ch\/freestyle\/#breadcrumb\",\"itemListElement\":[{\"@type\":\"ListItem\",\"position\":1,\"name\":\"Home\",\"item\":\"https:\/\/alexgertsch.ch\/\"},{\"@type\":\"ListItem\",\"position\":2,\"name\":\"Freistil\"}]},{\"@type\":\"WebSite\",\"@id\":\"https:\/\/alexgertsch.ch\/#website\",\"url\":\"https:\/\/alexgertsch.ch\/\",\"name\":\"Alexander Gertsch Wengen Ski and Snowboard School Switzerland\",\"description\":\"\",\"publisher\":{\"@id\":\"https:\/\/alexgertsch.ch\/#organization\"},\"potentialAction\":[{\"@type\":\"SearchAction\",\"target\":{\"@type\":\"EntryPoint\",\"urlTemplate\":\"https:\/\/alexgertsch.ch\/?s={search_term_string}\"},\"query-input\":\"required name=search_term_string\"}],\"inLanguage\":\"de\"},{\"@type\":\"Organization\",\"@id\":\"https:\/\/alexgertsch.ch\/#organization\",\"name\":\"Alexander Gertsch Wengen Ski and Snowboard School Switzerland\",\"url\":\"https:\/\/alexgertsch.ch\/\",\"logo\":{\"@type\":\"ImageObject\",\"inLanguage\":\"de\",\"@id\":\"https:\/\/alexgertsch.ch\/#\/schema\/logo\/image\/\",\"url\":\"https:\/\/alexgertsch.ch\/wp-content\/uploads\/2022\/12\/Wengen2.png\",\"contentUrl\":\"https:\/\/alexgertsch.ch\/wp-content\/uploads\/2022\/12\/Wengen2.png\",\"width\":351,\"height\":274,\"caption\":\"Alexander Gertsch Wengen Ski and Snowboard School Switzerland\"},\"image\":{\"@id\":\"https:\/\/alexgertsch.ch\/#\/schema\/logo\/image\/\"},\"sameAs\":[\"https:\/\/www.facebook.com\/AlexanderGertschMA\",\"https:\/\/www.youtube.com\/@alexandergertschwengenskis2693\",\"https:\/\/www.instagram.com\/alexandergertsch\/\"]}]}<\/script>\n<!-- \/ Yoast SEO plugin. -->","yoast_head_json":{"title":"Freistil - Alexander Gertsch Wengen Ski and Snowboard School Switzerland","robots":{"index":"index","follow":"follow","max-snippet":"max-snippet:-1","max-image-preview":"max-image-preview:large","max-video-preview":"max-video-preview:-1"},"canonical":"https:\/\/alexgertsch.ch\/freestyle\/","og_locale":"de_DE","og_type":"article","og_title":"Freistil - Alexander Gertsch Wengen Ski and Snowboard School Switzerland","og_description":"[vc_row][vc_column width=&#8220;1\/6&#8243;][\/vc_column][vc_column width=&#8220;2\/3&#8243;][vc_column_text woodmart_inline=&#8220;no&#8220; text_larger=&#8220;no&#8220;] Sind Sie bereit, beim Skifahren oder Snowboarden neue H\u00f6hen zu erreichen? In der Ski und","og_url":"https:\/\/alexgertsch.ch\/freestyle\/","og_site_name":"Alexander Gertsch Wengen Ski and Snowboard School Switzerland","article_publisher":"https:\/\/www.facebook.com\/AlexanderGertschMA","article_modified_time":"2024-02-23T18:29:20+00:00","twitter_card":"summary_large_image","twitter_misc":{"Gesch\u00e4tzte Lesezeit":"2\u00a0Minuten"},"schema":{"@context":"https:\/\/schema.org","@graph":[{"@type":"WebPage","@id":"https:\/\/alexgertsch.ch\/freestyle\/","url":"https:\/\/alexgertsch.ch\/freestyle\/","name":"Freistil - Alexander Gertsch Wengen Ski and Snowboard School Switzerland","isPartOf":{"@id":"https:\/\/alexgertsch.ch\/#website"},"datePublished":"2023-10-20T16:16:34+00:00","dateModified":"2024-02-23T18:29:20+00:00","breadcrumb":{"@id":"https:\/\/alexgertsch.ch\/freestyle\/#breadcrumb"},"inLanguage":"de","potentialAction":[{"@type":"ReadAction","target":["https:\/\/alexgertsch.ch\/freestyle\/"]}]},{"@type":"BreadcrumbList","@id":"https:\/\/alexgertsch.ch\/freestyle\/#breadcrumb","itemListElement":[{"@type":"ListItem","position":1,"name":"Home","item":"https:\/\/alexgertsch.ch\/"},{"@type":"ListItem","position":2,"name":"Freistil"}]},{"@type":"WebSite","@id":"https:\/\/alexgertsch.ch\/#website","url":"https:\/\/alexgertsch.ch\/","name":"Alexander Gertsch Wengen Ski and Snowboard School Switzerland","description":"","publisher":{"@id":"https:\/\/alexgertsch.ch\/#organization"},"potentialAction":[{"@type":"SearchAction","target":{"@type":"EntryPoint","urlTemplate":"https:\/\/alexgertsch.ch\/?s={search_term_string}"},"query-input":"required name=search_term_string"}],"inLanguage":"de"},{"@type":"Organization","@id":"https:\/\/alexgertsch.ch\/#organization","name":"Alexander Gertsch Wengen Ski and Snowboard School Switzerland","url":"https:\/\/alexgertsch.ch\/","logo":{"@type":"ImageObject","inLanguage":"de","@id":"https:\/\/alexgertsch.ch\/#\/schema\/logo\/image\/","url":"https:\/\/alexgertsch.ch\/wp-content\/uploads\/2022\/12\/Wengen2.png","contentUrl":"https:\/\/alexgertsch.ch\/wp-content\/uploads\/2022\/12\/Wengen2.png","width":351,"height":274,"caption":"Alexander Gertsch Wengen Ski and Snowboard School Switzerland"},"image":{"@id":"https:\/\/alexgertsch.ch\/#\/schema\/logo\/image\/"},"sameAs":["https:\/\/www.facebook.com\/AlexanderGertschMA","https:\/\/www.youtube.com\/@alexandergertschwengenskis2693","https:\/\/www.instagram.com\/alexandergertsch\/"]}]}},"jetpack_sharing_enabled":true,"_links":{"self":[{"href":"https:\/\/alexgertsch.ch\/de\/wp-json\/wp\/v2\/pages\/10575"}],"collection":[{"href":"https:\/\/alexgertsch.ch\/de\/wp-json\/wp\/v2\/pages"}],"about":[{"href":"https:\/\/alexgertsch.ch\/de\/wp-json\/wp\/v2\/types\/page"}],"author":[{"embeddable":true,"href":"https:\/\/alexgertsch.ch\/de\/wp-json\/wp\/v2\/users\/3"}],"replies":[{"embeddable":true,"href":"https:\/\/alexgertsch.ch\/de\/wp-json\/wp\/v2\/comments?post=10575"}],"version-history":[{"count":2,"href":"https:\/\/alexgertsch.ch\/de\/wp-json\/wp\/v2\/pages\/10575\/revisions"}],"predecessor-version":[{"id":10634,"href":"https:\/\/alexgertsch.ch\/de\/wp-json\/wp\/v2\/pages\/10575\/revisions\/10634"}],"wp:attachment":[{"href":"https:\/\/alexgertsch.ch\/de\/wp-json\/wp\/v2\/media?parent=10575"}],"curies":[{"name":"wp","href":"https:\/\/api.w.org\/{rel}","templated":true}]}}