{"id":10579,"date":"2023-10-20T16:02:22","date_gmt":"2023-10-20T16:02:22","guid":{"rendered":"https:\/\/alexgertsch.ch\/?page_id=10579"},"modified":"2024-02-23T18:30:00","modified_gmt":"2024-02-23T18:30:00","slug":"helikopter-skifahren","status":"publish","type":"page","link":"https:\/\/alexgertsch.ch\/de\/helikopter-skifahren\/","title":{"rendered":"Helikopter-Skifahren"},"content":{"rendered":"<div class=\"wpb-content-wrapper\"><p>[vc_row][vc_column width=&#8220;1\/6&#8243;][\/vc_column][vc_column width=&#8220;2\/3&#8243;][vc_column_text woodmart_inline=&#8220;no&#8220; text_larger=&#8220;no&#8220;]<\/p>\n<h2>Helikopter-Skifahren: \u00dcberwinden Sie Grenzen mit der Ski und Snowboardschule Alexander Gertsch Wengen<\/h2>\n<blockquote><p>F\u00fcr diejenigen, die den Inbegriff des Skiabenteuers suchen, ist Heliskiing unvergleichlich.<\/p><\/blockquote>\n<p>Stellen Sie sich vor, Sie erreichen abgelegene Gebiete, unber\u00fchrte H\u00e4nge und unber\u00fchrten Pulverschnee, ohne stundenlang anspruchsvolles Gel\u00e4nde erklimmen zu m\u00fcssen. In der Ski und Snowboardschule Alexander Gertsch Wengen bieten wir das ultimative Heliskiing-Erlebnis, indem wir Helikoptertransporte, grundlegendes Training und fachkundige Anleitung in einigen der atemberaubendsten Backcountry-Gebiete der Schweizer Alpen anbieten.[\/vc_column_text][\/vc_column][vc_column width=&#8220;1\/6&#8243;][\/vc_column][\/vc_row][vc_row full_height=&#8220;yes&#8220; content_placement=&#8220;middle&#8220; woodmart_css_id=&#8220;65aa8d9cea2a4&#8243; responsive_spacing=&#8220;eyJwYXJhbV90eXBlIjoid29vZG1hcnRfcmVzcG9uc2l2ZV9zcGFjaW5nIiwic2VsZWN0b3JfaWQiOiI2NWFhOGQ5Y2VhMmE0Iiwic2hvcnRjb2RlIjoidmNfcm93IiwiZGF0YSI6eyJ0YWJsZXQiOnt9LCJtb2JpbGUiOnt9fX0=&#8220; mobile_bg_img_hidden=&#8220;no&#8220; tablet_bg_img_hidden=&#8220;no&#8220; woodmart_parallax=&#8220;0&#8243; woodmart_gradient_switch=&#8220;no&#8220; woodmart_box_shadow=&#8220;no&#8220; wd_z_index=&#8220;no&#8220; woodmart_disable_overflow=&#8220;0&#8243; row_reverse_mobile=&#8220;0&#8243; row_reverse_tablet=&#8220;0&#8243;][vc_column width=&#8220;1\/6&#8243;][\/vc_column][vc_column width=&#8220;1\/3&#8243;][vc_column_text woodmart_inline=&#8220;no&#8220; text_larger=&#8220;no&#8220;]<\/p>\n<h2>Warum sollten Sie sich f\u00fcr Helikopter-Skifahren mit uns entscheiden?<\/h2>\n<ul>\n<li><strong>Unber\u00fchrtes Gel\u00e4nde:<\/strong> Beim Heliskiing k\u00f6nnen Sie Pisten und Pulverschnee erkunden, die mit herk\u00f6mmlichen Liften nicht erreichbar sind. Erleben Sie den Nervenkitzel unber\u00fchrten Gel\u00e4ndes und ziehen Sie frische Spuren im unber\u00fchrten Schnee.<\/li>\n<li><strong>M\u00fcheloser Zugang:<\/strong> Verabschieden Sie sich von anstrengenden Anstiegen. Hubschrauber erm\u00f6glichen den m\u00fchelosen Zugang zu abgelegenen und atemberaubenden Orten und maximieren Ihre Zeit f\u00fcr aufregende Abfl\u00fcge.<\/li>\n<li><strong>Fachkundige Anleitung:<\/strong> Unsere erfahrenen Instruktoren sorgen daf\u00fcr, dass Ihr Heliskiing-Abenteuer nicht nur aufregend, sondern auch sicher ist. Profitieren Sie von fachkundiger Anleitung, w\u00e4hrend Sie die Herausforderungen des Backcountry-Skifahrens meistern.<\/li>\n<\/ul>\n<p>[\/vc_column_text][\/vc_column][vc_column width=&#8220;1\/3&#8243;]\t\t<div id=\"wd-65aac3754490e\" class=\"wd-image wd-wpb wd-rs-65aac3754490e text-center \">\n\t\t\t\n\t\t\t<img loading=\"lazy\" decoding=\"async\" width=\"600\" height=\"800\" src=\"https:\/\/alexgertsch.ch\/wp-content\/uploads\/2024\/01\/heliskiing-alex-gertsch-wengen.jpg\" class=\"attachment-full size-full\" alt=\"\" srcset=\"https:\/\/alexgertsch.ch\/wp-content\/uploads\/2024\/01\/heliskiing-alex-gertsch-wengen.jpg 600w, https:\/\/alexgertsch.ch\/wp-content\/uploads\/2024\/01\/heliskiing-alex-gertsch-wengen-225x300.jpg 225w, https:\/\/alexgertsch.ch\/wp-content\/uploads\/2024\/01\/heliskiing-alex-gertsch-wengen-430x573.jpg 430w, https:\/\/alexgertsch.ch\/wp-content\/uploads\/2024\/01\/heliskiing-alex-gertsch-wengen-150x200.jpg 150w\" sizes=\"(max-width: 600px) 100vw, 600px\" \/>\n\t\t\t\t\t<\/div>\n\t\t[\/vc_column][vc_column width=&#8220;1\/6&#8243;][\/vc_column][\/vc_row][vc_row][vc_column width=&#8220;1\/6&#8243;][\/vc_column][vc_column width=&#8220;2\/3&#8243;][vc_column_text woodmart_inline=&#8220;no&#8220; text_larger=&#8220;no&#8220;]<\/p>\n<h2>Ein einmaliges Erlebnis:<\/h2>\n<blockquote><p>F\u00fcr ein wirklich unvergessliches und einmaliges Erlebnis beinhalten unsere Heliskiing-Pakete alles, was Sie brauchen.<\/p><\/blockquote>\n<p>Von der Organisation des Helikoptertransports bis hin zur Bereitstellung der notwendigen Schulung und fachkundigen Anleitung sorgen wir daf\u00fcr, dass Ihr Abenteuer in den Schweizer Alpen einfach au\u00dfergew\u00f6hnlich wird.[\/vc_column_text][vc_video link=&#8220;https:\/\/www.youtube.com\/watch?v=h3Bl_5DOuDI&#8220; woodmart_css_id=&#8220;65aac3e041ce8&#8243; image_poster_switch=&#8220;no&#8220;][vc_column_text woodmart_inline=&#8220;no&#8220; text_larger=&#8220;no&#8220;]<\/p>\n<h2>Begeben Sie sich auf das Au\u00dfergew\u00f6hnliche:<\/h2>\n<p>Sind Sie bereit, Ihr Skiabenteuer auf ein neues Niveau zu heben? Buchen Sie Ihr Heliskiing-Erlebnis bei der Ski und Snowboardschule Alexander Gertsch Wengen und erheben Sie sich \u00fcber das Gew\u00f6hnliche, w\u00e4hrend Sie durch das unber\u00fchrte Hinterland der Schweizer Alpen carven.[\/vc_column_text][\/vc_column][vc_column width=&#8220;1\/6&#8243;][\/vc_column][\/vc_row][vc_row][vc_column width=&#8220;1\/6&#8243;][\/vc_column][vc_column width=&#8220;2\/3&#8243;]\n\t\t<div id=\"wd-65d8be853ea96\" class=\"title-wrapper wd-wpb set-mb-s reset-last-child  wd-rs-65d8be853ea96 wd-title-color-default wd-title-style-default text-left  wd-underline-colored\">\n\t\t\t\n\t\t\t<div class=\"liner-continer\">\n\t\t\t\t<h4 class=\"woodmart-title-container title  wd-font-weight- wd-fontsize-l\" >Buchen Sie noch heute Ihr Heliskiing!<\/h4>\n\t\t\t\t\t\t\t<\/div>\n\t\t\t\n\t\t\t\n\t\t\t\n\t\t<\/div>\n\t\t\n\t\t\n<div class=\"wpcf7 no-js\" id=\"wpcf7-f10615-o1\" lang=\"de-DE\" dir=\"ltr\">\n<div class=\"screen-reader-response\"><p role=\"status\" aria-live=\"polite\" aria-atomic=\"true\"><\/p> <ul><\/ul><\/div>\n<form action=\"\/de\/wp-json\/wp\/v2\/pages\/10579#wpcf7-f10615-o1\" method=\"post\" class=\"wpcf7-form init\" aria-label=\"Kontaktformular\" novalidate=\"novalidate\" data-status=\"init\">\n<div style=\"display: none;\">\n<input type=\"hidden\" name=\"_wpcf7\" value=\"10615\" \/>\n<input type=\"hidden\" name=\"_wpcf7_version\" value=\"5.8.7\" \/>\n<input type=\"hidden\" name=\"_wpcf7_locale\" value=\"de_DE\" \/>\n<input type=\"hidden\" name=\"_wpcf7_unit_tag\" value=\"wpcf7-f10615-o1\" \/>\n<input type=\"hidden\" name=\"_wpcf7_container_post\" value=\"0\" \/>\n<input type=\"hidden\" name=\"_wpcf7_posted_data_hash\" value=\"\" \/>\n<input type=\"hidden\" name=\"_wpcf7dtx_version\" value=\"5.0.2\" \/>\n<input type=\"hidden\" name=\"_wpcf7_recaptcha_response\" value=\"\" \/>\n<\/div>\n<div class=\"row\">\n\t<p class=\"col-md-4\"><label>Ihr Name<\/label><span class=\"wpcf7-form-control-wrap\" data-name=\"your-name\"><input size=\"40\" class=\"wpcf7-form-control wpcf7-text wpcf7-validates-as-required\" aria-required=\"true\" aria-invalid=\"false\" value=\"\" type=\"text\" name=\"your-name\" \/><\/span>\n\t<\/p>\n\t<p class=\"col-md-4\"><label>Ihr Email<\/label><span class=\"wpcf7-form-control-wrap\" data-name=\"your-email\"><input size=\"40\" class=\"wpcf7-form-control wpcf7-email wpcf7-validates-as-required wpcf7-text wpcf7-validates-as-email\" aria-required=\"true\" aria-invalid=\"false\" value=\"\" type=\"email\" name=\"your-email\" \/><\/span>\n\t<\/p>\n\t<p class=\"col-md-4\"><label>Ihre Telefonnummer<\/label><span class=\"wpcf7-form-control-wrap\" data-name=\"tel-832\"><input size=\"40\" class=\"wpcf7-form-control wpcf7-tel wpcf7-validates-as-required wpcf7-text wpcf7-validates-as-tel\" aria-required=\"true\" aria-invalid=\"false\" value=\"\" type=\"tel\" name=\"tel-832\" \/><\/span>\n\t<\/p>\n<\/div>\n<div class=\"row\">\n\t<p class=\"col-md-6\"><label>Dienstleistung<\/label><span class=\"wpcf7-form-control-wrap\" data-name=\"menu-808\"><select class=\"wpcf7-form-control wpcf7-select wpcf7-validates-as-required\" aria-required=\"true\" aria-invalid=\"false\" name=\"menu-808\"><option value=\"Ski-Privatunterricht\">Ski-Privatunterricht<\/option><option value=\"Snowboard-Privatunterricht\">Snowboard-Privatunterricht<\/option><option value=\"Freeride &amp; Touren\">Freeride &amp; Touren<\/option><option value=\"Schlittenfahren\">Schlittenfahren<\/option><option value=\"Freistil\">Freistil<\/option><option value=\"F\u00fchrung\">F\u00fchrung<\/option><option value=\"Helikopter-Skifahren\">Helikopter-Skifahren<\/option><\/select><\/span>\n\t<\/p>\n\t<p class=\"col-md-6\"><label>Lesson time<\/label><span class=\"wpcf7-form-control-wrap\" data-name=\"menu-805\"><select class=\"wpcf7-form-control wpcf7-select wpcf7-validates-as-required\" aria-required=\"true\" aria-invalid=\"false\" name=\"menu-805\"><option value=\"Morgens - 2 Stunden- 10:00-12:00\">Morgens - 2 Stunden- 10:00-12:00<\/option><option value=\"Morgens - 3 Stunden - 9:00-12:00\">Morgens - 3 Stunden - 9:00-12:00<\/option><option value=\"Nachmittag - 2 Stunden - 14:00-16:00\">Nachmittag - 2 Stunden - 14:00-16:00<\/option><option value=\"Nachmittag - 3 Stunden - 13:00-16:00\">Nachmittag - 3 Stunden - 13:00-16:00<\/option><option value=\"Ganzen Tag (5 Stunden)\">Ganzen Tag (5 Stunden)<\/option><\/select><\/span>\n\t<\/p>\n<\/div>\n<div class=\"row\">\n\t<p class=\"col-md-4\"><label>Kompetenzniveau<\/label><span class=\"wpcf7-form-control-wrap\" data-name=\"menu-809\"><select class=\"wpcf7-form-control wpcf7-select wpcf7-validates-as-required\" aria-required=\"true\" aria-invalid=\"false\" name=\"menu-809\"><option value=\"Anf\u00e4nger\">Anf\u00e4nger<\/option><option value=\"Dazwischenliegend\">Dazwischenliegend<\/option><option value=\"Experte\">Experte<\/option><\/select><\/span>\n\t<\/p>\n\t<p class=\"col-md-4\"><label>Zus\u00e4tzliche Person<\/label><span class=\"wpcf7-form-control-wrap\" data-name=\"menu-807\"><select class=\"wpcf7-form-control wpcf7-select wpcf7-validates-as-required\" aria-required=\"true\" aria-invalid=\"false\" name=\"menu-807\"><option value=\"0\">0<\/option><option value=\"1\">1<\/option><option value=\"2\">2<\/option><option value=\"3\">3<\/option><option value=\"4\">4<\/option><option value=\"5\">5<\/option><option value=\"6\">6<\/option><option value=\"7\">7<\/option><option value=\"8\">8<\/option><option value=\"9\">9<\/option><option value=\"10\">10<\/option><option value=\"11\">11<\/option><\/select><\/span>\n\t<\/p>\n\t<p class=\"col-md-4\"><label>Datum<\/label><span class=\"wpcf7-form-control-wrap\" data-name=\"date-744\"><input class=\"wpcf7-form-control wpcf7-date wpcf7-validates-as-date\" aria-invalid=\"false\" value=\"\" type=\"date\" name=\"date-744\" \/><\/span>\n\t<\/p>\n<\/div>\n<p><label>Ihre Nachricht<\/label><span class=\"wpcf7-form-control-wrap\" data-name=\"your-message\"><textarea cols=\"40\" rows=\"10\" class=\"wpcf7-form-control wpcf7-textarea\" aria-invalid=\"false\" name=\"your-message\"><\/textarea><\/span>\n<\/p>\n<p><p class=\"cf7ascaptcha\"><input name=\"cf7as_hdn_cpthaval1\" id=\"cf7as_hdn_cpthaval1\" type=\"hidden\" value=\"6\" \/><input name=\"cf7as_hdn_cpthaval2\" id=\"cf7as_hdn_cpthaval2\" type=\"hidden\" value=\"4\" \/><input name=\"cf7as_hdn_cpthaaction\" id=\"cf7as_hdn_cpthaaction\" type=\"hidden\" value=\"+\" \/>Solve: <span class=\"cf7as-firstAct\">4<\/span> +<span class=\"cf7as-firstAct\"> 6<\/span> <br><span class=\"wpcf7-form-control-wrap cf7as-captchcode\" data-name=\"cf7as-captchcode\"> <input type=\"text\" aria-invalid=\"false\" aria-required=\"true\" class=\"wpcf7-form-control wpcf7-text wpcf7-validates-as-required\" size=\"5\" value=\"\" name=\"cf7as-captchcode\" placeholder=\"Type your answer\" style=\"width:200px;margin-bottom:10px;\" oninput=\"this.value = this.value.replace(\/[^0-9.]\/g, '').replace(\/(\\..*)\\.\/g, '$1');\"><\/span><input type=\"hidden\" name=\"cf7as-zplus\" value=\"\"><\/p>\n<\/p>\n<p><input class=\"wpcf7-form-control wpcf7-submit has-spinner btn-color-black\" type=\"submit\" value=\"ANFRAGE ABSENDEN\" \/>\n<\/p><div class=\"wpcf7-response-output\" aria-hidden=\"true\"><\/div>\n<\/form>\n<\/div>\n[\/vc_column][vc_column width=&#8220;1\/6&#8243;][\/vc_column][\/vc_row]<\/p>\n<\/div>","protected":false},"excerpt":{"rendered":"<p>[vc_row][vc_column width=&#8220;1\/6&#8243;][\/vc_column][vc_column width=&#8220;2\/3&#8243;][vc_column_text woodmart_inline=&#8220;no&#8220; text_larger=&#8220;no&#8220;] Helikopter-Skifahren: \u00dcberwinden Sie Grenzen mit der Ski und Snowboardschule Alexander Gertsch Wengen F\u00fcr diejenigen, die<\/p>\n","protected":false},"author":3,"featured_media":0,"parent":0,"menu_order":0,"comment_status":"closed","ping_status":"closed","template":"","meta":{"footnotes":""},"yoast_head":"<!-- This site is optimized with the Yoast SEO plugin v22.1 - https:\/\/yoast.com\/wordpress\/plugins\/seo\/ -->\n<title>Helikopter-Skifahren - Alexander Gertsch Wengen Ski and Snowboard School Switzerland<\/title>\n<meta name=\"robots\" content=\"index, follow, max-snippet:-1, max-image-preview:large, max-video-preview:-1\" \/>\n<link rel=\"canonical\" href=\"https:\/\/alexgertsch.ch\/helicopter-skiing\/\" \/>\n<meta property=\"og:locale\" content=\"de_DE\" \/>\n<meta property=\"og:type\" content=\"article\" \/>\n<meta property=\"og:title\" content=\"Helikopter-Skifahren - Alexander Gertsch Wengen Ski and Snowboard School Switzerland\" \/>\n<meta property=\"og:description\" content=\"[vc_row][vc_column width=&#8220;1\/6&#8243;][\/vc_column][vc_column width=&#8220;2\/3&#8243;][vc_column_text woodmart_inline=&#8220;no&#8220; text_larger=&#8220;no&#8220;] Helikopter-Skifahren: \u00dcberwinden Sie Grenzen mit der Ski und Snowboardschule Alexander Gertsch Wengen F\u00fcr diejenigen, die\" \/>\n<meta property=\"og:url\" content=\"https:\/\/alexgertsch.ch\/helicopter-skiing\/\" \/>\n<meta property=\"og:site_name\" content=\"Alexander Gertsch Wengen Ski and Snowboard School Switzerland\" \/>\n<meta property=\"article:publisher\" content=\"https:\/\/www.facebook.com\/AlexanderGertschMA\" \/>\n<meta property=\"article:modified_time\" content=\"2024-02-23T18:30:00+00:00\" \/>\n<meta name=\"twitter:card\" content=\"summary_large_image\" \/>\n<meta name=\"twitter:label1\" content=\"Gesch\u00e4tzte Lesezeit\" \/>\n\t<meta name=\"twitter:data1\" content=\"2\u00a0Minuten\" \/>\n<script type=\"application\/ld+json\" class=\"yoast-schema-graph\">{\"@context\":\"https:\/\/schema.org\",\"@graph\":[{\"@type\":\"WebPage\",\"@id\":\"https:\/\/alexgertsch.ch\/helicopter-skiing\/\",\"url\":\"https:\/\/alexgertsch.ch\/helicopter-skiing\/\",\"name\":\"Helikopter-Skifahren - Alexander Gertsch Wengen Ski and Snowboard School Switzerland\",\"isPartOf\":{\"@id\":\"https:\/\/alexgertsch.ch\/#website\"},\"datePublished\":\"2023-10-20T16:02:22+00:00\",\"dateModified\":\"2024-02-23T18:30:00+00:00\",\"breadcrumb\":{\"@id\":\"https:\/\/alexgertsch.ch\/helicopter-skiing\/#breadcrumb\"},\"inLanguage\":\"de\",\"potentialAction\":[{\"@type\":\"ReadAction\",\"target\":[\"https:\/\/alexgertsch.ch\/helicopter-skiing\/\"]}]},{\"@type\":\"BreadcrumbList\",\"@id\":\"https:\/\/alexgertsch.ch\/helicopter-skiing\/#breadcrumb\",\"itemListElement\":[{\"@type\":\"ListItem\",\"position\":1,\"name\":\"Home\",\"item\":\"https:\/\/alexgertsch.ch\/\"},{\"@type\":\"ListItem\",\"position\":2,\"name\":\"Helikopter-Skifahren\"}]},{\"@type\":\"WebSite\",\"@id\":\"https:\/\/alexgertsch.ch\/#website\",\"url\":\"https:\/\/alexgertsch.ch\/\",\"name\":\"Alexander Gertsch Wengen Ski and Snowboard School Switzerland\",\"description\":\"\",\"publisher\":{\"@id\":\"https:\/\/alexgertsch.ch\/#organization\"},\"potentialAction\":[{\"@type\":\"SearchAction\",\"target\":{\"@type\":\"EntryPoint\",\"urlTemplate\":\"https:\/\/alexgertsch.ch\/?s={search_term_string}\"},\"query-input\":\"required name=search_term_string\"}],\"inLanguage\":\"de\"},{\"@type\":\"Organization\",\"@id\":\"https:\/\/alexgertsch.ch\/#organization\",\"name\":\"Alexander Gertsch Wengen Ski and Snowboard School Switzerland\",\"url\":\"https:\/\/alexgertsch.ch\/\",\"logo\":{\"@type\":\"ImageObject\",\"inLanguage\":\"de\",\"@id\":\"https:\/\/alexgertsch.ch\/#\/schema\/logo\/image\/\",\"url\":\"https:\/\/alexgertsch.ch\/wp-content\/uploads\/2022\/12\/Wengen2.png\",\"contentUrl\":\"https:\/\/alexgertsch.ch\/wp-content\/uploads\/2022\/12\/Wengen2.png\",\"width\":351,\"height\":274,\"caption\":\"Alexander Gertsch Wengen Ski and Snowboard School Switzerland\"},\"image\":{\"@id\":\"https:\/\/alexgertsch.ch\/#\/schema\/logo\/image\/\"},\"sameAs\":[\"https:\/\/www.facebook.com\/AlexanderGertschMA\",\"https:\/\/www.youtube.com\/@alexandergertschwengenskis2693\",\"https:\/\/www.instagram.com\/alexandergertsch\/\"]}]}<\/script>\n<!-- \/ Yoast SEO plugin. -->","yoast_head_json":{"title":"Helikopter-Skifahren - Alexander Gertsch Wengen Ski and Snowboard School Switzerland","robots":{"index":"index","follow":"follow","max-snippet":"max-snippet:-1","max-image-preview":"max-image-preview:large","max-video-preview":"max-video-preview:-1"},"canonical":"https:\/\/alexgertsch.ch\/helicopter-skiing\/","og_locale":"de_DE","og_type":"article","og_title":"Helikopter-Skifahren - Alexander Gertsch Wengen Ski and Snowboard School Switzerland","og_description":"[vc_row][vc_column width=&#8220;1\/6&#8243;][\/vc_column][vc_column width=&#8220;2\/3&#8243;][vc_column_text woodmart_inline=&#8220;no&#8220; text_larger=&#8220;no&#8220;] Helikopter-Skifahren: \u00dcberwinden Sie Grenzen mit der Ski und Snowboardschule Alexander Gertsch Wengen F\u00fcr diejenigen, die","og_url":"https:\/\/alexgertsch.ch\/helicopter-skiing\/","og_site_name":"Alexander Gertsch Wengen Ski and Snowboard School Switzerland","article_publisher":"https:\/\/www.facebook.com\/AlexanderGertschMA","article_modified_time":"2024-02-23T18:30:00+00:00","twitter_card":"summary_large_image","twitter_misc":{"Gesch\u00e4tzte Lesezeit":"2\u00a0Minuten"},"schema":{"@context":"https:\/\/schema.org","@graph":[{"@type":"WebPage","@id":"https:\/\/alexgertsch.ch\/helicopter-skiing\/","url":"https:\/\/alexgertsch.ch\/helicopter-skiing\/","name":"Helikopter-Skifahren - Alexander Gertsch Wengen Ski and Snowboard School Switzerland","isPartOf":{"@id":"https:\/\/alexgertsch.ch\/#website"},"datePublished":"2023-10-20T16:02:22+00:00","dateModified":"2024-02-23T18:30:00+00:00","breadcrumb":{"@id":"https:\/\/alexgertsch.ch\/helicopter-skiing\/#breadcrumb"},"inLanguage":"de","potentialAction":[{"@type":"ReadAction","target":["https:\/\/alexgertsch.ch\/helicopter-skiing\/"]}]},{"@type":"BreadcrumbList","@id":"https:\/\/alexgertsch.ch\/helicopter-skiing\/#breadcrumb","itemListElement":[{"@type":"ListItem","position":1,"name":"Home","item":"https:\/\/alexgertsch.ch\/"},{"@type":"ListItem","position":2,"name":"Helikopter-Skifahren"}]},{"@type":"WebSite","@id":"https:\/\/alexgertsch.ch\/#website","url":"https:\/\/alexgertsch.ch\/","name":"Alexander Gertsch Wengen Ski and Snowboard School Switzerland","description":"","publisher":{"@id":"https:\/\/alexgertsch.ch\/#organization"},"potentialAction":[{"@type":"SearchAction","target":{"@type":"EntryPoint","urlTemplate":"https:\/\/alexgertsch.ch\/?s={search_term_string}"},"query-input":"required name=search_term_string"}],"inLanguage":"de"},{"@type":"Organization","@id":"https:\/\/alexgertsch.ch\/#organization","name":"Alexander Gertsch Wengen Ski and Snowboard School Switzerland","url":"https:\/\/alexgertsch.ch\/","logo":{"@type":"ImageObject","inLanguage":"de","@id":"https:\/\/alexgertsch.ch\/#\/schema\/logo\/image\/","url":"https:\/\/alexgertsch.ch\/wp-content\/uploads\/2022\/12\/Wengen2.png","contentUrl":"https:\/\/alexgertsch.ch\/wp-content\/uploads\/2022\/12\/Wengen2.png","width":351,"height":274,"caption":"Alexander Gertsch Wengen Ski and Snowboard School Switzerland"},"image":{"@id":"https:\/\/alexgertsch.ch\/#\/schema\/logo\/image\/"},"sameAs":["https:\/\/www.facebook.com\/AlexanderGertschMA","https:\/\/www.youtube.com\/@alexandergertschwengenskis2693","https:\/\/www.instagram.com\/alexandergertsch\/"]}]}},"jetpack_sharing_enabled":true,"_links":{"self":[{"href":"https:\/\/alexgertsch.ch\/de\/wp-json\/wp\/v2\/pages\/10579"}],"collection":[{"href":"https:\/\/alexgertsch.ch\/de\/wp-json\/wp\/v2\/pages"}],"about":[{"href":"https:\/\/alexgertsch.ch\/de\/wp-json\/wp\/v2\/types\/page"}],"author":[{"embeddable":true,"href":"https:\/\/alexgertsch.ch\/de\/wp-json\/wp\/v2\/users\/3"}],"replies":[{"embeddable":true,"href":"https:\/\/alexgertsch.ch\/de\/wp-json\/wp\/v2\/comments?post=10579"}],"version-history":[{"count":2,"href":"https:\/\/alexgertsch.ch\/de\/wp-json\/wp\/v2\/pages\/10579\/revisions"}],"predecessor-version":[{"id":10638,"href":"https:\/\/alexgertsch.ch\/de\/wp-json\/wp\/v2\/pages\/10579\/revisions\/10638"}],"wp:attachment":[{"href":"https:\/\/alexgertsch.ch\/de\/wp-json\/wp\/v2\/media?parent=10579"}],"curies":[{"name":"wp","href":"https:\/\/api.w.org\/{rel}","templated":true}]}}