{"id":10583,"date":"2024-02-09T14:19:55","date_gmt":"2024-02-09T14:19:55","guid":{"rendered":"https:\/\/alexgertsch.ch\/?page_id=10583"},"modified":"2024-02-23T15:58:21","modified_gmt":"2024-02-23T15:58:21","slug":"datenschutzrichtlinie","status":"publish","type":"page","link":"https:\/\/alexgertsch.ch\/de\/datenschutzrichtlinie\/","title":{"rendered":"Datenschutzrichtlinie"},"content":{"rendered":"<div class=\"wpb-content-wrapper\"><p>[vc_row][vc_column width=&#8220;1\/6&#8243;][\/vc_column][vc_column width=&#8220;2\/3&#8243;][vc_column_text woodmart_inline=&#8220;no&#8220; text_larger=&#8220;no&#8220;]Wir legen gr\u00f6\u00dften Wert auf den Schutz Ihrer personenbezogenen Daten. Wir verarbeiten Ihre Daten daher ausschlie\u00dflich auf Grundlage der gesetzlichen Bestimmungen (DSGVO, Telekommunikationsgesetz 2003). In diesen Datenschutzhinweisen informieren wir Sie \u00fcber die wichtigsten Aspekte der Datenverarbeitung im Rahmen unserer Website.<\/p>\n<div class=\"container\">\n<div id=\"c203\" class=\" frame frame-default frame-type-text frame-layout-0\">\n<h3>Uns kontaktieren<\/h3>\n<p>Bei Ihrer Kontaktaufnahme mit uns per Formular auf der Website oder per E-Mail werden die von Ihnen eingegebenen Daten zwecks Bearbeitung der Anfrage sowie f\u00fcr den Fall, dass noch Anschlussfragen an uns entstehen, gespeichert. Diese Daten geben wir nicht ohne Ihre Einwilligung weiter.<\/p>\n<h3>Speicherung von Daten<\/h3>\n<p>Wir weisen Sie darauf hin, dass wir zum Zweck des einfacheren Einkaufsvorganges und zur sp\u00e4teren Vertragsabwicklung durch den Webshop-Betreiber unter Verwendung von Cookies die IP-Daten des Abonnenten, aber auch Name, Adresse, Telefonnummer usw. speichern -E-Mail-Adresse und Kreditkartennummer sowie weitere vom Rechnungsempf\u00e4nger angegebene Daten.<\/p>\n<p>Dar\u00fcber hinaus werden zum Zweck der Vertragsabwicklung die personenbezogenen Daten (Name, Adresse, Geburtsdatum, Telefonnummer etc.) des Leistungsempf\u00e4ngers gespeichert. Die von Ihnen bereit gestellten Daten sind zur Vertragserf\u00fcllung und zur Durchf\u00fchrung vorvertraglicher Ma\u00dfnahmen erforderlich. Ohne diese Daten k\u00f6nnen wir den Vertrag mit Ihnen nicht abschlie\u00dfen. Eine Daten\u00fcbermittlung an Dritte findet nicht statt, mit Ausnahme der \u00dcbermittlung der Kreditkartendaten an die abwickelnden Bankinstitute\/Zahlungsdienstleister zum Zwecke der Auszahlung des Kaufpreises sowie an unseren Steuerberater zur Erf\u00fcllung unserer steuerrechtlichen Pflichten Datendienstleister, die den Betrieb unserer Datenbank und unseres IT- und Newslettersystems sicherstellen. Mit diesen Parteien haben wir einen Vertrag zur Datenverarbeitung gem\u00e4\u00df Art. 6 Abs. 1 lit. b DSGVO abgeschlossen. Art. 28 DSGVO.<\/p>\n<p>Bei Abbruch des Kaufvorgangs werden die bei uns gespeicherten Daten gel\u00f6scht. Im Falle eines Vertragsabschlusses werden s\u00e4mtliche Daten aus dem Vertragsverh\u00e4ltnis bis zum Ablauf der steuerrechtlichen Aufbewahrungsfrist (7 Jahre) gespeichert.<\/p>\n<p>Die Datenverarbeitung erfolgt auf Grundlage der gesetzlichen Bestimmungen des \u00a7 96 Abs. 3 TKG sowie des Art. Art. 6 Abs. 1 lit. a (Einwilligung) und\/oder lit. b (notwendig zur Erf\u00fcllung einer rechtlichen Verpflichtung) der DSGVO.<\/p>\n<h3>Cookies<\/h3>\n<p>Unsere Website verwendet Cookies und Speicherung. Hierbei handelt es sich um Daten, die Ihr Browser auf dem Endger\u00e4t speichert. Sie besch\u00e4digen Ihren Computer nicht.<\/p>\n<p>Wir nutzen diese Daten, um unsere Seite nutzerfreundlicher zu gestalten. Einige davon verbleiben auf Ihrem Endger\u00e4t, bis Sie sie l\u00f6schen. Sie erm\u00f6glichen es uns, Ihren Browser beim n\u00e4chsten Besuch wiederzuerkennen.<\/p>\n<p>Wenn Sie dies nicht w\u00fcnschen, k\u00f6nnen Sie Ihren Browser so einrichten, dass er Sie \u00fcber die Installation von Cookies informiert und Sie dies nur im Einzelfall erlauben.<\/p>\n<p>Wir weisen Sie darauf hin, dass bei der Deaktivierung von Cookies die Funktionalit\u00e4t dieser Website eingeschr\u00e4nkt sein kann.<\/p>\n<h3>Sozialen Medien<\/h3>\n<p>Auf unserer Website sind Social-Media-Plugins, beispielsweise Facebook, Twitter, Instagram, YouTube, verlinkt. \u00dcber diese Seiten k\u00f6nnen Daten an Dritte weitergegeben werden. Wir haben keine Kontrolle \u00fcber oder Zugriff auf die von Facebook, Twitter usw. installierten Cookies.<\/p>\n<h3>Webanalyse<\/h3>\n<p>Diese Website benutzt Google Analytics, einen Webanalysedienst der Google Inc. (\u201eGoogle\u201c). Google Analytics verwendet sogenannte Cookies. Die dadurch erzeugten Informationen \u00fcber Ihre Benutzung dieser Website (einschlie\u00dflich Ihrer IP-Adresse) werden an einen Server von Google in den USA \u00fcbertragen und dort gespeichert. Google wird diese Informationen benutzen, um Ihre Nutzung der Website auszuwerten, um Reports \u00fcber die Websiteaktivit\u00e4ten f\u00fcr die Websitebetreiber zusammenzustellen und um weitere mit der Websitenutzung und der Internetnutzung verbundene Dienstleistungen zu erbringen. Auch wird Google diese Informationen gegebenenfalls an Dritte \u00fcbertragen, sofern dies gesetzlich vorgeschrieben oder soweit Dritte diese Daten im Auftrag von Google verarbeiten. In keinem Fall wird Google Ihre IP-Adresse mit anderen Daten der Google Inc. in Verbindung bringen. Durch die Nutzung dieser Website erkl\u00e4ren Sie sich mit der Bearbeitung der \u00fcber Sie erhobenen Daten durch Google in der zuvor beschriebenen Art und Weise und zu dem zuvor benannten Zweck einverstanden.<\/p>\n<h3>Deine Rechte<\/h3>\n<p>Ihnen stehen die Rechte auf Auskunft, Berichtigung, L\u00f6schung, Einschr\u00e4nkung, Daten\u00fcbertragbarkeit, Widerruf sowie ein Widerspruchsrecht zu. Wenn Sie glauben, dass die Verarbeitung Ihrer Daten gegen das Datenschutzrecht verst\u00f6\u00dft oder Ihre datenschutzrechtlichen Anspr\u00fcche sonst in einer Weise verletzt worden sind, k\u00f6nnen Sie sich bei der Aufsichtsbeh\u00f6rde melden. In der Schweiz ist dies der Eidgen\u00f6ssische Datenschutz- und \u00d6ffentlichkeitsbeauftragte (Feldeggweg 1, 3003 Bern, +41 (0) 58 462 43 95).<\/p>\n<p>Unsere Kontaktdaten sind:<\/p>\n<p>Alex Gertsch Ski &amp; Snowboard Schoool Wengen<br \/>\nKneuweidli 1385, CH &#8211; 3823 Wengen<br \/>\nTel.: <a href=\"tel:0041793284701\">+41 (0) 79 328 47 01<\/a><br \/>\n<a href=\"mailto:info@alexgertsch.ch\">info@alexgertsch.ch<\/a><br \/>\n<a href=\"https:\/\/alexgertsch.ch\/\" target=\"_blank\" rel=\"noopener\">alexgertsch.ch<\/a><\/p>\n<\/div>\n<\/div>\n<p>[\/vc_column_text][\/vc_column][vc_column width=&#8220;1\/6&#8243;][\/vc_column][\/vc_row]<\/p>\n<\/div>","protected":false},"excerpt":{"rendered":"<p>[vc_row][vc_column width=&#8220;1\/6&#8243;][\/vc_column][vc_column width=&#8220;2\/3&#8243;][vc_column_text woodmart_inline=&#8220;no&#8220; text_larger=&#8220;no&#8220;]Wir legen gr\u00f6\u00dften Wert auf den Schutz Ihrer personenbezogenen Daten. Wir verarbeiten Ihre Daten daher ausschlie\u00dflich<\/p>\n","protected":false},"author":3,"featured_media":0,"parent":0,"menu_order":0,"comment_status":"closed","ping_status":"closed","template":"","meta":{"footnotes":""},"yoast_head":"<!-- This site is optimized with the Yoast SEO plugin v22.1 - https:\/\/yoast.com\/wordpress\/plugins\/seo\/ -->\n<title>Datenschutzrichtlinie - Alexander Gertsch Wengen Ski and Snowboard School Switzerland<\/title>\n<meta name=\"robots\" content=\"index, follow, max-snippet:-1, max-image-preview:large, max-video-preview:-1\" \/>\n<link rel=\"canonical\" href=\"https:\/\/alexgertsch.ch\/?page_id=9686\" \/>\n<meta property=\"og:locale\" content=\"de_DE\" \/>\n<meta property=\"og:type\" content=\"article\" \/>\n<meta property=\"og:title\" content=\"Datenschutzrichtlinie - Alexander Gertsch Wengen Ski and Snowboard School Switzerland\" \/>\n<meta property=\"og:description\" content=\"[vc_row][vc_column width=&#8220;1\/6&#8243;][\/vc_column][vc_column width=&#8220;2\/3&#8243;][vc_column_text woodmart_inline=&#8220;no&#8220; text_larger=&#8220;no&#8220;]Wir legen gr\u00f6\u00dften Wert auf den Schutz Ihrer personenbezogenen Daten. Wir verarbeiten Ihre Daten daher ausschlie\u00dflich\" \/>\n<meta property=\"og:url\" content=\"https:\/\/alexgertsch.ch\/?page_id=9686\" \/>\n<meta property=\"og:site_name\" content=\"Alexander Gertsch Wengen Ski and Snowboard School Switzerland\" \/>\n<meta property=\"article:publisher\" content=\"https:\/\/www.facebook.com\/AlexanderGertschMA\" \/>\n<meta property=\"article:modified_time\" content=\"2024-02-23T15:58:21+00:00\" \/>\n<meta name=\"twitter:card\" content=\"summary_large_image\" \/>\n<meta name=\"twitter:label1\" content=\"Gesch\u00e4tzte Lesezeit\" \/>\n\t<meta name=\"twitter:data1\" content=\"3\u00a0Minuten\" \/>\n<script type=\"application\/ld+json\" class=\"yoast-schema-graph\">{\"@context\":\"https:\/\/schema.org\",\"@graph\":[{\"@type\":\"WebPage\",\"@id\":\"https:\/\/alexgertsch.ch\/?page_id=9686\",\"url\":\"https:\/\/alexgertsch.ch\/?page_id=9686\",\"name\":\"Datenschutzrichtlinie - Alexander Gertsch Wengen Ski and Snowboard School Switzerland\",\"isPartOf\":{\"@id\":\"https:\/\/alexgertsch.ch\/#website\"},\"datePublished\":\"2024-02-09T14:19:55+00:00\",\"dateModified\":\"2024-02-23T15:58:21+00:00\",\"breadcrumb\":{\"@id\":\"https:\/\/alexgertsch.ch\/?page_id=9686#breadcrumb\"},\"inLanguage\":\"de\",\"potentialAction\":[{\"@type\":\"ReadAction\",\"target\":[\"https:\/\/alexgertsch.ch\/?page_id=9686\"]}]},{\"@type\":\"BreadcrumbList\",\"@id\":\"https:\/\/alexgertsch.ch\/?page_id=9686#breadcrumb\",\"itemListElement\":[{\"@type\":\"ListItem\",\"position\":1,\"name\":\"Home\",\"item\":\"https:\/\/alexgertsch.ch\/\"},{\"@type\":\"ListItem\",\"position\":2,\"name\":\"Datenschutzrichtlinie\"}]},{\"@type\":\"WebSite\",\"@id\":\"https:\/\/alexgertsch.ch\/#website\",\"url\":\"https:\/\/alexgertsch.ch\/\",\"name\":\"Alexander Gertsch Wengen Ski and Snowboard School Switzerland\",\"description\":\"\",\"publisher\":{\"@id\":\"https:\/\/alexgertsch.ch\/#organization\"},\"potentialAction\":[{\"@type\":\"SearchAction\",\"target\":{\"@type\":\"EntryPoint\",\"urlTemplate\":\"https:\/\/alexgertsch.ch\/?s={search_term_string}\"},\"query-input\":\"required name=search_term_string\"}],\"inLanguage\":\"de\"},{\"@type\":\"Organization\",\"@id\":\"https:\/\/alexgertsch.ch\/#organization\",\"name\":\"Alexander Gertsch Wengen Ski and Snowboard School Switzerland\",\"url\":\"https:\/\/alexgertsch.ch\/\",\"logo\":{\"@type\":\"ImageObject\",\"inLanguage\":\"de\",\"@id\":\"https:\/\/alexgertsch.ch\/#\/schema\/logo\/image\/\",\"url\":\"https:\/\/alexgertsch.ch\/wp-content\/uploads\/2022\/12\/Wengen2.png\",\"contentUrl\":\"https:\/\/alexgertsch.ch\/wp-content\/uploads\/2022\/12\/Wengen2.png\",\"width\":351,\"height\":274,\"caption\":\"Alexander Gertsch Wengen Ski and Snowboard School Switzerland\"},\"image\":{\"@id\":\"https:\/\/alexgertsch.ch\/#\/schema\/logo\/image\/\"},\"sameAs\":[\"https:\/\/www.facebook.com\/AlexanderGertschMA\",\"https:\/\/www.youtube.com\/@alexandergertschwengenskis2693\",\"https:\/\/www.instagram.com\/alexandergertsch\/\"]}]}<\/script>\n<!-- \/ Yoast SEO plugin. -->","yoast_head_json":{"title":"Datenschutzrichtlinie - Alexander Gertsch Wengen Ski and Snowboard School Switzerland","robots":{"index":"index","follow":"follow","max-snippet":"max-snippet:-1","max-image-preview":"max-image-preview:large","max-video-preview":"max-video-preview:-1"},"canonical":"https:\/\/alexgertsch.ch\/?page_id=9686","og_locale":"de_DE","og_type":"article","og_title":"Datenschutzrichtlinie - Alexander Gertsch Wengen Ski and Snowboard School Switzerland","og_description":"[vc_row][vc_column width=&#8220;1\/6&#8243;][\/vc_column][vc_column width=&#8220;2\/3&#8243;][vc_column_text woodmart_inline=&#8220;no&#8220; text_larger=&#8220;no&#8220;]Wir legen gr\u00f6\u00dften Wert auf den Schutz Ihrer personenbezogenen Daten. Wir verarbeiten Ihre Daten daher ausschlie\u00dflich","og_url":"https:\/\/alexgertsch.ch\/?page_id=9686","og_site_name":"Alexander Gertsch Wengen Ski and Snowboard School Switzerland","article_publisher":"https:\/\/www.facebook.com\/AlexanderGertschMA","article_modified_time":"2024-02-23T15:58:21+00:00","twitter_card":"summary_large_image","twitter_misc":{"Gesch\u00e4tzte Lesezeit":"3\u00a0Minuten"},"schema":{"@context":"https:\/\/schema.org","@graph":[{"@type":"WebPage","@id":"https:\/\/alexgertsch.ch\/?page_id=9686","url":"https:\/\/alexgertsch.ch\/?page_id=9686","name":"Datenschutzrichtlinie - Alexander Gertsch Wengen Ski and Snowboard School Switzerland","isPartOf":{"@id":"https:\/\/alexgertsch.ch\/#website"},"datePublished":"2024-02-09T14:19:55+00:00","dateModified":"2024-02-23T15:58:21+00:00","breadcrumb":{"@id":"https:\/\/alexgertsch.ch\/?page_id=9686#breadcrumb"},"inLanguage":"de","potentialAction":[{"@type":"ReadAction","target":["https:\/\/alexgertsch.ch\/?page_id=9686"]}]},{"@type":"BreadcrumbList","@id":"https:\/\/alexgertsch.ch\/?page_id=9686#breadcrumb","itemListElement":[{"@type":"ListItem","position":1,"name":"Home","item":"https:\/\/alexgertsch.ch\/"},{"@type":"ListItem","position":2,"name":"Datenschutzrichtlinie"}]},{"@type":"WebSite","@id":"https:\/\/alexgertsch.ch\/#website","url":"https:\/\/alexgertsch.ch\/","name":"Alexander Gertsch Wengen Ski and Snowboard School Switzerland","description":"","publisher":{"@id":"https:\/\/alexgertsch.ch\/#organization"},"potentialAction":[{"@type":"SearchAction","target":{"@type":"EntryPoint","urlTemplate":"https:\/\/alexgertsch.ch\/?s={search_term_string}"},"query-input":"required name=search_term_string"}],"inLanguage":"de"},{"@type":"Organization","@id":"https:\/\/alexgertsch.ch\/#organization","name":"Alexander Gertsch Wengen Ski and Snowboard School Switzerland","url":"https:\/\/alexgertsch.ch\/","logo":{"@type":"ImageObject","inLanguage":"de","@id":"https:\/\/alexgertsch.ch\/#\/schema\/logo\/image\/","url":"https:\/\/alexgertsch.ch\/wp-content\/uploads\/2022\/12\/Wengen2.png","contentUrl":"https:\/\/alexgertsch.ch\/wp-content\/uploads\/2022\/12\/Wengen2.png","width":351,"height":274,"caption":"Alexander Gertsch Wengen Ski and Snowboard School Switzerland"},"image":{"@id":"https:\/\/alexgertsch.ch\/#\/schema\/logo\/image\/"},"sameAs":["https:\/\/www.facebook.com\/AlexanderGertschMA","https:\/\/www.youtube.com\/@alexandergertschwengenskis2693","https:\/\/www.instagram.com\/alexandergertsch\/"]}]}},"jetpack_sharing_enabled":true,"_links":{"self":[{"href":"https:\/\/alexgertsch.ch\/de\/wp-json\/wp\/v2\/pages\/10583"}],"collection":[{"href":"https:\/\/alexgertsch.ch\/de\/wp-json\/wp\/v2\/pages"}],"about":[{"href":"https:\/\/alexgertsch.ch\/de\/wp-json\/wp\/v2\/types\/page"}],"author":[{"embeddable":true,"href":"https:\/\/alexgertsch.ch\/de\/wp-json\/wp\/v2\/users\/3"}],"replies":[{"embeddable":true,"href":"https:\/\/alexgertsch.ch\/de\/wp-json\/wp\/v2\/comments?post=10583"}],"version-history":[{"count":1,"href":"https:\/\/alexgertsch.ch\/de\/wp-json\/wp\/v2\/pages\/10583\/revisions"}],"predecessor-version":[{"id":10584,"href":"https:\/\/alexgertsch.ch\/de\/wp-json\/wp\/v2\/pages\/10583\/revisions\/10584"}],"wp:attachment":[{"href":"https:\/\/alexgertsch.ch\/de\/wp-json\/wp\/v2\/media?parent=10583"}],"curies":[{"name":"wp","href":"https:\/\/api.w.org\/{rel}","templated":true}]}}