{"id":10527,"date":"2022-12-27T15:07:35","date_gmt":"2022-12-27T15:07:35","guid":{"rendered":"https:\/\/alexgertsch.ch\/?page_id=10527"},"modified":"2024-02-23T18:32:24","modified_gmt":"2024-02-23T18:32:24","slug":"cours-particuliers","status":"publish","type":"page","link":"https:\/\/alexgertsch.ch\/fr\/cours-particuliers\/","title":{"rendered":"Cours particuliers"},"content":{"rendered":"<div class=\"wpb-content-wrapper\"><p>[vc_row][vc_column width=\u00a0\u00bb1\/6&Prime;][\/vc_column][vc_column width=\u00a0\u00bb2\/3&Prime;][vc_column_text woodmart_inline=\u00a0\u00bbno\u00a0\u00bb text_larger=\u00a0\u00bbno\u00a0\u00bb]<\/p>\n<h2>Cours particuliers de ski et de snowboard: aventures sur mesure avec l&rsquo;\u00e9cole Alexander Gertsch Wengen<\/h2>\n<blockquote><p>Que vous montiez sur la neige pour la premi\u00e8re fois ou que vous cherchiez \u00e0 am\u00e9liorer votre expertise sur les pistes, nos moniteurs d\u00e9vou\u00e9s de l&rsquo;\u00e9cole de ski et de snowboard Alexander Gertsch Wengen sont l\u00e0 pour vous guider \u00e0 travers une aventure sur mesure.<\/p><\/blockquote>\n<p>Que vous montiez sur la neige pour la premi\u00e8re fois ou que vous cherchiez \u00e0 am\u00e9liorer votre expertise sur les pistes, nos moniteurs d\u00e9vou\u00e9s de l&rsquo;\u00e9cole de ski et de snowboard Alexander Gertsch Wengen sont l\u00e0 pour vous guider \u00e0 travers une aventure sur mesure.[\/vc_column_text][\/vc_column][vc_column width=\u00a0\u00bb1\/6&Prime;][\/vc_column][\/vc_row][vc_row full_height=\u00a0\u00bbyes\u00a0\u00bb content_placement=\u00a0\u00bbmiddle\u00a0\u00bb woodmart_css_id=\u00a0\u00bb65aa8d9cea2a4&Prime; responsive_spacing=\u00a0\u00bbeyJwYXJhbV90eXBlIjoid29vZG1hcnRfcmVzcG9uc2l2ZV9zcGFjaW5nIiwic2VsZWN0b3JfaWQiOiI2NWFhOGQ5Y2VhMmE0Iiwic2hvcnRjb2RlIjoidmNfcm93IiwiZGF0YSI6eyJ0YWJsZXQiOnt9LCJtb2JpbGUiOnt9fX0=\u00a0\u00bb mobile_bg_img_hidden=\u00a0\u00bbno\u00a0\u00bb tablet_bg_img_hidden=\u00a0\u00bbno\u00a0\u00bb woodmart_parallax=\u00a0\u00bb0&Prime; woodmart_gradient_switch=\u00a0\u00bbno\u00a0\u00bb woodmart_box_shadow=\u00a0\u00bbno\u00a0\u00bb wd_z_index=\u00a0\u00bbno\u00a0\u00bb woodmart_disable_overflow=\u00a0\u00bb0&Prime; row_reverse_mobile=\u00a0\u00bb0&Prime; row_reverse_tablet=\u00a0\u00bb0&Prime;][vc_column width=\u00a0\u00bb1\/6&Prime;][\/vc_column][vc_column width=\u00a0\u00bb1\/3&Prime;][vc_column_text woodmart_inline=\u00a0\u00bbno\u00a0\u00bb text_larger=\u00a0\u00bbno\u00a0\u00bb]<\/p>\n<h2>Pourquoi choisir des cours particuliers avec nous?<\/h2>\n<ul>\n<li><strong>Instruction personnalis\u00e9e:<\/strong> Nos cours particuliers sont con\u00e7us pour r\u00e9pondre \u00e0 vos besoins sp\u00e9cifiques et \u00e0 votre niveau de comp\u00e9tence. Que vous soyez novice ou cavalier exp\u00e9riment\u00e9, nos instructeurs adaptent l&rsquo;exp\u00e9rience pour am\u00e9liorer vos capacit\u00e9s.<\/li>\n<li><strong>Options de cours flexibles:<\/strong> choisissez parmi une vari\u00e9t\u00e9 de cours, notamment des variantes et des circuits de freeride, du freestyle (snow park ou slicestyle), de la luge, du carving, du guidage et de l&rsquo;h\u00e9liski. Quelle que soit votre passion, nos cours particuliers couvrent tout.<\/li>\n<li><strong>Attention individuelle:<\/strong> B\u00e9n\u00e9ficiez de toute l\u2019attention de nos instructeurs exp\u00e9riment\u00e9s. Cette approche cibl\u00e9e acc\u00e9l\u00e8re votre courbe d\u2019apprentissage et permet des progr\u00e8s rapides.<\/li>\n<\/ul>\n<p>[\/vc_column_text][\/vc_column][vc_column width=\u00a0\u00bb1\/3&Prime;]\t\t<div id=\"wd-65aa91bc2b481\" class=\"wd-image wd-wpb wd-rs-65aa91bc2b481 text-center \">\n\t\t\t\n\t\t\t<img loading=\"lazy\" decoding=\"async\" width=\"500\" height=\"600\" src=\"https:\/\/alexgertsch.ch\/wp-content\/uploads\/2024\/01\/alex-gertsch-mountain-view-lessons.jpg\" class=\"attachment-full size-full\" alt=\"\" srcset=\"https:\/\/alexgertsch.ch\/wp-content\/uploads\/2024\/01\/alex-gertsch-mountain-view-lessons.jpg 500w, https:\/\/alexgertsch.ch\/wp-content\/uploads\/2024\/01\/alex-gertsch-mountain-view-lessons-250x300.jpg 250w, https:\/\/alexgertsch.ch\/wp-content\/uploads\/2024\/01\/alex-gertsch-mountain-view-lessons-430x516.jpg 430w, https:\/\/alexgertsch.ch\/wp-content\/uploads\/2024\/01\/alex-gertsch-mountain-view-lessons-150x180.jpg 150w\" sizes=\"(max-width: 500px) 100vw, 500px\" \/>\n\t\t\t\t\t<\/div>\n\t\t[\/vc_column][vc_column width=\u00a0\u00bb1\/6&Prime;][\/vc_column][\/vc_row][vc_row][vc_column width=\u00a0\u00bb1\/6&Prime;][\/vc_column][vc_column width=\u00a0\u00bb2\/3&Prime;][vc_column_text woodmart_inline=\u00a0\u00bbno\u00a0\u00bb text_larger=\u00a0\u00bbno\u00a0\u00bb]<\/p>\n<h2>D\u00e9bloquez l&rsquo;aventure:<\/h2>\n<blockquote><p>D\u00e9couvrez le frisson d&rsquo;une nouvelle aventure sur la neige avec nos cours particuliers.<\/p><\/blockquote>\n<p>Que vous souhaitiez ma\u00eetriser les terrains de freeride, perfectionner les mouvements de freestyle, profiter de l&rsquo;exaltation de la luge, perfectionner les techniques de carving, explorer l&rsquo;arri\u00e8re-pays avec un guide ou survoler la poudreuse intacte avec l&rsquo;h\u00e9liski, nos cours particuliers lib\u00e8rent tout le potentiel de votre exp\u00e9rience de ski ou de snowboard.[\/vc_column_text]\t\t<div id=\"wd-65aa91b1e78d3\" class=\"wd-image wd-wpb wd-rs-65aa91b1e78d3 text-center \">\n\t\t\t\n\t\t\t<img loading=\"lazy\" decoding=\"async\" width=\"800\" height=\"400\" src=\"https:\/\/alexgertsch.ch\/wp-content\/uploads\/2024\/01\/alex-gertsch-private-lessons-kids.jpg\" class=\"attachment-full size-full\" alt=\"\" srcset=\"https:\/\/alexgertsch.ch\/wp-content\/uploads\/2024\/01\/alex-gertsch-private-lessons-kids.jpg 800w, https:\/\/alexgertsch.ch\/wp-content\/uploads\/2024\/01\/alex-gertsch-private-lessons-kids-400x200.jpg 400w, https:\/\/alexgertsch.ch\/wp-content\/uploads\/2024\/01\/alex-gertsch-private-lessons-kids-768x384.jpg 768w, https:\/\/alexgertsch.ch\/wp-content\/uploads\/2024\/01\/alex-gertsch-private-lessons-kids-430x215.jpg 430w, https:\/\/alexgertsch.ch\/wp-content\/uploads\/2024\/01\/alex-gertsch-private-lessons-kids-700x350.jpg 700w, https:\/\/alexgertsch.ch\/wp-content\/uploads\/2024\/01\/alex-gertsch-private-lessons-kids-150x75.jpg 150w\" sizes=\"(max-width: 800px) 100vw, 800px\" \/>\n\t\t\t\t\t<\/div>\n\t\t[vc_column_text woodmart_inline=\u00a0\u00bbno\u00a0\u00bb text_larger=\u00a0\u00bbno\u00a0\u00bb]<\/p>\n<h2>Pr\u00eat \u00e0 passer au niveau sup\u00e9rieur?<\/h2>\n<blockquote><p>Que vous soyez d\u00e9butant ou chevronn\u00e9, il y a toujours place \u00e0 l&rsquo;am\u00e9lioration.<\/p><\/blockquote>\n<p>R\u00e9servez votre cours priv\u00e9 avec l&rsquo;\u00e9cole de ski et de snowboard Alexander Gertsch Wengen et laissez-nous vous guider vers la ma\u00eetrise des pistes, cr\u00e9ant ainsi des moments inoubliables lors de votre aventure hivernale.[\/vc_column_text][\/vc_column][vc_column width=\u00a0\u00bb1\/6&Prime;][\/vc_column][\/vc_row][vc_row][vc_column width=\u00a0\u00bb1\/6&Prime;][\/vc_column][vc_column width=\u00a0\u00bb2\/3&Prime;]\n\t\t<div id=\"wd-65d8a0627f1c4\" class=\"title-wrapper wd-wpb set-mb-s reset-last-child  wd-rs-65d8a0627f1c4 wd-title-color-default wd-title-style-default text-left  wd-underline-colored\">\n\t\t\t\n\t\t\t<div class=\"liner-continer\">\n\t\t\t\t<h4 class=\"woodmart-title-container title  wd-font-weight- wd-fontsize-l\" >R\u00e9servez votre cours priv\u00e9 d\u00e8s aujourd'hui!<\/h4>\n\t\t\t\t\t\t\t<\/div>\n\t\t\t\n\t\t\t\n\t\t\t\n\t\t<\/div>\n\t\t\n\t\t\n<div class=\"wpcf7 no-js\" id=\"wpcf7-f10618-o1\" lang=\"fr-FR\" dir=\"ltr\">\n<div class=\"screen-reader-response\"><p role=\"status\" aria-live=\"polite\" aria-atomic=\"true\"><\/p> <ul><\/ul><\/div>\n<form action=\"\/fr\/wp-json\/wp\/v2\/pages\/10527#wpcf7-f10618-o1\" method=\"post\" class=\"wpcf7-form init\" aria-label=\"Formulaire de contact\" novalidate=\"novalidate\" data-status=\"init\">\n<div style=\"display: none;\">\n<input type=\"hidden\" name=\"_wpcf7\" value=\"10618\" \/>\n<input type=\"hidden\" name=\"_wpcf7_version\" value=\"5.8.7\" \/>\n<input type=\"hidden\" name=\"_wpcf7_locale\" value=\"fr_FR\" \/>\n<input type=\"hidden\" name=\"_wpcf7_unit_tag\" value=\"wpcf7-f10618-o1\" \/>\n<input type=\"hidden\" name=\"_wpcf7_container_post\" value=\"0\" \/>\n<input type=\"hidden\" name=\"_wpcf7_posted_data_hash\" value=\"\" \/>\n<input type=\"hidden\" name=\"_wpcf7dtx_version\" value=\"5.0.2\" \/>\n<input type=\"hidden\" name=\"_wpcf7_recaptcha_response\" value=\"\" \/>\n<\/div>\n<div class=\"row\">\n\t<p class=\"col-md-4\"><label>Votre nom<\/label><span class=\"wpcf7-form-control-wrap\" data-name=\"your-name\"><input size=\"40\" class=\"wpcf7-form-control wpcf7-text wpcf7-validates-as-required\" aria-required=\"true\" aria-invalid=\"false\" value=\"\" type=\"text\" name=\"your-name\" \/><\/span>\n\t<\/p>\n\t<p class=\"col-md-4\"><label>Votre Email<\/label><span class=\"wpcf7-form-control-wrap\" data-name=\"your-email\"><input size=\"40\" class=\"wpcf7-form-control wpcf7-email wpcf7-validates-as-required wpcf7-text wpcf7-validates-as-email\" aria-required=\"true\" aria-invalid=\"false\" value=\"\" type=\"email\" name=\"your-email\" \/><\/span>\n\t<\/p>\n\t<p class=\"col-md-4\"><label>Votre num\u00e9ro de t\u00e9l\u00e9phone<\/label><span class=\"wpcf7-form-control-wrap\" data-name=\"tel-832\"><input size=\"40\" class=\"wpcf7-form-control wpcf7-tel wpcf7-validates-as-required wpcf7-text wpcf7-validates-as-tel\" aria-required=\"true\" aria-invalid=\"false\" value=\"\" type=\"tel\" name=\"tel-832\" \/><\/span>\n\t<\/p>\n<\/div>\n<div class=\"row\">\n\t<p class=\"col-md-6\"><label>Service<\/label><span class=\"wpcf7-form-control-wrap\" data-name=\"menu-808\"><select class=\"wpcf7-form-control wpcf7-select wpcf7-validates-as-required\" aria-required=\"true\" aria-invalid=\"false\" name=\"menu-808\"><option value=\"Cours particuliers de ski\">Cours particuliers de ski<\/option><option value=\"Cours particuliers de snowboard\">Cours particuliers de snowboard<\/option><option value=\"Freeride et circuits\">Freeride et circuits<\/option><option value=\"Luge\">Luge<\/option><option value=\"Freestyle\">Freestyle<\/option><option value=\"Guidage\">Guidage<\/option><option value=\"Ski en h\u00e9licopt\u00e8re\">Ski en h\u00e9licopt\u00e8re<\/option><\/select><\/span>\n\t<\/p>\n\t<p class=\"col-md-6\"><label>Temps de cours<\/label><span class=\"wpcf7-form-control-wrap\" data-name=\"menu-805\"><select class=\"wpcf7-form-control wpcf7-select wpcf7-validates-as-required\" aria-required=\"true\" aria-invalid=\"false\" name=\"menu-805\"><option value=\"Matin - 2 heures - 10:00-12:00\">Matin - 2 heures - 10:00-12:00<\/option><option value=\"Matin - 3 heures - 9:00-12:00\">Matin - 3 heures - 9:00-12:00<\/option><option value=\"Apr\u00e8s-midi - 2 heures - 14:00-16:00\">Apr\u00e8s-midi - 2 heures - 14:00-16:00<\/option><option value=\"Apr\u00e8s-midi - 2 heures - 13:00-16:00\">Apr\u00e8s-midi - 2 heures - 13:00-16:00<\/option><option value=\"Journ\u00e9e compl\u00e8te (5 heures)\">Journ\u00e9e compl\u00e8te (5 heures)<\/option><\/select><\/span>\n\t<\/p>\n<\/div>\n<div class=\"row\">\n\t<p class=\"col-md-4\"><label>Niveau de comp\u00e9tence<\/label><span class=\"wpcf7-form-control-wrap\" data-name=\"menu-809\"><select class=\"wpcf7-form-control wpcf7-select wpcf7-validates-as-required\" aria-required=\"true\" aria-invalid=\"false\" name=\"menu-809\"><option value=\"D\u00e9butant\">D\u00e9butant<\/option><option value=\"Interm\u00e9diaire\">Interm\u00e9diaire<\/option><option value=\"Expert\">Expert<\/option><\/select><\/span>\n\t<\/p>\n\t<p class=\"col-md-4\"><label>Personne suppl\u00e9mentaire<\/label><span class=\"wpcf7-form-control-wrap\" data-name=\"menu-807\"><select class=\"wpcf7-form-control wpcf7-select wpcf7-validates-as-required\" aria-required=\"true\" aria-invalid=\"false\" name=\"menu-807\"><option value=\"0\">0<\/option><option value=\"1\">1<\/option><option value=\"2\">2<\/option><option value=\"3\">3<\/option><option value=\"4\">4<\/option><option value=\"5\">5<\/option><option value=\"6\">6<\/option><option value=\"7\">7<\/option><option value=\"8\">8<\/option><option value=\"9\">9<\/option><option value=\"10\">10<\/option><option value=\"11\">11<\/option><\/select><\/span>\n\t<\/p>\n\t<p class=\"col-md-4\"><label>Date<\/label><span class=\"wpcf7-form-control-wrap\" data-name=\"date-744\"><input class=\"wpcf7-form-control wpcf7-date wpcf7-validates-as-date\" aria-invalid=\"false\" value=\"\" type=\"date\" name=\"date-744\" \/><\/span>\n\t<\/p>\n<\/div>\n<p><label>Votre message<\/label><span class=\"wpcf7-form-control-wrap\" data-name=\"your-message\"><textarea cols=\"40\" rows=\"10\" class=\"wpcf7-form-control wpcf7-textarea\" aria-invalid=\"false\" name=\"your-message\"><\/textarea><\/span>\n<\/p>\n<p><p class=\"cf7ascaptcha\"><input name=\"cf7as_hdn_cpthaval1\" id=\"cf7as_hdn_cpthaval1\" type=\"hidden\" value=\"9\" \/><input name=\"cf7as_hdn_cpthaval2\" id=\"cf7as_hdn_cpthaval2\" type=\"hidden\" value=\"9\" \/><input name=\"cf7as_hdn_cpthaaction\" id=\"cf7as_hdn_cpthaaction\" type=\"hidden\" value=\"x\" \/>Solve: <span class=\"cf7as-firstAct\">9<\/span> x<span class=\"cf7as-firstAct\"> 9<\/span> <br><span class=\"wpcf7-form-control-wrap cf7as-captchcode\" data-name=\"cf7as-captchcode\"> <input type=\"text\" aria-invalid=\"false\" aria-required=\"true\" class=\"wpcf7-form-control wpcf7-text wpcf7-validates-as-required\" size=\"5\" value=\"\" name=\"cf7as-captchcode\" placeholder=\"Type your answer\" style=\"width:200px;margin-bottom:10px;\" oninput=\"this.value = this.value.replace(\/[^0-9.]\/g, '').replace(\/(\\..*)\\.\/g, '$1');\"><\/span><input type=\"hidden\" name=\"cf7as-zplus\" value=\"\"><\/p>\n<\/p>\n<p><input class=\"wpcf7-form-control wpcf7-submit has-spinner btn-color-black\" type=\"submit\" value=\"ENVOYER UNE DEMANDE\" \/>\n<\/p><div class=\"wpcf7-response-output\" aria-hidden=\"true\"><\/div>\n<\/form>\n<\/div>\n<div id=\"wd-65d8a0783ee3e\" class=\" wd-rs-65d8a0783ee3e  wd-button-wrapper text-left\"><a href=\"https:\/\/alexgertsch.ch\/product\/private-ski-lessons\/\" title=\"Webshop\" class=\"btn btn-color-primary btn-style-default btn-style-rectangle btn-size-default\">Cours particuliers de ski - WEBSHOP<\/a><\/div><div id=\"wd-65d8a08773b61\" class=\" wd-rs-65d8a08773b61 vc_custom_1708695698236 wd-button-wrapper text-left\"><a href=\"https:\/\/alexgertsch.ch\/product\/private-snowboard-lessons\/\" title=\"Webshop\" class=\"btn btn-color-primary btn-style-default btn-style-rectangle btn-size-default\">Cours particuliers de snowboard - WEBSHOP<\/a><\/div>[\/vc_column][vc_column width=\u00a0\u00bb1\/6&Prime;][\/vc_column][\/vc_row]<\/p>\n<\/div>","protected":false},"excerpt":{"rendered":"<p>[vc_row][vc_column width=\u00a0\u00bb1\/6&Prime;][\/vc_column][vc_column width=\u00a0\u00bb2\/3&Prime;][vc_column_text woodmart_inline=\u00a0\u00bbno\u00a0\u00bb text_larger=\u00a0\u00bbno\u00a0\u00bb] Cours particuliers de ski et de snowboard: aventures sur mesure avec l&rsquo;\u00e9cole Alexander Gertsch Wengen<\/p>\n","protected":false},"author":1,"featured_media":0,"parent":0,"menu_order":0,"comment_status":"closed","ping_status":"closed","template":"","meta":{"footnotes":""},"yoast_head":"<!-- This site is optimized with the Yoast SEO plugin v22.1 - https:\/\/yoast.com\/wordpress\/plugins\/seo\/ -->\n<title>Cours particuliers - Alexander Gertsch Wengen Ski and Snowboard School Switzerland<\/title>\n<meta name=\"robots\" content=\"index, follow, max-snippet:-1, max-image-preview:large, max-video-preview:-1\" \/>\n<link rel=\"canonical\" href=\"https:\/\/alexgertsch.ch\/private-lessons\/\" \/>\n<meta property=\"og:locale\" content=\"fr_FR\" \/>\n<meta property=\"og:type\" content=\"article\" \/>\n<meta property=\"og:title\" content=\"Cours particuliers - Alexander Gertsch Wengen Ski and Snowboard School Switzerland\" \/>\n<meta property=\"og:description\" content=\"[vc_row][vc_column width=\u00a0\u00bb1\/6&Prime;][\/vc_column][vc_column width=\u00a0\u00bb2\/3&Prime;][vc_column_text woodmart_inline=\u00a0\u00bbno\u00a0\u00bb text_larger=\u00a0\u00bbno\u00a0\u00bb] Cours particuliers de ski et de snowboard: aventures sur mesure avec l&rsquo;\u00e9cole Alexander Gertsch Wengen\" \/>\n<meta property=\"og:url\" content=\"https:\/\/alexgertsch.ch\/private-lessons\/\" \/>\n<meta property=\"og:site_name\" content=\"Alexander Gertsch Wengen Ski and Snowboard School Switzerland\" \/>\n<meta property=\"article:publisher\" content=\"https:\/\/www.facebook.com\/AlexanderGertschMA\" \/>\n<meta property=\"article:modified_time\" content=\"2024-02-23T18:32:24+00:00\" \/>\n<meta name=\"twitter:card\" content=\"summary_large_image\" \/>\n<meta name=\"twitter:label1\" content=\"Dur\u00e9e de lecture estim\u00e9e\" \/>\n\t<meta name=\"twitter:data1\" content=\"3 minutes\" \/>\n<script type=\"application\/ld+json\" class=\"yoast-schema-graph\">{\"@context\":\"https:\/\/schema.org\",\"@graph\":[{\"@type\":\"WebPage\",\"@id\":\"https:\/\/alexgertsch.ch\/private-lessons\/\",\"url\":\"https:\/\/alexgertsch.ch\/private-lessons\/\",\"name\":\"Cours particuliers - Alexander Gertsch Wengen Ski and Snowboard School Switzerland\",\"isPartOf\":{\"@id\":\"https:\/\/alexgertsch.ch\/#website\"},\"datePublished\":\"2022-12-27T15:07:35+00:00\",\"dateModified\":\"2024-02-23T18:32:24+00:00\",\"breadcrumb\":{\"@id\":\"https:\/\/alexgertsch.ch\/private-lessons\/#breadcrumb\"},\"inLanguage\":\"fr-FR\",\"potentialAction\":[{\"@type\":\"ReadAction\",\"target\":[\"https:\/\/alexgertsch.ch\/private-lessons\/\"]}]},{\"@type\":\"BreadcrumbList\",\"@id\":\"https:\/\/alexgertsch.ch\/private-lessons\/#breadcrumb\",\"itemListElement\":[{\"@type\":\"ListItem\",\"position\":1,\"name\":\"Home\",\"item\":\"https:\/\/alexgertsch.ch\/fr\/\"},{\"@type\":\"ListItem\",\"position\":2,\"name\":\"Cours particuliers\"}]},{\"@type\":\"WebSite\",\"@id\":\"https:\/\/alexgertsch.ch\/#website\",\"url\":\"https:\/\/alexgertsch.ch\/\",\"name\":\"Alexander Gertsch Wengen Ski and Snowboard School Switzerland\",\"description\":\"\",\"publisher\":{\"@id\":\"https:\/\/alexgertsch.ch\/#organization\"},\"potentialAction\":[{\"@type\":\"SearchAction\",\"target\":{\"@type\":\"EntryPoint\",\"urlTemplate\":\"https:\/\/alexgertsch.ch\/?s={search_term_string}\"},\"query-input\":\"required name=search_term_string\"}],\"inLanguage\":\"fr-FR\"},{\"@type\":\"Organization\",\"@id\":\"https:\/\/alexgertsch.ch\/#organization\",\"name\":\"Alexander Gertsch Wengen Ski and Snowboard School Switzerland\",\"url\":\"https:\/\/alexgertsch.ch\/\",\"logo\":{\"@type\":\"ImageObject\",\"inLanguage\":\"fr-FR\",\"@id\":\"https:\/\/alexgertsch.ch\/#\/schema\/logo\/image\/\",\"url\":\"https:\/\/alexgertsch.ch\/wp-content\/uploads\/2022\/12\/Wengen2.png\",\"contentUrl\":\"https:\/\/alexgertsch.ch\/wp-content\/uploads\/2022\/12\/Wengen2.png\",\"width\":351,\"height\":274,\"caption\":\"Alexander Gertsch Wengen Ski and Snowboard School Switzerland\"},\"image\":{\"@id\":\"https:\/\/alexgertsch.ch\/#\/schema\/logo\/image\/\"},\"sameAs\":[\"https:\/\/www.facebook.com\/AlexanderGertschMA\",\"https:\/\/www.youtube.com\/@alexandergertschwengenskis2693\",\"https:\/\/www.instagram.com\/alexandergertsch\/\"]}]}<\/script>\n<!-- \/ Yoast SEO plugin. -->","yoast_head_json":{"title":"Cours particuliers - Alexander Gertsch Wengen Ski and Snowboard School Switzerland","robots":{"index":"index","follow":"follow","max-snippet":"max-snippet:-1","max-image-preview":"max-image-preview:large","max-video-preview":"max-video-preview:-1"},"canonical":"https:\/\/alexgertsch.ch\/private-lessons\/","og_locale":"fr_FR","og_type":"article","og_title":"Cours particuliers - Alexander Gertsch Wengen Ski and Snowboard School Switzerland","og_description":"[vc_row][vc_column width=\u00a0\u00bb1\/6&Prime;][\/vc_column][vc_column width=\u00a0\u00bb2\/3&Prime;][vc_column_text woodmart_inline=\u00a0\u00bbno\u00a0\u00bb text_larger=\u00a0\u00bbno\u00a0\u00bb] Cours particuliers de ski et de snowboard: aventures sur mesure avec l&rsquo;\u00e9cole Alexander Gertsch Wengen","og_url":"https:\/\/alexgertsch.ch\/private-lessons\/","og_site_name":"Alexander Gertsch Wengen Ski and Snowboard School Switzerland","article_publisher":"https:\/\/www.facebook.com\/AlexanderGertschMA","article_modified_time":"2024-02-23T18:32:24+00:00","twitter_card":"summary_large_image","twitter_misc":{"Dur\u00e9e de lecture estim\u00e9e":"3 minutes"},"schema":{"@context":"https:\/\/schema.org","@graph":[{"@type":"WebPage","@id":"https:\/\/alexgertsch.ch\/private-lessons\/","url":"https:\/\/alexgertsch.ch\/private-lessons\/","name":"Cours particuliers - Alexander Gertsch Wengen Ski and Snowboard School Switzerland","isPartOf":{"@id":"https:\/\/alexgertsch.ch\/#website"},"datePublished":"2022-12-27T15:07:35+00:00","dateModified":"2024-02-23T18:32:24+00:00","breadcrumb":{"@id":"https:\/\/alexgertsch.ch\/private-lessons\/#breadcrumb"},"inLanguage":"fr-FR","potentialAction":[{"@type":"ReadAction","target":["https:\/\/alexgertsch.ch\/private-lessons\/"]}]},{"@type":"BreadcrumbList","@id":"https:\/\/alexgertsch.ch\/private-lessons\/#breadcrumb","itemListElement":[{"@type":"ListItem","position":1,"name":"Home","item":"https:\/\/alexgertsch.ch\/fr\/"},{"@type":"ListItem","position":2,"name":"Cours particuliers"}]},{"@type":"WebSite","@id":"https:\/\/alexgertsch.ch\/#website","url":"https:\/\/alexgertsch.ch\/","name":"Alexander Gertsch Wengen Ski and Snowboard School Switzerland","description":"","publisher":{"@id":"https:\/\/alexgertsch.ch\/#organization"},"potentialAction":[{"@type":"SearchAction","target":{"@type":"EntryPoint","urlTemplate":"https:\/\/alexgertsch.ch\/?s={search_term_string}"},"query-input":"required name=search_term_string"}],"inLanguage":"fr-FR"},{"@type":"Organization","@id":"https:\/\/alexgertsch.ch\/#organization","name":"Alexander Gertsch Wengen Ski and Snowboard School Switzerland","url":"https:\/\/alexgertsch.ch\/","logo":{"@type":"ImageObject","inLanguage":"fr-FR","@id":"https:\/\/alexgertsch.ch\/#\/schema\/logo\/image\/","url":"https:\/\/alexgertsch.ch\/wp-content\/uploads\/2022\/12\/Wengen2.png","contentUrl":"https:\/\/alexgertsch.ch\/wp-content\/uploads\/2022\/12\/Wengen2.png","width":351,"height":274,"caption":"Alexander Gertsch Wengen Ski and Snowboard School Switzerland"},"image":{"@id":"https:\/\/alexgertsch.ch\/#\/schema\/logo\/image\/"},"sameAs":["https:\/\/www.facebook.com\/AlexanderGertschMA","https:\/\/www.youtube.com\/@alexandergertschwengenskis2693","https:\/\/www.instagram.com\/alexandergertsch\/"]}]}},"jetpack_sharing_enabled":true,"_links":{"self":[{"href":"https:\/\/alexgertsch.ch\/fr\/wp-json\/wp\/v2\/pages\/10527"}],"collection":[{"href":"https:\/\/alexgertsch.ch\/fr\/wp-json\/wp\/v2\/pages"}],"about":[{"href":"https:\/\/alexgertsch.ch\/fr\/wp-json\/wp\/v2\/types\/page"}],"author":[{"embeddable":true,"href":"https:\/\/alexgertsch.ch\/fr\/wp-json\/wp\/v2\/users\/1"}],"replies":[{"embeddable":true,"href":"https:\/\/alexgertsch.ch\/fr\/wp-json\/wp\/v2\/comments?post=10527"}],"version-history":[{"count":3,"href":"https:\/\/alexgertsch.ch\/fr\/wp-json\/wp\/v2\/pages\/10527\/revisions"}],"predecessor-version":[{"id":10642,"href":"https:\/\/alexgertsch.ch\/fr\/wp-json\/wp\/v2\/pages\/10527\/revisions\/10642"}],"wp:attachment":[{"href":"https:\/\/alexgertsch.ch\/fr\/wp-json\/wp\/v2\/media?parent=10527"}],"curies":[{"name":"wp","href":"https:\/\/api.w.org\/{rel}","templated":true}]}}