{"id":10544,"date":"2022-12-27T15:09:17","date_gmt":"2022-12-27T15:09:17","guid":{"rendered":"https:\/\/alexgertsch.ch\/?page_id=10544"},"modified":"2024-02-23T18:28:24","modified_gmt":"2024-02-23T18:28:24","slug":"variantes-et-tours-freeride","status":"publish","type":"page","link":"https:\/\/alexgertsch.ch\/fr\/variantes-et-tours-freeride\/","title":{"rendered":"Variantes et Tours Freeride"},"content":{"rendered":"<div class=\"wpb-content-wrapper\"><p>[vc_row][vc_column width=\u00a0\u00bb1\/6&Prime;][\/vc_column][vc_column width=\u00a0\u00bb2\/3&Prime;][vc_column_text woodmart_inline=\u00a0\u00bbno\u00a0\u00bb text_larger=\u00a0\u00bbno\u00a0\u00bb]<\/p>\n<blockquote><p>\u00cates-vous pr\u00eat \u00e0 vous aventurer au-del\u00e0 des pistes dam\u00e9es et \u00e0 plonger dans la beaut\u00e9 sauvage du ski hors-piste et hors-piste?<\/p><\/blockquote>\n<p>Rejoignez l&rsquo;\u00e9cole de ski et de snowboard Alexander Gertsch Wengen pour une aventure freeride inoubliable qui promet \u00e0 la fois s\u00e9curit\u00e9 et exaltation.[\/vc_column_text][vc_video link=\u00a0\u00bbhttps:\/\/www.youtube.com\/watch?v=vYhwAeUMVz4&Prime; woodmart_css_id=\u00a0\u00bb65aac4bb1a13f\u00a0\u00bb image_poster_switch=\u00a0\u00bbno\u00a0\u00bb][\/vc_column][vc_column width=\u00a0\u00bb1\/6&Prime;][\/vc_column][\/vc_row][vc_row][vc_column width=\u00a0\u00bb1\/6&Prime;][\/vc_column][vc_column width=\u00a0\u00bb2\/3&Prime;][vc_column_text woodmart_inline=\u00a0\u00bbno\u00a0\u00bb text_larger=\u00a0\u00bbno\u00a0\u00bb]<\/p>\n<h2>Explorez la beaut\u00e9 du hors-piste et de l&rsquo;arri\u00e8re-pays:<\/h2>\n<blockquote><p>S&rsquo;appuyant sur des ann\u00e9es d&rsquo;expertise en ski hors-piste et hors-piste, nos guides se consacrent \u00e0 offrir une exp\u00e9rience s\u00fbre et immens\u00e9ment enrichissante \u00e0 chaque aventurier.<\/p><\/blockquote>\n<p><strong>La s\u00e9curit\u00e9 avant tout:<\/strong> Pour garantir le plus haut niveau de s\u00e9curit\u00e9, nous insistons pour que les participants disposent de l&rsquo;\u00e9quipement n\u00e9cessaire, notamment un \u00e9metteur-r\u00e9cepteur d&rsquo;avalanche, une pelle \u00e0 neige et une sonde lorsqu&rsquo;ils s&rsquo;aventurent hors-piste. Votre s\u00e9curit\u00e9 est notre priorit\u00e9, et ces outils sont indispensables \u00e0 toute excursion freeride.<\/p>\n<p><strong>\u00c9valuation des comp\u00e9tences:<\/strong> Nous accordons la priorit\u00e9 \u00e0 la s\u00e9curit\u00e9, non seulement en termes d&rsquo;\u00e9quipement, mais \u00e9galement en termes de niveau de comp\u00e9tence. Les participants doivent atteindre un certain niveau de comp\u00e9tence et, dans certains cas, une \u00e9valuation peut \u00eatre n\u00e9cessaire. Cela garantit la s\u00e9curit\u00e9 de l&rsquo;individu et du groupe, cr\u00e9ant un environnement o\u00f9 chacun peut profiter pleinement de l&rsquo;exp\u00e9rience freeride.[\/vc_column_text][\/vc_column][vc_column width=\u00a0\u00bb1\/6&Prime;][\/vc_column][\/vc_row][vc_row full_height=\u00a0\u00bbyes\u00a0\u00bb content_placement=\u00a0\u00bbmiddle\u00a0\u00bb woodmart_css_id=\u00a0\u00bb65aa8d9cea2a4&Prime; responsive_spacing=\u00a0\u00bbeyJwYXJhbV90eXBlIjoid29vZG1hcnRfcmVzcG9uc2l2ZV9zcGFjaW5nIiwic2VsZWN0b3JfaWQiOiI2NWFhOGQ5Y2VhMmE0Iiwic2hvcnRjb2RlIjoidmNfcm93IiwiZGF0YSI6eyJ0YWJsZXQiOnt9LCJtb2JpbGUiOnt9fX0=\u00a0\u00bb mobile_bg_img_hidden=\u00a0\u00bbno\u00a0\u00bb tablet_bg_img_hidden=\u00a0\u00bbno\u00a0\u00bb woodmart_parallax=\u00a0\u00bb0&Prime; woodmart_gradient_switch=\u00a0\u00bbno\u00a0\u00bb woodmart_box_shadow=\u00a0\u00bbno\u00a0\u00bb wd_z_index=\u00a0\u00bbno\u00a0\u00bb woodmart_disable_overflow=\u00a0\u00bb0&Prime; row_reverse_mobile=\u00a0\u00bb0&Prime; row_reverse_tablet=\u00a0\u00bb0&Prime;][vc_column width=\u00a0\u00bb1\/6&Prime;][\/vc_column][vc_column width=\u00a0\u00bb1\/3&Prime;][vc_column_text woodmart_inline=\u00a0\u00bbno\u00a0\u00bb text_larger=\u00a0\u00bbno\u00a0\u00bb]<\/p>\n<h2>Pourquoi choisir nos variantes et circuits Freeride?<\/h2>\n<ul>\n<li><strong>Guides experts:<\/strong> b\u00e9n\u00e9ficiez des conseils de nos instructeurs de freeride exp\u00e9riment\u00e9s et comp\u00e9tents.<\/li>\n<li><strong>Aventures personnalis\u00e9es:<\/strong> Que vous soyez un passionn\u00e9 de hors-piste chevronn\u00e9 ou un d\u00e9butant en ski hors-piste, nos circuits s&rsquo;adressent \u00e0 diff\u00e9rents niveaux de comp\u00e9tence.<\/li>\n<li><strong>Paysages in\u00e9gal\u00e9s:<\/strong> Plongez dans les paysages \u00e0 couper le souffle des Alpes suisses et d\u00e9couvrez la beaut\u00e9 intacte des terrains de freeride.<\/li>\n<\/ul>\n<blockquote><p>Embarquez pour un voyage freeride alliant adr\u00e9naline et s\u00e9curit\u00e9.<\/p><\/blockquote>\n<p>R\u00e9servez vos variantes et circuits de freeride aupr\u00e8s de l&rsquo;\u00e9cole de ski et de snowboard Alexander Gertsch Wengen et laissez la montagne \u00eatre votre terrain de jeu en d\u00e9couvrant les sensations fortes du ski hors-piste et hors-piste au c\u0153ur de la r\u00e9gion de la Jungfrau.[\/vc_column_text][\/vc_column][vc_column width=\u00a0\u00bb1\/3&Prime;]\t\t<div id=\"wd-65aac58d41e6c\" class=\"wd-image wd-wpb wd-rs-65aac58d41e6c text-center \">\n\t\t\t\n\t\t\t<img loading=\"lazy\" decoding=\"async\" width=\"600\" height=\"800\" src=\"https:\/\/alexgertsch.ch\/wp-content\/uploads\/2024\/01\/freeride-with-alex-gertsch-wengen-ski-school.jpg\" class=\"attachment-full size-full\" alt=\"\" srcset=\"https:\/\/alexgertsch.ch\/wp-content\/uploads\/2024\/01\/freeride-with-alex-gertsch-wengen-ski-school.jpg 600w, https:\/\/alexgertsch.ch\/wp-content\/uploads\/2024\/01\/freeride-with-alex-gertsch-wengen-ski-school-225x300.jpg 225w, https:\/\/alexgertsch.ch\/wp-content\/uploads\/2024\/01\/freeride-with-alex-gertsch-wengen-ski-school-430x573.jpg 430w, https:\/\/alexgertsch.ch\/wp-content\/uploads\/2024\/01\/freeride-with-alex-gertsch-wengen-ski-school-150x200.jpg 150w\" sizes=\"(max-width: 600px) 100vw, 600px\" \/>\n\t\t\t\t\t<\/div>\n\t\t[\/vc_column][vc_column width=\u00a0\u00bb1\/6&Prime;][\/vc_column][\/vc_row][vc_row][vc_column width=\u00a0\u00bb1\/6&Prime;][\/vc_column][vc_column width=\u00a0\u00bb2\/3&Prime;]\n\t\t<div id=\"wd-65d8aa34d0206\" class=\"title-wrapper wd-wpb set-mb-s reset-last-child  wd-rs-65d8aa34d0206 wd-title-color-default wd-title-style-default text-left  wd-underline-colored\">\n\t\t\t\n\t\t\t<div class=\"liner-continer\">\n\t\t\t\t<h4 class=\"woodmart-title-container title  wd-font-weight- wd-fontsize-l\" >R\u00e9servez votre freeride d\u00e8s aujourd'hui!<\/h4>\n\t\t\t\t\t\t\t<\/div>\n\t\t\t\n\t\t\t\n\t\t\t\n\t\t<\/div>\n\t\t\n\t\t\n<div class=\"wpcf7 no-js\" id=\"wpcf7-f10618-o1\" lang=\"fr-FR\" dir=\"ltr\">\n<div class=\"screen-reader-response\"><p role=\"status\" aria-live=\"polite\" aria-atomic=\"true\"><\/p> <ul><\/ul><\/div>\n<form action=\"\/fr\/wp-json\/wp\/v2\/pages\/10544#wpcf7-f10618-o1\" method=\"post\" class=\"wpcf7-form init\" aria-label=\"Formulaire de contact\" novalidate=\"novalidate\" data-status=\"init\">\n<div style=\"display: none;\">\n<input type=\"hidden\" name=\"_wpcf7\" value=\"10618\" \/>\n<input type=\"hidden\" name=\"_wpcf7_version\" value=\"5.8.7\" \/>\n<input type=\"hidden\" name=\"_wpcf7_locale\" value=\"fr_FR\" \/>\n<input type=\"hidden\" name=\"_wpcf7_unit_tag\" value=\"wpcf7-f10618-o1\" \/>\n<input type=\"hidden\" name=\"_wpcf7_container_post\" value=\"0\" \/>\n<input type=\"hidden\" name=\"_wpcf7_posted_data_hash\" value=\"\" \/>\n<input type=\"hidden\" name=\"_wpcf7dtx_version\" value=\"5.0.2\" \/>\n<input type=\"hidden\" name=\"_wpcf7_recaptcha_response\" value=\"\" \/>\n<\/div>\n<div class=\"row\">\n\t<p class=\"col-md-4\"><label>Votre nom<\/label><span class=\"wpcf7-form-control-wrap\" data-name=\"your-name\"><input size=\"40\" class=\"wpcf7-form-control wpcf7-text wpcf7-validates-as-required\" aria-required=\"true\" aria-invalid=\"false\" value=\"\" type=\"text\" name=\"your-name\" \/><\/span>\n\t<\/p>\n\t<p class=\"col-md-4\"><label>Votre Email<\/label><span class=\"wpcf7-form-control-wrap\" data-name=\"your-email\"><input size=\"40\" class=\"wpcf7-form-control wpcf7-email wpcf7-validates-as-required wpcf7-text wpcf7-validates-as-email\" aria-required=\"true\" aria-invalid=\"false\" value=\"\" type=\"email\" name=\"your-email\" \/><\/span>\n\t<\/p>\n\t<p class=\"col-md-4\"><label>Votre num\u00e9ro de t\u00e9l\u00e9phone<\/label><span class=\"wpcf7-form-control-wrap\" data-name=\"tel-832\"><input size=\"40\" class=\"wpcf7-form-control wpcf7-tel wpcf7-validates-as-required wpcf7-text wpcf7-validates-as-tel\" aria-required=\"true\" aria-invalid=\"false\" value=\"\" type=\"tel\" name=\"tel-832\" \/><\/span>\n\t<\/p>\n<\/div>\n<div class=\"row\">\n\t<p class=\"col-md-6\"><label>Service<\/label><span class=\"wpcf7-form-control-wrap\" data-name=\"menu-808\"><select class=\"wpcf7-form-control wpcf7-select wpcf7-validates-as-required\" aria-required=\"true\" aria-invalid=\"false\" name=\"menu-808\"><option value=\"Cours particuliers de ski\">Cours particuliers de ski<\/option><option value=\"Cours particuliers de snowboard\">Cours particuliers de snowboard<\/option><option value=\"Freeride et circuits\">Freeride et circuits<\/option><option value=\"Luge\">Luge<\/option><option value=\"Freestyle\">Freestyle<\/option><option value=\"Guidage\">Guidage<\/option><option value=\"Ski en h\u00e9licopt\u00e8re\">Ski en h\u00e9licopt\u00e8re<\/option><\/select><\/span>\n\t<\/p>\n\t<p class=\"col-md-6\"><label>Temps de cours<\/label><span class=\"wpcf7-form-control-wrap\" data-name=\"menu-805\"><select class=\"wpcf7-form-control wpcf7-select wpcf7-validates-as-required\" aria-required=\"true\" aria-invalid=\"false\" name=\"menu-805\"><option value=\"Matin - 2 heures - 10:00-12:00\">Matin - 2 heures - 10:00-12:00<\/option><option value=\"Matin - 3 heures - 9:00-12:00\">Matin - 3 heures - 9:00-12:00<\/option><option value=\"Apr\u00e8s-midi - 2 heures - 14:00-16:00\">Apr\u00e8s-midi - 2 heures - 14:00-16:00<\/option><option value=\"Apr\u00e8s-midi - 2 heures - 13:00-16:00\">Apr\u00e8s-midi - 2 heures - 13:00-16:00<\/option><option value=\"Journ\u00e9e compl\u00e8te (5 heures)\">Journ\u00e9e compl\u00e8te (5 heures)<\/option><\/select><\/span>\n\t<\/p>\n<\/div>\n<div class=\"row\">\n\t<p class=\"col-md-4\"><label>Niveau de comp\u00e9tence<\/label><span class=\"wpcf7-form-control-wrap\" data-name=\"menu-809\"><select class=\"wpcf7-form-control wpcf7-select wpcf7-validates-as-required\" aria-required=\"true\" aria-invalid=\"false\" name=\"menu-809\"><option value=\"D\u00e9butant\">D\u00e9butant<\/option><option value=\"Interm\u00e9diaire\">Interm\u00e9diaire<\/option><option value=\"Expert\">Expert<\/option><\/select><\/span>\n\t<\/p>\n\t<p class=\"col-md-4\"><label>Personne suppl\u00e9mentaire<\/label><span class=\"wpcf7-form-control-wrap\" data-name=\"menu-807\"><select class=\"wpcf7-form-control wpcf7-select wpcf7-validates-as-required\" aria-required=\"true\" aria-invalid=\"false\" name=\"menu-807\"><option value=\"0\">0<\/option><option value=\"1\">1<\/option><option value=\"2\">2<\/option><option value=\"3\">3<\/option><option value=\"4\">4<\/option><option value=\"5\">5<\/option><option value=\"6\">6<\/option><option value=\"7\">7<\/option><option value=\"8\">8<\/option><option value=\"9\">9<\/option><option value=\"10\">10<\/option><option value=\"11\">11<\/option><\/select><\/span>\n\t<\/p>\n\t<p class=\"col-md-4\"><label>Date<\/label><span class=\"wpcf7-form-control-wrap\" data-name=\"date-744\"><input class=\"wpcf7-form-control wpcf7-date wpcf7-validates-as-date\" aria-invalid=\"false\" value=\"\" type=\"date\" name=\"date-744\" \/><\/span>\n\t<\/p>\n<\/div>\n<p><label>Votre message<\/label><span class=\"wpcf7-form-control-wrap\" data-name=\"your-message\"><textarea cols=\"40\" rows=\"10\" class=\"wpcf7-form-control wpcf7-textarea\" aria-invalid=\"false\" name=\"your-message\"><\/textarea><\/span>\n<\/p>\n<p><p class=\"cf7ascaptcha\"><input name=\"cf7as_hdn_cpthaval1\" id=\"cf7as_hdn_cpthaval1\" type=\"hidden\" value=\"5\" \/><input name=\"cf7as_hdn_cpthaval2\" id=\"cf7as_hdn_cpthaval2\" type=\"hidden\" value=\"8\" \/><input name=\"cf7as_hdn_cpthaaction\" id=\"cf7as_hdn_cpthaaction\" type=\"hidden\" value=\"+\" \/>Solve: <span class=\"cf7as-firstAct\">8<\/span> +<span class=\"cf7as-firstAct\"> 5<\/span> <br><span class=\"wpcf7-form-control-wrap cf7as-captchcode\" data-name=\"cf7as-captchcode\"> <input type=\"text\" aria-invalid=\"false\" aria-required=\"true\" class=\"wpcf7-form-control wpcf7-text wpcf7-validates-as-required\" size=\"5\" value=\"\" name=\"cf7as-captchcode\" placeholder=\"Type your answer\" style=\"width:200px;margin-bottom:10px;\" oninput=\"this.value = this.value.replace(\/[^0-9.]\/g, '').replace(\/(\\..*)\\.\/g, '$1');\"><\/span><input type=\"hidden\" name=\"cf7as-zplus\" value=\"\"><\/p>\n<\/p>\n<p><input class=\"wpcf7-form-control wpcf7-submit has-spinner btn-color-black\" type=\"submit\" value=\"ENVOYER UNE DEMANDE\" \/>\n<\/p><div class=\"wpcf7-response-output\" aria-hidden=\"true\"><\/div>\n<\/form>\n<\/div>\n[\/vc_column][vc_column width=\u00a0\u00bb1\/6&Prime;][\/vc_column][\/vc_row]<\/p>\n<\/div>","protected":false},"excerpt":{"rendered":"<p>[vc_row][vc_column width=\u00a0\u00bb1\/6&Prime;][\/vc_column][vc_column width=\u00a0\u00bb2\/3&Prime;][vc_column_text woodmart_inline=\u00a0\u00bbno\u00a0\u00bb text_larger=\u00a0\u00bbno\u00a0\u00bb] \u00cates-vous pr\u00eat \u00e0 vous aventurer au-del\u00e0 des pistes dam\u00e9es et \u00e0 plonger dans la beaut\u00e9<\/p>\n","protected":false},"author":3,"featured_media":0,"parent":0,"menu_order":0,"comment_status":"closed","ping_status":"closed","template":"","meta":{"footnotes":""},"yoast_head":"<!-- This site is optimized with the Yoast SEO plugin v22.1 - https:\/\/yoast.com\/wordpress\/plugins\/seo\/ -->\n<title>Variantes et Tours Freeride - Alexander Gertsch Wengen Ski and Snowboard School Switzerland<\/title>\n<meta name=\"robots\" content=\"index, follow, max-snippet:-1, max-image-preview:large, max-video-preview:-1\" \/>\n<link rel=\"canonical\" href=\"https:\/\/alexgertsch.ch\/freeride-variants-and-tours\/\" \/>\n<meta property=\"og:locale\" content=\"fr_FR\" \/>\n<meta property=\"og:type\" content=\"article\" \/>\n<meta property=\"og:title\" content=\"Variantes et Tours Freeride - Alexander Gertsch Wengen Ski and Snowboard School Switzerland\" \/>\n<meta property=\"og:description\" content=\"[vc_row][vc_column width=\u00a0\u00bb1\/6&Prime;][\/vc_column][vc_column width=\u00a0\u00bb2\/3&Prime;][vc_column_text woodmart_inline=\u00a0\u00bbno\u00a0\u00bb text_larger=\u00a0\u00bbno\u00a0\u00bb] \u00cates-vous pr\u00eat \u00e0 vous aventurer au-del\u00e0 des pistes dam\u00e9es et \u00e0 plonger dans la beaut\u00e9\" \/>\n<meta property=\"og:url\" content=\"https:\/\/alexgertsch.ch\/freeride-variants-and-tours\/\" \/>\n<meta property=\"og:site_name\" content=\"Alexander Gertsch Wengen Ski and Snowboard School Switzerland\" \/>\n<meta property=\"article:publisher\" content=\"https:\/\/www.facebook.com\/AlexanderGertschMA\" \/>\n<meta property=\"article:modified_time\" content=\"2024-02-23T18:28:24+00:00\" \/>\n<meta name=\"twitter:card\" content=\"summary_large_image\" \/>\n<meta name=\"twitter:label1\" content=\"Dur\u00e9e de lecture estim\u00e9e\" \/>\n\t<meta name=\"twitter:data1\" content=\"2 minutes\" \/>\n<script type=\"application\/ld+json\" class=\"yoast-schema-graph\">{\"@context\":\"https:\/\/schema.org\",\"@graph\":[{\"@type\":\"WebPage\",\"@id\":\"https:\/\/alexgertsch.ch\/freeride-variants-and-tours\/\",\"url\":\"https:\/\/alexgertsch.ch\/freeride-variants-and-tours\/\",\"name\":\"Variantes et Tours Freeride - Alexander Gertsch Wengen Ski and Snowboard School Switzerland\",\"isPartOf\":{\"@id\":\"https:\/\/alexgertsch.ch\/#website\"},\"datePublished\":\"2022-12-27T15:09:17+00:00\",\"dateModified\":\"2024-02-23T18:28:24+00:00\",\"breadcrumb\":{\"@id\":\"https:\/\/alexgertsch.ch\/freeride-variants-and-tours\/#breadcrumb\"},\"inLanguage\":\"fr-FR\",\"potentialAction\":[{\"@type\":\"ReadAction\",\"target\":[\"https:\/\/alexgertsch.ch\/freeride-variants-and-tours\/\"]}]},{\"@type\":\"BreadcrumbList\",\"@id\":\"https:\/\/alexgertsch.ch\/freeride-variants-and-tours\/#breadcrumb\",\"itemListElement\":[{\"@type\":\"ListItem\",\"position\":1,\"name\":\"Home\",\"item\":\"https:\/\/alexgertsch.ch\/fr\/\"},{\"@type\":\"ListItem\",\"position\":2,\"name\":\"Variantes et Tours Freeride\"}]},{\"@type\":\"WebSite\",\"@id\":\"https:\/\/alexgertsch.ch\/#website\",\"url\":\"https:\/\/alexgertsch.ch\/\",\"name\":\"Alexander Gertsch Wengen Ski and Snowboard School Switzerland\",\"description\":\"\",\"publisher\":{\"@id\":\"https:\/\/alexgertsch.ch\/#organization\"},\"potentialAction\":[{\"@type\":\"SearchAction\",\"target\":{\"@type\":\"EntryPoint\",\"urlTemplate\":\"https:\/\/alexgertsch.ch\/?s={search_term_string}\"},\"query-input\":\"required name=search_term_string\"}],\"inLanguage\":\"fr-FR\"},{\"@type\":\"Organization\",\"@id\":\"https:\/\/alexgertsch.ch\/#organization\",\"name\":\"Alexander Gertsch Wengen Ski and Snowboard School Switzerland\",\"url\":\"https:\/\/alexgertsch.ch\/\",\"logo\":{\"@type\":\"ImageObject\",\"inLanguage\":\"fr-FR\",\"@id\":\"https:\/\/alexgertsch.ch\/#\/schema\/logo\/image\/\",\"url\":\"https:\/\/alexgertsch.ch\/wp-content\/uploads\/2022\/12\/Wengen2.png\",\"contentUrl\":\"https:\/\/alexgertsch.ch\/wp-content\/uploads\/2022\/12\/Wengen2.png\",\"width\":351,\"height\":274,\"caption\":\"Alexander Gertsch Wengen Ski and Snowboard School Switzerland\"},\"image\":{\"@id\":\"https:\/\/alexgertsch.ch\/#\/schema\/logo\/image\/\"},\"sameAs\":[\"https:\/\/www.facebook.com\/AlexanderGertschMA\",\"https:\/\/www.youtube.com\/@alexandergertschwengenskis2693\",\"https:\/\/www.instagram.com\/alexandergertsch\/\"]}]}<\/script>\n<!-- \/ Yoast SEO plugin. -->","yoast_head_json":{"title":"Variantes et Tours Freeride - Alexander Gertsch Wengen Ski and Snowboard School Switzerland","robots":{"index":"index","follow":"follow","max-snippet":"max-snippet:-1","max-image-preview":"max-image-preview:large","max-video-preview":"max-video-preview:-1"},"canonical":"https:\/\/alexgertsch.ch\/freeride-variants-and-tours\/","og_locale":"fr_FR","og_type":"article","og_title":"Variantes et Tours Freeride - Alexander Gertsch Wengen Ski and Snowboard School Switzerland","og_description":"[vc_row][vc_column width=\u00a0\u00bb1\/6&Prime;][\/vc_column][vc_column width=\u00a0\u00bb2\/3&Prime;][vc_column_text woodmart_inline=\u00a0\u00bbno\u00a0\u00bb text_larger=\u00a0\u00bbno\u00a0\u00bb] \u00cates-vous pr\u00eat \u00e0 vous aventurer au-del\u00e0 des pistes dam\u00e9es et \u00e0 plonger dans la beaut\u00e9","og_url":"https:\/\/alexgertsch.ch\/freeride-variants-and-tours\/","og_site_name":"Alexander Gertsch Wengen Ski and Snowboard School Switzerland","article_publisher":"https:\/\/www.facebook.com\/AlexanderGertschMA","article_modified_time":"2024-02-23T18:28:24+00:00","twitter_card":"summary_large_image","twitter_misc":{"Dur\u00e9e de lecture estim\u00e9e":"2 minutes"},"schema":{"@context":"https:\/\/schema.org","@graph":[{"@type":"WebPage","@id":"https:\/\/alexgertsch.ch\/freeride-variants-and-tours\/","url":"https:\/\/alexgertsch.ch\/freeride-variants-and-tours\/","name":"Variantes et Tours Freeride - Alexander Gertsch Wengen Ski and Snowboard School Switzerland","isPartOf":{"@id":"https:\/\/alexgertsch.ch\/#website"},"datePublished":"2022-12-27T15:09:17+00:00","dateModified":"2024-02-23T18:28:24+00:00","breadcrumb":{"@id":"https:\/\/alexgertsch.ch\/freeride-variants-and-tours\/#breadcrumb"},"inLanguage":"fr-FR","potentialAction":[{"@type":"ReadAction","target":["https:\/\/alexgertsch.ch\/freeride-variants-and-tours\/"]}]},{"@type":"BreadcrumbList","@id":"https:\/\/alexgertsch.ch\/freeride-variants-and-tours\/#breadcrumb","itemListElement":[{"@type":"ListItem","position":1,"name":"Home","item":"https:\/\/alexgertsch.ch\/fr\/"},{"@type":"ListItem","position":2,"name":"Variantes et Tours Freeride"}]},{"@type":"WebSite","@id":"https:\/\/alexgertsch.ch\/#website","url":"https:\/\/alexgertsch.ch\/","name":"Alexander Gertsch Wengen Ski and Snowboard School Switzerland","description":"","publisher":{"@id":"https:\/\/alexgertsch.ch\/#organization"},"potentialAction":[{"@type":"SearchAction","target":{"@type":"EntryPoint","urlTemplate":"https:\/\/alexgertsch.ch\/?s={search_term_string}"},"query-input":"required name=search_term_string"}],"inLanguage":"fr-FR"},{"@type":"Organization","@id":"https:\/\/alexgertsch.ch\/#organization","name":"Alexander Gertsch Wengen Ski and Snowboard School Switzerland","url":"https:\/\/alexgertsch.ch\/","logo":{"@type":"ImageObject","inLanguage":"fr-FR","@id":"https:\/\/alexgertsch.ch\/#\/schema\/logo\/image\/","url":"https:\/\/alexgertsch.ch\/wp-content\/uploads\/2022\/12\/Wengen2.png","contentUrl":"https:\/\/alexgertsch.ch\/wp-content\/uploads\/2022\/12\/Wengen2.png","width":351,"height":274,"caption":"Alexander Gertsch Wengen Ski and Snowboard School Switzerland"},"image":{"@id":"https:\/\/alexgertsch.ch\/#\/schema\/logo\/image\/"},"sameAs":["https:\/\/www.facebook.com\/AlexanderGertschMA","https:\/\/www.youtube.com\/@alexandergertschwengenskis2693","https:\/\/www.instagram.com\/alexandergertsch\/"]}]}},"jetpack_sharing_enabled":true,"_links":{"self":[{"href":"https:\/\/alexgertsch.ch\/fr\/wp-json\/wp\/v2\/pages\/10544"}],"collection":[{"href":"https:\/\/alexgertsch.ch\/fr\/wp-json\/wp\/v2\/pages"}],"about":[{"href":"https:\/\/alexgertsch.ch\/fr\/wp-json\/wp\/v2\/types\/page"}],"author":[{"embeddable":true,"href":"https:\/\/alexgertsch.ch\/fr\/wp-json\/wp\/v2\/users\/3"}],"replies":[{"embeddable":true,"href":"https:\/\/alexgertsch.ch\/fr\/wp-json\/wp\/v2\/comments?post=10544"}],"version-history":[{"count":2,"href":"https:\/\/alexgertsch.ch\/fr\/wp-json\/wp\/v2\/pages\/10544\/revisions"}],"predecessor-version":[{"id":10631,"href":"https:\/\/alexgertsch.ch\/fr\/wp-json\/wp\/v2\/pages\/10544\/revisions\/10631"}],"wp:attachment":[{"href":"https:\/\/alexgertsch.ch\/fr\/wp-json\/wp\/v2\/media?parent=10544"}],"curies":[{"name":"wp","href":"https:\/\/api.w.org\/{rel}","templated":true}]}}