{"id":10551,"date":"2022-12-27T15:13:45","date_gmt":"2022-12-27T15:13:45","guid":{"rendered":"https:\/\/alexgertsch.ch\/?page_id=10551"},"modified":"2024-02-23T18:29:31","modified_gmt":"2024-02-23T18:29:31","slug":"guidage","status":"publish","type":"page","link":"https:\/\/alexgertsch.ch\/fr\/guidage\/","title":{"rendered":"Guidage"},"content":{"rendered":"<div class=\"wpb-content-wrapper\"><p>[vc_row][vc_column width=\u00a0\u00bb1\/6&Prime;][\/vc_column][vc_column width=\u00a0\u00bb2\/3&Prime;][vc_column_text woodmart_inline=\u00a0\u00bbno\u00a0\u00bb text_larger=\u00a0\u00bbno\u00a0\u00bb]<\/p>\n<blockquote><p>Avez-vous envie d&rsquo;explorer les joyaux cach\u00e9s de la r\u00e9gion de la Jungfrau, au-del\u00e0 des pistes famili\u00e8res de Wengen?<\/p><\/blockquote>\n<p>Cherchez pas plus loin! \u00c0 l&rsquo;\u00e9cole de ski et de snowboard Alexander Gertsch Wengen, nos services de guide sont con\u00e7us pour rehausser vos vacances au ski, en fournissant des conseils d&rsquo;experts et en mettant en valeur l&rsquo;\u00e9tonnante diversit\u00e9 des stations de la r\u00e9gion.[\/vc_column_text][\/vc_column][vc_column width=\u00a0\u00bb1\/6&Prime;][\/vc_column][\/vc_row][vc_row full_height=\u00a0\u00bbyes\u00a0\u00bb content_placement=\u00a0\u00bbmiddle\u00a0\u00bb woodmart_css_id=\u00a0\u00bb65aa8d9cea2a4&Prime; responsive_spacing=\u00a0\u00bbeyJwYXJhbV90eXBlIjoid29vZG1hcnRfcmVzcG9uc2l2ZV9zcGFjaW5nIiwic2VsZWN0b3JfaWQiOiI2NWFhOGQ5Y2VhMmE0Iiwic2hvcnRjb2RlIjoidmNfcm93IiwiZGF0YSI6eyJ0YWJsZXQiOnt9LCJtb2JpbGUiOnt9fX0=\u00a0\u00bb mobile_bg_img_hidden=\u00a0\u00bbno\u00a0\u00bb tablet_bg_img_hidden=\u00a0\u00bbno\u00a0\u00bb woodmart_parallax=\u00a0\u00bb0&Prime; woodmart_gradient_switch=\u00a0\u00bbno\u00a0\u00bb woodmart_box_shadow=\u00a0\u00bbno\u00a0\u00bb wd_z_index=\u00a0\u00bbno\u00a0\u00bb woodmart_disable_overflow=\u00a0\u00bb0&Prime; row_reverse_mobile=\u00a0\u00bb0&Prime; row_reverse_tablet=\u00a0\u00bb0&Prime;][vc_column width=\u00a0\u00bb1\/6&Prime;][\/vc_column][vc_column width=\u00a0\u00bb1\/3&Prime;][vc_column_text woodmart_inline=\u00a0\u00bbno\u00a0\u00bb text_larger=\u00a0\u00bbno\u00a0\u00bb]<\/p>\n<h2>Pourquoi choisir nos services de guidage?<\/h2>\n<ul>\n<li><strong>Expertise locale:<\/strong> B\u00e9n\u00e9ficiez des connaissances d&rsquo;un guide local familier avec les subtilit\u00e9s du domaine skiable. D\u00e9couvrez des sentiers cach\u00e9s, des vues \u00e0 couper le souffle et de charmantes stations baln\u00e9aires au-del\u00e0 de Wengen.<\/li>\n<li><strong>Aventures \u00e0 l&rsquo;\u00e9preuve des intemp\u00e9ries:<\/strong> quelles que soient les conditions m\u00e9t\u00e9orologiques, nos moniteurs de sports de neige professionnels sont capables de vous guider vers les plus beaux endroits. Beau temps, mauvais temps, votre exp\u00e9rience guid\u00e9e sera inoubliable.<\/li>\n<li><strong>Explorez Grindelwald et M\u00fcrren:<\/strong> Aventurez-vous au-del\u00e0 de Wengen pendant une journ\u00e9e et explorez des stations baln\u00e9aires renomm\u00e9es comme Grindelwald et M\u00fcrren. Plongez-vous dans un tout nouveau monde de ski, changez votre perspective et enrichissez votre exp\u00e9rience globale du domaine skiable.<\/li>\n<\/ul>\n<p>[\/vc_column_text][\/vc_column][vc_column width=\u00a0\u00bb1\/3&Prime;]\t\t<div id=\"wd-65aac79689f81\" class=\"wd-image wd-wpb wd-rs-65aac79689f81 text-center \">\n\t\t\t\n\t\t\t<img loading=\"lazy\" decoding=\"async\" width=\"600\" height=\"800\" src=\"https:\/\/alexgertsch.ch\/wp-content\/uploads\/2024\/01\/alex-gertsch-jungfrau-region-ski-guiding.jpg\" class=\"attachment-full size-full\" alt=\"\" srcset=\"https:\/\/alexgertsch.ch\/wp-content\/uploads\/2024\/01\/alex-gertsch-jungfrau-region-ski-guiding.jpg 600w, https:\/\/alexgertsch.ch\/wp-content\/uploads\/2024\/01\/alex-gertsch-jungfrau-region-ski-guiding-225x300.jpg 225w, https:\/\/alexgertsch.ch\/wp-content\/uploads\/2024\/01\/alex-gertsch-jungfrau-region-ski-guiding-430x573.jpg 430w, https:\/\/alexgertsch.ch\/wp-content\/uploads\/2024\/01\/alex-gertsch-jungfrau-region-ski-guiding-150x200.jpg 150w\" sizes=\"(max-width: 600px) 100vw, 600px\" \/>\n\t\t\t\t\t<\/div>\n\t\t[\/vc_column][vc_column width=\u00a0\u00bb1\/6&Prime;][\/vc_column][\/vc_row][vc_row][vc_column width=\u00a0\u00bb1\/6&Prime;][\/vc_column][vc_column width=\u00a0\u00bb2\/3&Prime;][vc_column_text woodmart_inline=\u00a0\u00bbno\u00a0\u00bb text_larger=\u00a0\u00bbno\u00a0\u00bb]<strong>Simplifiez vos vacances:<\/strong> Profitez au maximum de vos vacances au ski en confiant votre exploration \u00e0 un moniteur de sports de neige professionnel. Nous simplifions votre itin\u00e9raire, garantissant une exp\u00e9rience fluide et enrichissante qui sort de l&rsquo;ordinaire.[\/vc_column_text]\t\t<div id=\"wd-65aac83706ee0\" class=\"wd-image wd-wpb wd-rs-65aac83706ee0 text-center \">\n\t\t\t\n\t\t\t<img loading=\"lazy\" decoding=\"async\" width=\"1080\" height=\"720\" src=\"https:\/\/alexgertsch.ch\/wp-content\/uploads\/2024\/01\/alex-gertsch-jungfrau-ski-guiding.jpg\" class=\"attachment-full size-full\" alt=\"\" srcset=\"https:\/\/alexgertsch.ch\/wp-content\/uploads\/2024\/01\/alex-gertsch-jungfrau-ski-guiding.jpg 1080w, https:\/\/alexgertsch.ch\/wp-content\/uploads\/2024\/01\/alex-gertsch-jungfrau-ski-guiding-400x267.jpg 400w, https:\/\/alexgertsch.ch\/wp-content\/uploads\/2024\/01\/alex-gertsch-jungfrau-ski-guiding-768x512.jpg 768w, https:\/\/alexgertsch.ch\/wp-content\/uploads\/2024\/01\/alex-gertsch-jungfrau-ski-guiding-860x573.jpg 860w, https:\/\/alexgertsch.ch\/wp-content\/uploads\/2024\/01\/alex-gertsch-jungfrau-ski-guiding-430x287.jpg 430w, https:\/\/alexgertsch.ch\/wp-content\/uploads\/2024\/01\/alex-gertsch-jungfrau-ski-guiding-700x467.jpg 700w, https:\/\/alexgertsch.ch\/wp-content\/uploads\/2024\/01\/alex-gertsch-jungfrau-ski-guiding-150x100.jpg 150w\" sizes=\"(max-width: 1080px) 100vw, 1080px\" \/>\n\t\t\t\t\t<\/div>\n\t\t[vc_column_text woodmart_inline=\u00a0\u00bbno\u00a0\u00bb text_larger=\u00a0\u00bbno\u00a0\u00bb]<strong>Transformez votre exp\u00e9rience de ski:<\/strong> rejoignez-nous pour vous guider \u00e0 travers le terrain vaste et diversifi\u00e9 de la r\u00e9gion de la Jungfrau. Laissez nos conseils experts vous ouvrir un monde de possibilit\u00e9s, changer votre vision du domaine skiable et vous laisser des souvenirs inoubliables.<\/p>\n<blockquote><p>Pr\u00eat \u00e0 vous lancer dans une aventure de ski guid\u00e9e comme jamais auparavant?<\/p><\/blockquote>\n<p>R\u00e9servez votre exp\u00e9rience de guide avec l&rsquo;\u00e9cole de ski et de snowboard Alexander Gertsch Wengen et laissez les merveilles de la r\u00e9gion de la Jungfrau se d\u00e9voiler devant vous.[\/vc_column_text][\/vc_column][vc_column width=\u00a0\u00bb1\/6&Prime;][\/vc_column][\/vc_row][vc_row][vc_column width=\u00a0\u00bb1\/6&Prime;][\/vc_column][vc_column width=\u00a0\u00bb2\/3&Prime;]\n\t\t<div id=\"wd-65d8ae7202f2b\" class=\"title-wrapper wd-wpb set-mb-s reset-last-child  wd-rs-65d8ae7202f2b wd-title-color-default wd-title-style-default text-left  wd-underline-colored\">\n\t\t\t\n\t\t\t<div class=\"liner-continer\">\n\t\t\t\t<h4 class=\"woodmart-title-container title  wd-font-weight- wd-fontsize-l\" >R\u00e9servez votre guide priv\u00e9 d\u00e8s aujourd'hui!<\/h4>\n\t\t\t\t\t\t\t<\/div>\n\t\t\t\n\t\t\t\n\t\t\t\n\t\t<\/div>\n\t\t\n\t\t\n<div class=\"wpcf7 no-js\" id=\"wpcf7-f10618-o1\" lang=\"fr-FR\" dir=\"ltr\">\n<div class=\"screen-reader-response\"><p role=\"status\" aria-live=\"polite\" aria-atomic=\"true\"><\/p> <ul><\/ul><\/div>\n<form action=\"\/fr\/wp-json\/wp\/v2\/pages\/10551#wpcf7-f10618-o1\" method=\"post\" class=\"wpcf7-form init\" aria-label=\"Formulaire de contact\" novalidate=\"novalidate\" data-status=\"init\">\n<div style=\"display: none;\">\n<input type=\"hidden\" name=\"_wpcf7\" value=\"10618\" \/>\n<input type=\"hidden\" name=\"_wpcf7_version\" value=\"5.8.7\" \/>\n<input type=\"hidden\" name=\"_wpcf7_locale\" value=\"fr_FR\" \/>\n<input type=\"hidden\" name=\"_wpcf7_unit_tag\" value=\"wpcf7-f10618-o1\" \/>\n<input type=\"hidden\" name=\"_wpcf7_container_post\" value=\"0\" \/>\n<input type=\"hidden\" name=\"_wpcf7_posted_data_hash\" value=\"\" \/>\n<input type=\"hidden\" name=\"_wpcf7dtx_version\" value=\"5.0.2\" \/>\n<input type=\"hidden\" name=\"_wpcf7_recaptcha_response\" value=\"\" \/>\n<\/div>\n<div class=\"row\">\n\t<p class=\"col-md-4\"><label>Votre nom<\/label><span class=\"wpcf7-form-control-wrap\" data-name=\"your-name\"><input size=\"40\" class=\"wpcf7-form-control wpcf7-text wpcf7-validates-as-required\" aria-required=\"true\" aria-invalid=\"false\" value=\"\" type=\"text\" name=\"your-name\" \/><\/span>\n\t<\/p>\n\t<p class=\"col-md-4\"><label>Votre Email<\/label><span class=\"wpcf7-form-control-wrap\" data-name=\"your-email\"><input size=\"40\" class=\"wpcf7-form-control wpcf7-email wpcf7-validates-as-required wpcf7-text wpcf7-validates-as-email\" aria-required=\"true\" aria-invalid=\"false\" value=\"\" type=\"email\" name=\"your-email\" \/><\/span>\n\t<\/p>\n\t<p class=\"col-md-4\"><label>Votre num\u00e9ro de t\u00e9l\u00e9phone<\/label><span class=\"wpcf7-form-control-wrap\" data-name=\"tel-832\"><input size=\"40\" class=\"wpcf7-form-control wpcf7-tel wpcf7-validates-as-required wpcf7-text wpcf7-validates-as-tel\" aria-required=\"true\" aria-invalid=\"false\" value=\"\" type=\"tel\" name=\"tel-832\" \/><\/span>\n\t<\/p>\n<\/div>\n<div class=\"row\">\n\t<p class=\"col-md-6\"><label>Service<\/label><span class=\"wpcf7-form-control-wrap\" data-name=\"menu-808\"><select class=\"wpcf7-form-control wpcf7-select wpcf7-validates-as-required\" aria-required=\"true\" aria-invalid=\"false\" name=\"menu-808\"><option value=\"Cours particuliers de ski\">Cours particuliers de ski<\/option><option value=\"Cours particuliers de snowboard\">Cours particuliers de snowboard<\/option><option value=\"Freeride et circuits\">Freeride et circuits<\/option><option value=\"Luge\">Luge<\/option><option value=\"Freestyle\">Freestyle<\/option><option value=\"Guidage\">Guidage<\/option><option value=\"Ski en h\u00e9licopt\u00e8re\">Ski en h\u00e9licopt\u00e8re<\/option><\/select><\/span>\n\t<\/p>\n\t<p class=\"col-md-6\"><label>Temps de cours<\/label><span class=\"wpcf7-form-control-wrap\" data-name=\"menu-805\"><select class=\"wpcf7-form-control wpcf7-select wpcf7-validates-as-required\" aria-required=\"true\" aria-invalid=\"false\" name=\"menu-805\"><option value=\"Matin - 2 heures - 10:00-12:00\">Matin - 2 heures - 10:00-12:00<\/option><option value=\"Matin - 3 heures - 9:00-12:00\">Matin - 3 heures - 9:00-12:00<\/option><option value=\"Apr\u00e8s-midi - 2 heures - 14:00-16:00\">Apr\u00e8s-midi - 2 heures - 14:00-16:00<\/option><option value=\"Apr\u00e8s-midi - 2 heures - 13:00-16:00\">Apr\u00e8s-midi - 2 heures - 13:00-16:00<\/option><option value=\"Journ\u00e9e compl\u00e8te (5 heures)\">Journ\u00e9e compl\u00e8te (5 heures)<\/option><\/select><\/span>\n\t<\/p>\n<\/div>\n<div class=\"row\">\n\t<p class=\"col-md-4\"><label>Niveau de comp\u00e9tence<\/label><span class=\"wpcf7-form-control-wrap\" data-name=\"menu-809\"><select class=\"wpcf7-form-control wpcf7-select wpcf7-validates-as-required\" aria-required=\"true\" aria-invalid=\"false\" name=\"menu-809\"><option value=\"D\u00e9butant\">D\u00e9butant<\/option><option value=\"Interm\u00e9diaire\">Interm\u00e9diaire<\/option><option value=\"Expert\">Expert<\/option><\/select><\/span>\n\t<\/p>\n\t<p class=\"col-md-4\"><label>Personne suppl\u00e9mentaire<\/label><span class=\"wpcf7-form-control-wrap\" data-name=\"menu-807\"><select class=\"wpcf7-form-control wpcf7-select wpcf7-validates-as-required\" aria-required=\"true\" aria-invalid=\"false\" name=\"menu-807\"><option value=\"0\">0<\/option><option value=\"1\">1<\/option><option value=\"2\">2<\/option><option value=\"3\">3<\/option><option value=\"4\">4<\/option><option value=\"5\">5<\/option><option value=\"6\">6<\/option><option value=\"7\">7<\/option><option value=\"8\">8<\/option><option value=\"9\">9<\/option><option value=\"10\">10<\/option><option value=\"11\">11<\/option><\/select><\/span>\n\t<\/p>\n\t<p class=\"col-md-4\"><label>Date<\/label><span class=\"wpcf7-form-control-wrap\" data-name=\"date-744\"><input class=\"wpcf7-form-control wpcf7-date wpcf7-validates-as-date\" aria-invalid=\"false\" value=\"\" type=\"date\" name=\"date-744\" \/><\/span>\n\t<\/p>\n<\/div>\n<p><label>Votre message<\/label><span class=\"wpcf7-form-control-wrap\" data-name=\"your-message\"><textarea cols=\"40\" rows=\"10\" class=\"wpcf7-form-control wpcf7-textarea\" aria-invalid=\"false\" name=\"your-message\"><\/textarea><\/span>\n<\/p>\n<p><p class=\"cf7ascaptcha\"><input name=\"cf7as_hdn_cpthaval1\" id=\"cf7as_hdn_cpthaval1\" type=\"hidden\" value=\"9\" \/><input name=\"cf7as_hdn_cpthaval2\" id=\"cf7as_hdn_cpthaval2\" type=\"hidden\" value=\"7\" \/><input name=\"cf7as_hdn_cpthaaction\" id=\"cf7as_hdn_cpthaaction\" type=\"hidden\" value=\"+\" \/>Solve: <span class=\"cf7as-firstAct\">7<\/span> +<span class=\"cf7as-firstAct\"> 9<\/span> <br><span class=\"wpcf7-form-control-wrap cf7as-captchcode\" data-name=\"cf7as-captchcode\"> <input type=\"text\" aria-invalid=\"false\" aria-required=\"true\" class=\"wpcf7-form-control wpcf7-text wpcf7-validates-as-required\" size=\"5\" value=\"\" name=\"cf7as-captchcode\" placeholder=\"Type your answer\" style=\"width:200px;margin-bottom:10px;\" oninput=\"this.value = this.value.replace(\/[^0-9.]\/g, '').replace(\/(\\..*)\\.\/g, '$1');\"><\/span><input type=\"hidden\" name=\"cf7as-zplus\" value=\"\"><\/p>\n<\/p>\n<p><input class=\"wpcf7-form-control wpcf7-submit has-spinner btn-color-black\" type=\"submit\" value=\"ENVOYER UNE DEMANDE\" \/>\n<\/p><div class=\"wpcf7-response-output\" aria-hidden=\"true\"><\/div>\n<\/form>\n<\/div>\n[\/vc_column][vc_column width=\u00a0\u00bb1\/6&Prime;][\/vc_column][\/vc_row]<\/p>\n<\/div>","protected":false},"excerpt":{"rendered":"<p>[vc_row][vc_column width=\u00a0\u00bb1\/6&Prime;][\/vc_column][vc_column width=\u00a0\u00bb2\/3&Prime;][vc_column_text woodmart_inline=\u00a0\u00bbno\u00a0\u00bb text_larger=\u00a0\u00bbno\u00a0\u00bb] Avez-vous envie d&rsquo;explorer les joyaux cach\u00e9s de la r\u00e9gion de la Jungfrau, au-del\u00e0 des pistes<\/p>\n","protected":false},"author":3,"featured_media":0,"parent":0,"menu_order":0,"comment_status":"closed","ping_status":"closed","template":"","meta":{"footnotes":""},"yoast_head":"<!-- This site is optimized with the Yoast SEO plugin v22.1 - https:\/\/yoast.com\/wordpress\/plugins\/seo\/ -->\n<title>Guidage - Alexander Gertsch Wengen Ski and Snowboard School Switzerland<\/title>\n<meta name=\"robots\" content=\"index, follow, max-snippet:-1, max-image-preview:large, max-video-preview:-1\" \/>\n<link rel=\"canonical\" href=\"https:\/\/alexgertsch.ch\/guiding\/\" \/>\n<meta property=\"og:locale\" content=\"fr_FR\" \/>\n<meta property=\"og:type\" content=\"article\" \/>\n<meta property=\"og:title\" content=\"Guidage - Alexander Gertsch Wengen Ski and Snowboard School Switzerland\" \/>\n<meta property=\"og:description\" content=\"[vc_row][vc_column width=\u00a0\u00bb1\/6&Prime;][\/vc_column][vc_column width=\u00a0\u00bb2\/3&Prime;][vc_column_text woodmart_inline=\u00a0\u00bbno\u00a0\u00bb text_larger=\u00a0\u00bbno\u00a0\u00bb] Avez-vous envie d&rsquo;explorer les joyaux cach\u00e9s de la r\u00e9gion de la Jungfrau, au-del\u00e0 des pistes\" \/>\n<meta property=\"og:url\" content=\"https:\/\/alexgertsch.ch\/guiding\/\" \/>\n<meta property=\"og:site_name\" content=\"Alexander Gertsch Wengen Ski and Snowboard School Switzerland\" \/>\n<meta property=\"article:publisher\" content=\"https:\/\/www.facebook.com\/AlexanderGertschMA\" \/>\n<meta property=\"article:modified_time\" content=\"2024-02-23T18:29:31+00:00\" \/>\n<meta name=\"twitter:card\" content=\"summary_large_image\" \/>\n<meta name=\"twitter:label1\" content=\"Dur\u00e9e de lecture estim\u00e9e\" \/>\n\t<meta name=\"twitter:data1\" content=\"2 minutes\" \/>\n<script type=\"application\/ld+json\" class=\"yoast-schema-graph\">{\"@context\":\"https:\/\/schema.org\",\"@graph\":[{\"@type\":\"WebPage\",\"@id\":\"https:\/\/alexgertsch.ch\/guiding\/\",\"url\":\"https:\/\/alexgertsch.ch\/guiding\/\",\"name\":\"Guidage - Alexander Gertsch Wengen Ski and Snowboard School Switzerland\",\"isPartOf\":{\"@id\":\"https:\/\/alexgertsch.ch\/#website\"},\"datePublished\":\"2022-12-27T15:13:45+00:00\",\"dateModified\":\"2024-02-23T18:29:31+00:00\",\"breadcrumb\":{\"@id\":\"https:\/\/alexgertsch.ch\/guiding\/#breadcrumb\"},\"inLanguage\":\"fr-FR\",\"potentialAction\":[{\"@type\":\"ReadAction\",\"target\":[\"https:\/\/alexgertsch.ch\/guiding\/\"]}]},{\"@type\":\"BreadcrumbList\",\"@id\":\"https:\/\/alexgertsch.ch\/guiding\/#breadcrumb\",\"itemListElement\":[{\"@type\":\"ListItem\",\"position\":1,\"name\":\"Home\",\"item\":\"https:\/\/alexgertsch.ch\/fr\/\"},{\"@type\":\"ListItem\",\"position\":2,\"name\":\"Guidage\"}]},{\"@type\":\"WebSite\",\"@id\":\"https:\/\/alexgertsch.ch\/#website\",\"url\":\"https:\/\/alexgertsch.ch\/\",\"name\":\"Alexander Gertsch Wengen Ski and Snowboard School Switzerland\",\"description\":\"\",\"publisher\":{\"@id\":\"https:\/\/alexgertsch.ch\/#organization\"},\"potentialAction\":[{\"@type\":\"SearchAction\",\"target\":{\"@type\":\"EntryPoint\",\"urlTemplate\":\"https:\/\/alexgertsch.ch\/?s={search_term_string}\"},\"query-input\":\"required name=search_term_string\"}],\"inLanguage\":\"fr-FR\"},{\"@type\":\"Organization\",\"@id\":\"https:\/\/alexgertsch.ch\/#organization\",\"name\":\"Alexander Gertsch Wengen Ski and Snowboard School Switzerland\",\"url\":\"https:\/\/alexgertsch.ch\/\",\"logo\":{\"@type\":\"ImageObject\",\"inLanguage\":\"fr-FR\",\"@id\":\"https:\/\/alexgertsch.ch\/#\/schema\/logo\/image\/\",\"url\":\"https:\/\/alexgertsch.ch\/wp-content\/uploads\/2022\/12\/Wengen2.png\",\"contentUrl\":\"https:\/\/alexgertsch.ch\/wp-content\/uploads\/2022\/12\/Wengen2.png\",\"width\":351,\"height\":274,\"caption\":\"Alexander Gertsch Wengen Ski and Snowboard School Switzerland\"},\"image\":{\"@id\":\"https:\/\/alexgertsch.ch\/#\/schema\/logo\/image\/\"},\"sameAs\":[\"https:\/\/www.facebook.com\/AlexanderGertschMA\",\"https:\/\/www.youtube.com\/@alexandergertschwengenskis2693\",\"https:\/\/www.instagram.com\/alexandergertsch\/\"]}]}<\/script>\n<!-- \/ Yoast SEO plugin. -->","yoast_head_json":{"title":"Guidage - Alexander Gertsch Wengen Ski and Snowboard School Switzerland","robots":{"index":"index","follow":"follow","max-snippet":"max-snippet:-1","max-image-preview":"max-image-preview:large","max-video-preview":"max-video-preview:-1"},"canonical":"https:\/\/alexgertsch.ch\/guiding\/","og_locale":"fr_FR","og_type":"article","og_title":"Guidage - Alexander Gertsch Wengen Ski and Snowboard School Switzerland","og_description":"[vc_row][vc_column width=\u00a0\u00bb1\/6&Prime;][\/vc_column][vc_column width=\u00a0\u00bb2\/3&Prime;][vc_column_text woodmart_inline=\u00a0\u00bbno\u00a0\u00bb text_larger=\u00a0\u00bbno\u00a0\u00bb] Avez-vous envie d&rsquo;explorer les joyaux cach\u00e9s de la r\u00e9gion de la Jungfrau, au-del\u00e0 des pistes","og_url":"https:\/\/alexgertsch.ch\/guiding\/","og_site_name":"Alexander Gertsch Wengen Ski and Snowboard School Switzerland","article_publisher":"https:\/\/www.facebook.com\/AlexanderGertschMA","article_modified_time":"2024-02-23T18:29:31+00:00","twitter_card":"summary_large_image","twitter_misc":{"Dur\u00e9e de lecture estim\u00e9e":"2 minutes"},"schema":{"@context":"https:\/\/schema.org","@graph":[{"@type":"WebPage","@id":"https:\/\/alexgertsch.ch\/guiding\/","url":"https:\/\/alexgertsch.ch\/guiding\/","name":"Guidage - Alexander Gertsch Wengen Ski and Snowboard School Switzerland","isPartOf":{"@id":"https:\/\/alexgertsch.ch\/#website"},"datePublished":"2022-12-27T15:13:45+00:00","dateModified":"2024-02-23T18:29:31+00:00","breadcrumb":{"@id":"https:\/\/alexgertsch.ch\/guiding\/#breadcrumb"},"inLanguage":"fr-FR","potentialAction":[{"@type":"ReadAction","target":["https:\/\/alexgertsch.ch\/guiding\/"]}]},{"@type":"BreadcrumbList","@id":"https:\/\/alexgertsch.ch\/guiding\/#breadcrumb","itemListElement":[{"@type":"ListItem","position":1,"name":"Home","item":"https:\/\/alexgertsch.ch\/fr\/"},{"@type":"ListItem","position":2,"name":"Guidage"}]},{"@type":"WebSite","@id":"https:\/\/alexgertsch.ch\/#website","url":"https:\/\/alexgertsch.ch\/","name":"Alexander Gertsch Wengen Ski and Snowboard School Switzerland","description":"","publisher":{"@id":"https:\/\/alexgertsch.ch\/#organization"},"potentialAction":[{"@type":"SearchAction","target":{"@type":"EntryPoint","urlTemplate":"https:\/\/alexgertsch.ch\/?s={search_term_string}"},"query-input":"required name=search_term_string"}],"inLanguage":"fr-FR"},{"@type":"Organization","@id":"https:\/\/alexgertsch.ch\/#organization","name":"Alexander Gertsch Wengen Ski and Snowboard School Switzerland","url":"https:\/\/alexgertsch.ch\/","logo":{"@type":"ImageObject","inLanguage":"fr-FR","@id":"https:\/\/alexgertsch.ch\/#\/schema\/logo\/image\/","url":"https:\/\/alexgertsch.ch\/wp-content\/uploads\/2022\/12\/Wengen2.png","contentUrl":"https:\/\/alexgertsch.ch\/wp-content\/uploads\/2022\/12\/Wengen2.png","width":351,"height":274,"caption":"Alexander Gertsch Wengen Ski and Snowboard School Switzerland"},"image":{"@id":"https:\/\/alexgertsch.ch\/#\/schema\/logo\/image\/"},"sameAs":["https:\/\/www.facebook.com\/AlexanderGertschMA","https:\/\/www.youtube.com\/@alexandergertschwengenskis2693","https:\/\/www.instagram.com\/alexandergertsch\/"]}]}},"jetpack_sharing_enabled":true,"_links":{"self":[{"href":"https:\/\/alexgertsch.ch\/fr\/wp-json\/wp\/v2\/pages\/10551"}],"collection":[{"href":"https:\/\/alexgertsch.ch\/fr\/wp-json\/wp\/v2\/pages"}],"about":[{"href":"https:\/\/alexgertsch.ch\/fr\/wp-json\/wp\/v2\/types\/page"}],"author":[{"embeddable":true,"href":"https:\/\/alexgertsch.ch\/fr\/wp-json\/wp\/v2\/users\/3"}],"replies":[{"embeddable":true,"href":"https:\/\/alexgertsch.ch\/fr\/wp-json\/wp\/v2\/comments?post=10551"}],"version-history":[{"count":2,"href":"https:\/\/alexgertsch.ch\/fr\/wp-json\/wp\/v2\/pages\/10551\/revisions"}],"predecessor-version":[{"id":10635,"href":"https:\/\/alexgertsch.ch\/fr\/wp-json\/wp\/v2\/pages\/10551\/revisions\/10635"}],"wp:attachment":[{"href":"https:\/\/alexgertsch.ch\/fr\/wp-json\/wp\/v2\/media?parent=10551"}],"curies":[{"name":"wp","href":"https:\/\/api.w.org\/{rel}","templated":true}]}}