{"id":10557,"date":"2024-02-09T14:19:55","date_gmt":"2024-02-09T14:19:55","guid":{"rendered":"https:\/\/alexgertsch.ch\/?page_id=10557"},"modified":"2024-02-23T14:56:07","modified_gmt":"2024-02-23T14:56:07","slug":"politique-de-confidentialite","status":"publish","type":"page","link":"https:\/\/alexgertsch.ch\/fr\/politique-de-confidentialite\/","title":{"rendered":"Politique de confidentialit\u00e9"},"content":{"rendered":"<div class=\"wpb-content-wrapper\"><p>[vc_row][vc_column width=\u00a0\u00bb1\/6&Prime;][\/vc_column][vc_column width=\u00a0\u00bb2\/3&Prime;][vc_column_text woodmart_inline=\u00a0\u00bbno\u00a0\u00bb text_larger=\u00a0\u00bbno\u00a0\u00bb]Nous attachons la plus grande importance \u00e0 la protection de vos donn\u00e9es personnelles. C&rsquo;est pourquoi nous traitons vos donn\u00e9es uniquement sur la base des dispositions l\u00e9gales (RGPD, loi sur les t\u00e9l\u00e9communications de 2003). Dans cette d\u00e9claration de protection des donn\u00e9es, nous vous informons sur les aspects les plus importants du traitement des donn\u00e9es sur notre site Internet.<\/p>\n<div class=\"container\">\n<div id=\"c203\" class=\" frame frame-default frame-type-text frame-layout-0\">\n<h3>Nous contacter<\/h3>\n<p>Chaque fois que vous nous contactez en utilisant le formulaire sur le site Internet ou par e-mail, les donn\u00e9es que vous fournissez sont stock\u00e9es aux fins du traitement de la demande et au cas o\u00f9 vous auriez d&rsquo;autres questions \u00e0 nous poser. Nous ne transmettons pas ces donn\u00e9es sans votre consentement.<\/p>\n<h3>Stockage des donn\u00e9es<\/h3>\n<p>Nous vous informons que dans le but de vous faciliter le processus d&rsquo;achat et pour le traitement ult\u00e9rieur d&rsquo;un contrat par l&rsquo;exploitant de la boutique en ligne, nous utilisons des cookies pour stocker les donn\u00e9es IP de l&rsquo;abonn\u00e9, ainsi que le nom, l&rsquo;adresse, le num\u00e9ro de t\u00e9l\u00e9phone, e -adresse e-mail et num\u00e9ro de carte de cr\u00e9dit, ainsi que d&rsquo;autres donn\u00e9es fournies par le destinataire de la facture.<\/p>\n<p>Par ailleurs, les donn\u00e9es personnelles (nom, adresse, date de naissance, num\u00e9ro de t\u00e9l\u00e9phone, etc.) du destinataire des services sont conserv\u00e9es aux fins du traitement du contrat. Les donn\u00e9es que vous avez d\u00e9j\u00e0 fournies sont n\u00e9cessaires \u00e0 l&rsquo;ex\u00e9cution du contrat et \u00e0 la mise en \u0153uvre de mesures pr\u00e9contractuelles. Sans ces donn\u00e9es, nous ne pouvons pas conclure le contrat avec vous. Les donn\u00e9es ne sont pas transmises \u00e0 des tiers, \u00e0 l&rsquo;exception du transfert des donn\u00e9es de carte de cr\u00e9dit aux instituts bancaires\/prestataires de services de paiement charg\u00e9s du traitement dans le but de retirer le prix d&rsquo;achat ainsi qu&rsquo;\u00e0 notre conseiller fiscal pour remplir nos obligations en vertu de la l\u00e9gislation fiscale et pour les prestataires de services de donn\u00e9es, qui assurent le fonctionnement de notre base de donn\u00e9es et de notre syst\u00e8me informatique et de newsletter. Nous avons conclu un contrat avec ces parties pour le traitement des donn\u00e9es conform\u00e9ment \u00e0 l&rsquo;art. 28 du RGPD.<\/p>\n<p>Lorsqu&rsquo;un processus d&rsquo;achat est abandonn\u00e9, les donn\u00e9es que nous stockons sont effac\u00e9es. En cas de conclusion d&rsquo;un contrat, toutes les donn\u00e9es issues de la relation contractuelle sont conserv\u00e9es jusqu&rsquo;\u00e0 l&rsquo;expiration de la dur\u00e9e de conservation requise par la l\u00e9gislation fiscale (7 ans).<\/p>\n<p>Les donn\u00e9es sont trait\u00e9es sur la base des dispositions l\u00e9gales de l&rsquo;article 96, paragraphe 3, de la loi sur les t\u00e9l\u00e9communications et de l&rsquo;art. 6(1) lettre a (consentement) et\/ou lettre b (n\u00e9cessaire au respect d&rsquo;une obligation l\u00e9gale) du RGPD.<\/p>\n<h3>Cookies<\/h3>\n<p>Notre site Web utilise des cookies et du stockage. Il s&rsquo;agit de donn\u00e9es stock\u00e9es sur le terminal par votre navigateur. Ils n&rsquo;endommagent pas votre ordinateur.<\/p>\n<p>Nous utilisons ces donn\u00e9es pour rendre notre site plus convivial. Certains d&rsquo;entre eux restent sur votre terminal jusqu&rsquo;\u00e0 ce que vous les effaciez. Ils nous permettent de reconna\u00eetre votre navigateur lors de votre prochaine visite sur notre site Internet.<\/p>\n<p>Si vous ne le souhaitez pas, vous pouvez r\u00e9gler les param\u00e8tres de votre navigateur afin qu&rsquo;il vous avertisse de l&rsquo;installation de cookies et vous ne pouvez alors l&rsquo;autoriser que dans des cas individuels.<\/p>\n<p>Nous vous informons que la d\u00e9sactivation des cookies peut restreindre la fonctionnalit\u00e9 de ce site Web.<\/p>\n<h3>R\u00e9seaux sociaux<\/h3>\n<p>Des plug-ins de r\u00e9seaux sociaux, par exemple Facebook, Twitter, Instagram, YouTube, sont li\u00e9s \u00e0 notre site Internet. Les donn\u00e9es peuvent \u00eatre transf\u00e9r\u00e9es \u00e0 des tiers via ces sites. Nous n&rsquo;avons aucun contr\u00f4le ni acc\u00e8s aux cookies install\u00e9s par Facebook, Twitter, etc.<\/p>\n<h3>Analyse Web<\/h3>\n<p>Ce site Web utilise Google Analytics, un service d&rsquo;analyse Web de Google Inc. (\u00ab Google \u00bb). Google Analytics utilise ce que l&rsquo;on appelle des cookies. Les informations g\u00e9n\u00e9r\u00e9es par ceux-ci sur votre utilisation de ce site Internet (y compris votre adresse IP) sont transf\u00e9r\u00e9es \u00e0 un serveur de Google aux \u00c9tats-Unis et y sont stock\u00e9es. Google utilisera ces informations afin d&rsquo;\u00e9valuer votre utilisation du site Internet, d&rsquo;\u00e9tablir des rapports sur les activit\u00e9s du site Internet pour l&rsquo;exploitant du site Internet et de fournir d&rsquo;autres prestations li\u00e9es \u00e0 l&rsquo;utilisation du site Internet et \u00e0 l&rsquo;utilisation d&rsquo;Internet. En outre, Google transmettra ces informations \u00e0 des tiers dans la mesure o\u00f9 cela est requis par la loi ou dans la mesure o\u00f9 des tiers traitent ces donn\u00e9es pour le compte de Google. En aucun cas, Google ne reliera votre adresse IP \u00e0 d&rsquo;autres donn\u00e9es de Google Inc. En utilisant ce site Internet, vous consentez au traitement de vos donn\u00e9es collect\u00e9es par Google de la mani\u00e8re d\u00e9crite ci-dessus et dans le but sp\u00e9cifi\u00e9 ci-dessus.<\/p>\n<h3>Tes droits<\/h3>\n<p>Vous avez le droit de divulgation, de rectification, d&rsquo;effacement, de restriction, de portabilit\u00e9 des donn\u00e9es, de r\u00e9vocation et le droit d&rsquo;opposition. Si vous pensez que le traitement de vos donn\u00e9es viole la loi sur la protection des donn\u00e9es ou que vos droits en vertu de la loi sur la protection des donn\u00e9es ont \u00e9t\u00e9 viol\u00e9s d&rsquo;une autre mani\u00e8re, vous pouvez le signaler aux autorit\u00e9s de r\u00e9gulation. En Suisse, il s&rsquo;agit du Pr\u00e9pos\u00e9 f\u00e9d\u00e9ral \u00e0 la protection des donn\u00e9es et \u00e0 la transparence (Feldeggweg 1, 3003 Berne, +41 (0) 58 462 43 95).<\/p>\n<p>Nos coordonn\u00e9es sont:<\/p>\n<p>Alex Gertsch Ski &amp; Snowboard Schoool Wengen<br \/>\nKneuweidli 1385, CH &#8211; 3823 Wengen<br \/>\nTel.: <a href=\"tel:0041793284701\">+41 (0) 79 328 47 01<\/a><br \/>\n<a href=\"mailto:info@alexgertsch.ch\">info@alexgertsch.ch<\/a><br \/>\n<a href=\"https:\/\/alexgertsch.ch\/\" target=\"_blank\" rel=\"noopener\">alexgertsch.ch<\/a><\/p>\n<\/div>\n<\/div>\n<p>[\/vc_column_text][\/vc_column][vc_column width=\u00a0\u00bb1\/6&Prime;][\/vc_column][\/vc_row]<\/p>\n<\/div>","protected":false},"excerpt":{"rendered":"<p>[vc_row][vc_column width=\u00a0\u00bb1\/6&Prime;][\/vc_column][vc_column width=\u00a0\u00bb2\/3&Prime;][vc_column_text woodmart_inline=\u00a0\u00bbno\u00a0\u00bb text_larger=\u00a0\u00bbno\u00a0\u00bb]Nous attachons la plus grande importance \u00e0 la protection de vos donn\u00e9es personnelles. C&rsquo;est pourquoi nous<\/p>\n","protected":false},"author":3,"featured_media":0,"parent":0,"menu_order":0,"comment_status":"closed","ping_status":"closed","template":"","meta":{"footnotes":""},"yoast_head":"<!-- This site is optimized with the Yoast SEO plugin v22.1 - https:\/\/yoast.com\/wordpress\/plugins\/seo\/ -->\n<title>Politique de confidentialit\u00e9 - Alexander Gertsch Wengen Ski and Snowboard School Switzerland<\/title>\n<meta name=\"robots\" content=\"index, follow, max-snippet:-1, max-image-preview:large, max-video-preview:-1\" \/>\n<link rel=\"canonical\" href=\"https:\/\/alexgertsch.ch\/?page_id=9686\" \/>\n<meta property=\"og:locale\" content=\"fr_FR\" \/>\n<meta property=\"og:type\" content=\"article\" \/>\n<meta property=\"og:title\" content=\"Politique de confidentialit\u00e9 - Alexander Gertsch Wengen Ski and Snowboard School Switzerland\" \/>\n<meta property=\"og:description\" content=\"[vc_row][vc_column width=\u00a0\u00bb1\/6&Prime;][\/vc_column][vc_column width=\u00a0\u00bb2\/3&Prime;][vc_column_text woodmart_inline=\u00a0\u00bbno\u00a0\u00bb text_larger=\u00a0\u00bbno\u00a0\u00bb]Nous attachons la plus grande importance \u00e0 la protection de vos donn\u00e9es personnelles. C&rsquo;est pourquoi nous\" \/>\n<meta property=\"og:url\" content=\"https:\/\/alexgertsch.ch\/?page_id=9686\" \/>\n<meta property=\"og:site_name\" content=\"Alexander Gertsch Wengen Ski and Snowboard School Switzerland\" \/>\n<meta property=\"article:publisher\" content=\"https:\/\/www.facebook.com\/AlexanderGertschMA\" \/>\n<meta property=\"article:modified_time\" content=\"2024-02-23T14:56:07+00:00\" \/>\n<meta name=\"twitter:card\" content=\"summary_large_image\" \/>\n<meta name=\"twitter:label1\" content=\"Dur\u00e9e de lecture estim\u00e9e\" \/>\n\t<meta name=\"twitter:data1\" content=\"4 minutes\" \/>\n<script type=\"application\/ld+json\" class=\"yoast-schema-graph\">{\"@context\":\"https:\/\/schema.org\",\"@graph\":[{\"@type\":\"WebPage\",\"@id\":\"https:\/\/alexgertsch.ch\/?page_id=9686\",\"url\":\"https:\/\/alexgertsch.ch\/?page_id=9686\",\"name\":\"Politique de confidentialit\u00e9 - Alexander Gertsch Wengen Ski and Snowboard School Switzerland\",\"isPartOf\":{\"@id\":\"https:\/\/alexgertsch.ch\/#website\"},\"datePublished\":\"2024-02-09T14:19:55+00:00\",\"dateModified\":\"2024-02-23T14:56:07+00:00\",\"breadcrumb\":{\"@id\":\"https:\/\/alexgertsch.ch\/?page_id=9686#breadcrumb\"},\"inLanguage\":\"fr-FR\",\"potentialAction\":[{\"@type\":\"ReadAction\",\"target\":[\"https:\/\/alexgertsch.ch\/?page_id=9686\"]}]},{\"@type\":\"BreadcrumbList\",\"@id\":\"https:\/\/alexgertsch.ch\/?page_id=9686#breadcrumb\",\"itemListElement\":[{\"@type\":\"ListItem\",\"position\":1,\"name\":\"Home\",\"item\":\"https:\/\/alexgertsch.ch\/fr\/\"},{\"@type\":\"ListItem\",\"position\":2,\"name\":\"Politique de confidentialit\u00e9\"}]},{\"@type\":\"WebSite\",\"@id\":\"https:\/\/alexgertsch.ch\/#website\",\"url\":\"https:\/\/alexgertsch.ch\/\",\"name\":\"Alexander Gertsch Wengen Ski and Snowboard School Switzerland\",\"description\":\"\",\"publisher\":{\"@id\":\"https:\/\/alexgertsch.ch\/#organization\"},\"potentialAction\":[{\"@type\":\"SearchAction\",\"target\":{\"@type\":\"EntryPoint\",\"urlTemplate\":\"https:\/\/alexgertsch.ch\/?s={search_term_string}\"},\"query-input\":\"required name=search_term_string\"}],\"inLanguage\":\"fr-FR\"},{\"@type\":\"Organization\",\"@id\":\"https:\/\/alexgertsch.ch\/#organization\",\"name\":\"Alexander Gertsch Wengen Ski and Snowboard School Switzerland\",\"url\":\"https:\/\/alexgertsch.ch\/\",\"logo\":{\"@type\":\"ImageObject\",\"inLanguage\":\"fr-FR\",\"@id\":\"https:\/\/alexgertsch.ch\/#\/schema\/logo\/image\/\",\"url\":\"https:\/\/alexgertsch.ch\/wp-content\/uploads\/2022\/12\/Wengen2.png\",\"contentUrl\":\"https:\/\/alexgertsch.ch\/wp-content\/uploads\/2022\/12\/Wengen2.png\",\"width\":351,\"height\":274,\"caption\":\"Alexander Gertsch Wengen Ski and Snowboard School Switzerland\"},\"image\":{\"@id\":\"https:\/\/alexgertsch.ch\/#\/schema\/logo\/image\/\"},\"sameAs\":[\"https:\/\/www.facebook.com\/AlexanderGertschMA\",\"https:\/\/www.youtube.com\/@alexandergertschwengenskis2693\",\"https:\/\/www.instagram.com\/alexandergertsch\/\"]}]}<\/script>\n<!-- \/ Yoast SEO plugin. -->","yoast_head_json":{"title":"Politique de confidentialit\u00e9 - Alexander Gertsch Wengen Ski and Snowboard School Switzerland","robots":{"index":"index","follow":"follow","max-snippet":"max-snippet:-1","max-image-preview":"max-image-preview:large","max-video-preview":"max-video-preview:-1"},"canonical":"https:\/\/alexgertsch.ch\/?page_id=9686","og_locale":"fr_FR","og_type":"article","og_title":"Politique de confidentialit\u00e9 - Alexander Gertsch Wengen Ski and Snowboard School Switzerland","og_description":"[vc_row][vc_column width=\u00a0\u00bb1\/6&Prime;][\/vc_column][vc_column width=\u00a0\u00bb2\/3&Prime;][vc_column_text woodmart_inline=\u00a0\u00bbno\u00a0\u00bb text_larger=\u00a0\u00bbno\u00a0\u00bb]Nous attachons la plus grande importance \u00e0 la protection de vos donn\u00e9es personnelles. C&rsquo;est pourquoi nous","og_url":"https:\/\/alexgertsch.ch\/?page_id=9686","og_site_name":"Alexander Gertsch Wengen Ski and Snowboard School Switzerland","article_publisher":"https:\/\/www.facebook.com\/AlexanderGertschMA","article_modified_time":"2024-02-23T14:56:07+00:00","twitter_card":"summary_large_image","twitter_misc":{"Dur\u00e9e de lecture estim\u00e9e":"4 minutes"},"schema":{"@context":"https:\/\/schema.org","@graph":[{"@type":"WebPage","@id":"https:\/\/alexgertsch.ch\/?page_id=9686","url":"https:\/\/alexgertsch.ch\/?page_id=9686","name":"Politique de confidentialit\u00e9 - Alexander Gertsch Wengen Ski and Snowboard School Switzerland","isPartOf":{"@id":"https:\/\/alexgertsch.ch\/#website"},"datePublished":"2024-02-09T14:19:55+00:00","dateModified":"2024-02-23T14:56:07+00:00","breadcrumb":{"@id":"https:\/\/alexgertsch.ch\/?page_id=9686#breadcrumb"},"inLanguage":"fr-FR","potentialAction":[{"@type":"ReadAction","target":["https:\/\/alexgertsch.ch\/?page_id=9686"]}]},{"@type":"BreadcrumbList","@id":"https:\/\/alexgertsch.ch\/?page_id=9686#breadcrumb","itemListElement":[{"@type":"ListItem","position":1,"name":"Home","item":"https:\/\/alexgertsch.ch\/fr\/"},{"@type":"ListItem","position":2,"name":"Politique de confidentialit\u00e9"}]},{"@type":"WebSite","@id":"https:\/\/alexgertsch.ch\/#website","url":"https:\/\/alexgertsch.ch\/","name":"Alexander Gertsch Wengen Ski and Snowboard School Switzerland","description":"","publisher":{"@id":"https:\/\/alexgertsch.ch\/#organization"},"potentialAction":[{"@type":"SearchAction","target":{"@type":"EntryPoint","urlTemplate":"https:\/\/alexgertsch.ch\/?s={search_term_string}"},"query-input":"required name=search_term_string"}],"inLanguage":"fr-FR"},{"@type":"Organization","@id":"https:\/\/alexgertsch.ch\/#organization","name":"Alexander Gertsch Wengen Ski and Snowboard School Switzerland","url":"https:\/\/alexgertsch.ch\/","logo":{"@type":"ImageObject","inLanguage":"fr-FR","@id":"https:\/\/alexgertsch.ch\/#\/schema\/logo\/image\/","url":"https:\/\/alexgertsch.ch\/wp-content\/uploads\/2022\/12\/Wengen2.png","contentUrl":"https:\/\/alexgertsch.ch\/wp-content\/uploads\/2022\/12\/Wengen2.png","width":351,"height":274,"caption":"Alexander Gertsch Wengen Ski and Snowboard School Switzerland"},"image":{"@id":"https:\/\/alexgertsch.ch\/#\/schema\/logo\/image\/"},"sameAs":["https:\/\/www.facebook.com\/AlexanderGertschMA","https:\/\/www.youtube.com\/@alexandergertschwengenskis2693","https:\/\/www.instagram.com\/alexandergertsch\/"]}]}},"jetpack_sharing_enabled":true,"_links":{"self":[{"href":"https:\/\/alexgertsch.ch\/fr\/wp-json\/wp\/v2\/pages\/10557"}],"collection":[{"href":"https:\/\/alexgertsch.ch\/fr\/wp-json\/wp\/v2\/pages"}],"about":[{"href":"https:\/\/alexgertsch.ch\/fr\/wp-json\/wp\/v2\/types\/page"}],"author":[{"embeddable":true,"href":"https:\/\/alexgertsch.ch\/fr\/wp-json\/wp\/v2\/users\/3"}],"replies":[{"embeddable":true,"href":"https:\/\/alexgertsch.ch\/fr\/wp-json\/wp\/v2\/comments?post=10557"}],"version-history":[{"count":1,"href":"https:\/\/alexgertsch.ch\/fr\/wp-json\/wp\/v2\/pages\/10557\/revisions"}],"predecessor-version":[{"id":10558,"href":"https:\/\/alexgertsch.ch\/fr\/wp-json\/wp\/v2\/pages\/10557\/revisions\/10558"}],"wp:attachment":[{"href":"https:\/\/alexgertsch.ch\/fr\/wp-json\/wp\/v2\/media?parent=10557"}],"curies":[{"name":"wp","href":"https:\/\/api.w.org\/{rel}","templated":true}]}}