{"id":10603,"date":"2024-02-09T16:38:24","date_gmt":"2024-02-09T16:38:24","guid":{"rendered":"https:\/\/alexgertsch.ch\/product\/heliski\/"},"modified":"2024-02-23T18:36:07","modified_gmt":"2024-02-23T18:36:07","slug":"heliski","status":"publish","type":"product","link":"https:\/\/alexgertsch.ch\/fr\/produit\/heliski\/","title":{"rendered":"H\u00e9liski"},"content":{"rendered":"","protected":false},"excerpt":{"rendered":"<p>\u00c0 l&rsquo;\u00e9cole de ski et de snowboard Alexander Gertsch Wengen, nous offrons l&rsquo;exp\u00e9rience ultime de l&rsquo;h\u00e9liski, en proposant un transport en h\u00e9licopt\u00e8re, une formation essentielle et des conseils d&rsquo;experts dans certaines des r\u00e9gions d&rsquo;arri\u00e8re-pays les plus \u00e9poustouflantes des Alpes suisses.<\/p>\n[contact-form-7 id=\"ed8fc7f\" title=\"Contact form services FR\"]\n","protected":false},"featured_media":10521,"template":"","meta":[],"product_cat":[83],"product_tag":[],"yoast_head":"<!-- This site is optimized with the Yoast SEO plugin v22.1 - https:\/\/yoast.com\/wordpress\/plugins\/seo\/ -->\n<title>H\u00e9liski - Alexander Gertsch Wengen Ski and Snowboard School Switzerland<\/title>\n<meta name=\"robots\" content=\"index, follow, max-snippet:-1, max-image-preview:large, max-video-preview:-1\" \/>\n<link rel=\"canonical\" href=\"https:\/\/alexgertsch.ch\/produit\/heliskiing\/\" \/>\n<meta property=\"og:locale\" content=\"fr_FR\" \/>\n<meta property=\"og:type\" content=\"article\" \/>\n<meta property=\"og:title\" content=\"H\u00e9liski - Alexander Gertsch Wengen Ski and Snowboard School Switzerland\" \/>\n<meta property=\"og:description\" content=\"\u00c0 l&#039;\u00e9cole de ski et de snowboard Alexander Gertsch Wengen, nous offrons l&#039;exp\u00e9rience ultime de l&#039;h\u00e9liski, en proposant un transport en h\u00e9licopt\u00e8re, une formation essentielle et des conseils d&#039;experts dans certaines des r\u00e9gions d&#039;arri\u00e8re-pays les plus \u00e9poustouflantes des Alpes suisses.\" \/>\n<meta property=\"og:url\" content=\"https:\/\/alexgertsch.ch\/produit\/heliskiing\/\" \/>\n<meta property=\"og:site_name\" content=\"Alexander Gertsch Wengen Ski and Snowboard School Switzerland\" \/>\n<meta property=\"article:publisher\" content=\"https:\/\/www.facebook.com\/AlexanderGertschMA\" \/>\n<meta property=\"article:modified_time\" content=\"2024-02-23T18:36:07+00:00\" \/>\n<meta property=\"og:image\" content=\"https:\/\/alexgertsch.ch\/wp-content\/uploads\/2024\/02\/heliskiing-alex-gertsch-wengen.jpg\" \/>\n\t<meta property=\"og:image:width\" content=\"800\" \/>\n\t<meta property=\"og:image:height\" content=\"800\" \/>\n\t<meta property=\"og:image:type\" content=\"image\/jpeg\" \/>\n<meta name=\"twitter:card\" content=\"summary_large_image\" \/>\n<script type=\"application\/ld+json\" class=\"yoast-schema-graph\">{\"@context\":\"https:\/\/schema.org\",\"@graph\":[{\"@type\":\"WebPage\",\"@id\":\"https:\/\/alexgertsch.ch\/produit\/heliskiing\/\",\"url\":\"https:\/\/alexgertsch.ch\/produit\/heliskiing\/\",\"name\":\"H\u00e9liski - Alexander Gertsch Wengen Ski and Snowboard School Switzerland\",\"isPartOf\":{\"@id\":\"https:\/\/alexgertsch.ch\/#website\"},\"datePublished\":\"2024-02-09T16:38:24+00:00\",\"dateModified\":\"2024-02-23T18:36:07+00:00\",\"breadcrumb\":{\"@id\":\"https:\/\/alexgertsch.ch\/produit\/heliskiing\/#breadcrumb\"},\"inLanguage\":\"fr-FR\",\"potentialAction\":[{\"@type\":\"ReadAction\",\"target\":[\"https:\/\/alexgertsch.ch\/produit\/heliskiing\/\"]}]},{\"@type\":\"BreadcrumbList\",\"@id\":\"https:\/\/alexgertsch.ch\/produit\/heliskiing\/#breadcrumb\",\"itemListElement\":[{\"@type\":\"ListItem\",\"position\":1,\"name\":\"Home\",\"item\":\"https:\/\/alexgertsch.ch\/fr\/\"},{\"@type\":\"ListItem\",\"position\":2,\"name\":\"Boutique\",\"item\":\"https:\/\/alexgertsch.ch\/webshop\/\"},{\"@type\":\"ListItem\",\"position\":3,\"name\":\"H\u00e9liski\"}]},{\"@type\":\"WebSite\",\"@id\":\"https:\/\/alexgertsch.ch\/#website\",\"url\":\"https:\/\/alexgertsch.ch\/\",\"name\":\"Alexander Gertsch Wengen Ski and Snowboard School Switzerland\",\"description\":\"\",\"publisher\":{\"@id\":\"https:\/\/alexgertsch.ch\/#organization\"},\"potentialAction\":[{\"@type\":\"SearchAction\",\"target\":{\"@type\":\"EntryPoint\",\"urlTemplate\":\"https:\/\/alexgertsch.ch\/?s={search_term_string}\"},\"query-input\":\"required name=search_term_string\"}],\"inLanguage\":\"fr-FR\"},{\"@type\":\"Organization\",\"@id\":\"https:\/\/alexgertsch.ch\/#organization\",\"name\":\"Alexander Gertsch Wengen Ski and Snowboard School Switzerland\",\"url\":\"https:\/\/alexgertsch.ch\/\",\"logo\":{\"@type\":\"ImageObject\",\"inLanguage\":\"fr-FR\",\"@id\":\"https:\/\/alexgertsch.ch\/#\/schema\/logo\/image\/\",\"url\":\"https:\/\/alexgertsch.ch\/wp-content\/uploads\/2022\/12\/Wengen2.png\",\"contentUrl\":\"https:\/\/alexgertsch.ch\/wp-content\/uploads\/2022\/12\/Wengen2.png\",\"width\":351,\"height\":274,\"caption\":\"Alexander Gertsch Wengen Ski and Snowboard School Switzerland\"},\"image\":{\"@id\":\"https:\/\/alexgertsch.ch\/#\/schema\/logo\/image\/\"},\"sameAs\":[\"https:\/\/www.facebook.com\/AlexanderGertschMA\",\"https:\/\/www.youtube.com\/@alexandergertschwengenskis2693\",\"https:\/\/www.instagram.com\/alexandergertsch\/\"]}]}<\/script>\n<!-- \/ Yoast SEO plugin. -->","yoast_head_json":{"title":"H\u00e9liski - Alexander Gertsch Wengen Ski and Snowboard School Switzerland","robots":{"index":"index","follow":"follow","max-snippet":"max-snippet:-1","max-image-preview":"max-image-preview:large","max-video-preview":"max-video-preview:-1"},"canonical":"https:\/\/alexgertsch.ch\/produit\/heliskiing\/","og_locale":"fr_FR","og_type":"article","og_title":"H\u00e9liski - Alexander Gertsch Wengen Ski and Snowboard School Switzerland","og_description":"\u00c0 l'\u00e9cole de ski et de snowboard Alexander Gertsch Wengen, nous offrons l'exp\u00e9rience ultime de l'h\u00e9liski, en proposant un transport en h\u00e9licopt\u00e8re, une formation essentielle et des conseils d'experts dans certaines des r\u00e9gions d'arri\u00e8re-pays les plus \u00e9poustouflantes des Alpes suisses.","og_url":"https:\/\/alexgertsch.ch\/produit\/heliskiing\/","og_site_name":"Alexander Gertsch Wengen Ski and Snowboard School Switzerland","article_publisher":"https:\/\/www.facebook.com\/AlexanderGertschMA","article_modified_time":"2024-02-23T18:36:07+00:00","og_image":[{"width":800,"height":800,"url":"https:\/\/alexgertsch.ch\/wp-content\/uploads\/2024\/02\/heliskiing-alex-gertsch-wengen.jpg","type":"image\/jpeg"}],"twitter_card":"summary_large_image","schema":{"@context":"https:\/\/schema.org","@graph":[{"@type":"WebPage","@id":"https:\/\/alexgertsch.ch\/produit\/heliskiing\/","url":"https:\/\/alexgertsch.ch\/produit\/heliskiing\/","name":"H\u00e9liski - Alexander Gertsch Wengen Ski and Snowboard School Switzerland","isPartOf":{"@id":"https:\/\/alexgertsch.ch\/#website"},"datePublished":"2024-02-09T16:38:24+00:00","dateModified":"2024-02-23T18:36:07+00:00","breadcrumb":{"@id":"https:\/\/alexgertsch.ch\/produit\/heliskiing\/#breadcrumb"},"inLanguage":"fr-FR","potentialAction":[{"@type":"ReadAction","target":["https:\/\/alexgertsch.ch\/produit\/heliskiing\/"]}]},{"@type":"BreadcrumbList","@id":"https:\/\/alexgertsch.ch\/produit\/heliskiing\/#breadcrumb","itemListElement":[{"@type":"ListItem","position":1,"name":"Home","item":"https:\/\/alexgertsch.ch\/fr\/"},{"@type":"ListItem","position":2,"name":"Boutique","item":"https:\/\/alexgertsch.ch\/webshop\/"},{"@type":"ListItem","position":3,"name":"H\u00e9liski"}]},{"@type":"WebSite","@id":"https:\/\/alexgertsch.ch\/#website","url":"https:\/\/alexgertsch.ch\/","name":"Alexander Gertsch Wengen Ski and Snowboard School Switzerland","description":"","publisher":{"@id":"https:\/\/alexgertsch.ch\/#organization"},"potentialAction":[{"@type":"SearchAction","target":{"@type":"EntryPoint","urlTemplate":"https:\/\/alexgertsch.ch\/?s={search_term_string}"},"query-input":"required name=search_term_string"}],"inLanguage":"fr-FR"},{"@type":"Organization","@id":"https:\/\/alexgertsch.ch\/#organization","name":"Alexander Gertsch Wengen Ski and Snowboard School Switzerland","url":"https:\/\/alexgertsch.ch\/","logo":{"@type":"ImageObject","inLanguage":"fr-FR","@id":"https:\/\/alexgertsch.ch\/#\/schema\/logo\/image\/","url":"https:\/\/alexgertsch.ch\/wp-content\/uploads\/2022\/12\/Wengen2.png","contentUrl":"https:\/\/alexgertsch.ch\/wp-content\/uploads\/2022\/12\/Wengen2.png","width":351,"height":274,"caption":"Alexander Gertsch Wengen Ski and Snowboard School Switzerland"},"image":{"@id":"https:\/\/alexgertsch.ch\/#\/schema\/logo\/image\/"},"sameAs":["https:\/\/www.facebook.com\/AlexanderGertschMA","https:\/\/www.youtube.com\/@alexandergertschwengenskis2693","https:\/\/www.instagram.com\/alexandergertsch\/"]}]}},"jetpack_sharing_enabled":true,"_links":{"self":[{"href":"https:\/\/alexgertsch.ch\/fr\/wp-json\/wp\/v2\/product\/10603"}],"collection":[{"href":"https:\/\/alexgertsch.ch\/fr\/wp-json\/wp\/v2\/product"}],"about":[{"href":"https:\/\/alexgertsch.ch\/fr\/wp-json\/wp\/v2\/types\/product"}],"version-history":[{"count":1,"href":"https:\/\/alexgertsch.ch\/fr\/wp-json\/wp\/v2\/product\/10603\/revisions"}],"predecessor-version":[{"id":10650,"href":"https:\/\/alexgertsch.ch\/fr\/wp-json\/wp\/v2\/product\/10603\/revisions\/10650"}],"wp:featuredmedia":[{"embeddable":true,"href":"https:\/\/alexgertsch.ch\/fr\/wp-json\/wp\/v2\/media\/10521"}],"wp:attachment":[{"href":"https:\/\/alexgertsch.ch\/fr\/wp-json\/wp\/v2\/media?parent=10603"}],"wp:term":[{"taxonomy":"product_cat","embeddable":true,"href":"https:\/\/alexgertsch.ch\/fr\/wp-json\/wp\/v2\/product_cat?post=10603"},{"taxonomy":"product_tag","embeddable":true,"href":"https:\/\/alexgertsch.ch\/fr\/wp-json\/wp\/v2\/product_tag?post=10603"}],"curies":[{"name":"wp","href":"https:\/\/api.w.org\/{rel}","templated":true}]}}