{"id":10605,"date":"2024-02-09T16:15:46","date_gmt":"2024-02-09T16:15:46","guid":{"rendered":"https:\/\/alexgertsch.ch\/product\/freestyle\/"},"modified":"2024-02-23T18:36:28","modified_gmt":"2024-02-23T18:36:28","slug":"freestyle","status":"publish","type":"product","link":"https:\/\/alexgertsch.ch\/fr\/produit\/freestyle\/","title":{"rendered":"Freestyle"},"content":{"rendered":"","protected":false},"excerpt":{"rendered":"<p>\u00c0 l&rsquo;\u00e9cole de ski et de snowboard Alexander Gertsch Wengen, nous proposons des cours de freestyle palpitants con\u00e7us pour vous aider \u00e0 ma\u00eetriser les sauts, les pirouettes, les flips et les grabs, vous permettant ainsi de d\u00e9couvrir et d&rsquo;affiner votre style unique sur les pistes.<\/p>\n[contact-form-7 id=\"ed8fc7f\" title=\"Contact form services FR\"]\n","protected":false},"featured_media":10517,"template":"","meta":[],"product_cat":[83],"product_tag":[],"yoast_head":"<!-- This site is optimized with the Yoast SEO plugin v22.1 - https:\/\/yoast.com\/wordpress\/plugins\/seo\/ -->\n<title>Freestyle - Alexander Gertsch Wengen Ski and Snowboard School Switzerland<\/title>\n<meta name=\"robots\" content=\"index, follow, max-snippet:-1, max-image-preview:large, max-video-preview:-1\" \/>\n<link rel=\"canonical\" href=\"https:\/\/alexgertsch.ch\/produit\/freestyle\/\" \/>\n<meta property=\"og:locale\" content=\"fr_FR\" \/>\n<meta property=\"og:type\" content=\"article\" \/>\n<meta property=\"og:title\" content=\"Freestyle - Alexander Gertsch Wengen Ski and Snowboard School Switzerland\" \/>\n<meta property=\"og:description\" content=\"\u00c0 l&#039;\u00e9cole de ski et de snowboard Alexander Gertsch Wengen, nous proposons des cours de freestyle palpitants con\u00e7us pour vous aider \u00e0 ma\u00eetriser les sauts, les pirouettes, les flips et les grabs, vous permettant ainsi de d\u00e9couvrir et d&#039;affiner votre style unique sur les pistes.\" \/>\n<meta property=\"og:url\" content=\"https:\/\/alexgertsch.ch\/produit\/freestyle\/\" \/>\n<meta property=\"og:site_name\" content=\"Alexander Gertsch Wengen Ski and Snowboard School Switzerland\" \/>\n<meta property=\"article:publisher\" content=\"https:\/\/www.facebook.com\/AlexanderGertschMA\" \/>\n<meta property=\"article:modified_time\" content=\"2024-02-23T18:36:28+00:00\" \/>\n<meta property=\"og:image\" content=\"https:\/\/alexgertsch.ch\/wp-content\/uploads\/2024\/02\/freestlye-alexander-gertsch.jpg\" \/>\n\t<meta property=\"og:image:width\" content=\"800\" \/>\n\t<meta property=\"og:image:height\" content=\"800\" \/>\n\t<meta property=\"og:image:type\" content=\"image\/jpeg\" \/>\n<meta name=\"twitter:card\" content=\"summary_large_image\" \/>\n<script type=\"application\/ld+json\" class=\"yoast-schema-graph\">{\"@context\":\"https:\/\/schema.org\",\"@graph\":[{\"@type\":\"WebPage\",\"@id\":\"https:\/\/alexgertsch.ch\/produit\/freestyle\/\",\"url\":\"https:\/\/alexgertsch.ch\/produit\/freestyle\/\",\"name\":\"Freestyle - Alexander Gertsch Wengen Ski and Snowboard School Switzerland\",\"isPartOf\":{\"@id\":\"https:\/\/alexgertsch.ch\/#website\"},\"datePublished\":\"2024-02-09T16:15:46+00:00\",\"dateModified\":\"2024-02-23T18:36:28+00:00\",\"breadcrumb\":{\"@id\":\"https:\/\/alexgertsch.ch\/produit\/freestyle\/#breadcrumb\"},\"inLanguage\":\"fr-FR\",\"potentialAction\":[{\"@type\":\"ReadAction\",\"target\":[\"https:\/\/alexgertsch.ch\/produit\/freestyle\/\"]}]},{\"@type\":\"BreadcrumbList\",\"@id\":\"https:\/\/alexgertsch.ch\/produit\/freestyle\/#breadcrumb\",\"itemListElement\":[{\"@type\":\"ListItem\",\"position\":1,\"name\":\"Home\",\"item\":\"https:\/\/alexgertsch.ch\/fr\/\"},{\"@type\":\"ListItem\",\"position\":2,\"name\":\"Boutique\",\"item\":\"https:\/\/alexgertsch.ch\/webshop\/\"},{\"@type\":\"ListItem\",\"position\":3,\"name\":\"Freestyle\"}]},{\"@type\":\"WebSite\",\"@id\":\"https:\/\/alexgertsch.ch\/#website\",\"url\":\"https:\/\/alexgertsch.ch\/\",\"name\":\"Alexander Gertsch Wengen Ski and Snowboard School Switzerland\",\"description\":\"\",\"publisher\":{\"@id\":\"https:\/\/alexgertsch.ch\/#organization\"},\"potentialAction\":[{\"@type\":\"SearchAction\",\"target\":{\"@type\":\"EntryPoint\",\"urlTemplate\":\"https:\/\/alexgertsch.ch\/?s={search_term_string}\"},\"query-input\":\"required name=search_term_string\"}],\"inLanguage\":\"fr-FR\"},{\"@type\":\"Organization\",\"@id\":\"https:\/\/alexgertsch.ch\/#organization\",\"name\":\"Alexander Gertsch Wengen Ski and Snowboard School Switzerland\",\"url\":\"https:\/\/alexgertsch.ch\/\",\"logo\":{\"@type\":\"ImageObject\",\"inLanguage\":\"fr-FR\",\"@id\":\"https:\/\/alexgertsch.ch\/#\/schema\/logo\/image\/\",\"url\":\"https:\/\/alexgertsch.ch\/wp-content\/uploads\/2022\/12\/Wengen2.png\",\"contentUrl\":\"https:\/\/alexgertsch.ch\/wp-content\/uploads\/2022\/12\/Wengen2.png\",\"width\":351,\"height\":274,\"caption\":\"Alexander Gertsch Wengen Ski and Snowboard School Switzerland\"},\"image\":{\"@id\":\"https:\/\/alexgertsch.ch\/#\/schema\/logo\/image\/\"},\"sameAs\":[\"https:\/\/www.facebook.com\/AlexanderGertschMA\",\"https:\/\/www.youtube.com\/@alexandergertschwengenskis2693\",\"https:\/\/www.instagram.com\/alexandergertsch\/\"]}]}<\/script>\n<!-- \/ Yoast SEO plugin. -->","yoast_head_json":{"title":"Freestyle - Alexander Gertsch Wengen Ski and Snowboard School Switzerland","robots":{"index":"index","follow":"follow","max-snippet":"max-snippet:-1","max-image-preview":"max-image-preview:large","max-video-preview":"max-video-preview:-1"},"canonical":"https:\/\/alexgertsch.ch\/produit\/freestyle\/","og_locale":"fr_FR","og_type":"article","og_title":"Freestyle - Alexander Gertsch Wengen Ski and Snowboard School Switzerland","og_description":"\u00c0 l'\u00e9cole de ski et de snowboard Alexander Gertsch Wengen, nous proposons des cours de freestyle palpitants con\u00e7us pour vous aider \u00e0 ma\u00eetriser les sauts, les pirouettes, les flips et les grabs, vous permettant ainsi de d\u00e9couvrir et d'affiner votre style unique sur les pistes.","og_url":"https:\/\/alexgertsch.ch\/produit\/freestyle\/","og_site_name":"Alexander Gertsch Wengen Ski and Snowboard School Switzerland","article_publisher":"https:\/\/www.facebook.com\/AlexanderGertschMA","article_modified_time":"2024-02-23T18:36:28+00:00","og_image":[{"width":800,"height":800,"url":"https:\/\/alexgertsch.ch\/wp-content\/uploads\/2024\/02\/freestlye-alexander-gertsch.jpg","type":"image\/jpeg"}],"twitter_card":"summary_large_image","schema":{"@context":"https:\/\/schema.org","@graph":[{"@type":"WebPage","@id":"https:\/\/alexgertsch.ch\/produit\/freestyle\/","url":"https:\/\/alexgertsch.ch\/produit\/freestyle\/","name":"Freestyle - Alexander Gertsch Wengen Ski and Snowboard School Switzerland","isPartOf":{"@id":"https:\/\/alexgertsch.ch\/#website"},"datePublished":"2024-02-09T16:15:46+00:00","dateModified":"2024-02-23T18:36:28+00:00","breadcrumb":{"@id":"https:\/\/alexgertsch.ch\/produit\/freestyle\/#breadcrumb"},"inLanguage":"fr-FR","potentialAction":[{"@type":"ReadAction","target":["https:\/\/alexgertsch.ch\/produit\/freestyle\/"]}]},{"@type":"BreadcrumbList","@id":"https:\/\/alexgertsch.ch\/produit\/freestyle\/#breadcrumb","itemListElement":[{"@type":"ListItem","position":1,"name":"Home","item":"https:\/\/alexgertsch.ch\/fr\/"},{"@type":"ListItem","position":2,"name":"Boutique","item":"https:\/\/alexgertsch.ch\/webshop\/"},{"@type":"ListItem","position":3,"name":"Freestyle"}]},{"@type":"WebSite","@id":"https:\/\/alexgertsch.ch\/#website","url":"https:\/\/alexgertsch.ch\/","name":"Alexander Gertsch Wengen Ski and Snowboard School Switzerland","description":"","publisher":{"@id":"https:\/\/alexgertsch.ch\/#organization"},"potentialAction":[{"@type":"SearchAction","target":{"@type":"EntryPoint","urlTemplate":"https:\/\/alexgertsch.ch\/?s={search_term_string}"},"query-input":"required name=search_term_string"}],"inLanguage":"fr-FR"},{"@type":"Organization","@id":"https:\/\/alexgertsch.ch\/#organization","name":"Alexander Gertsch Wengen Ski and Snowboard School Switzerland","url":"https:\/\/alexgertsch.ch\/","logo":{"@type":"ImageObject","inLanguage":"fr-FR","@id":"https:\/\/alexgertsch.ch\/#\/schema\/logo\/image\/","url":"https:\/\/alexgertsch.ch\/wp-content\/uploads\/2022\/12\/Wengen2.png","contentUrl":"https:\/\/alexgertsch.ch\/wp-content\/uploads\/2022\/12\/Wengen2.png","width":351,"height":274,"caption":"Alexander Gertsch Wengen Ski and Snowboard School Switzerland"},"image":{"@id":"https:\/\/alexgertsch.ch\/#\/schema\/logo\/image\/"},"sameAs":["https:\/\/www.facebook.com\/AlexanderGertschMA","https:\/\/www.youtube.com\/@alexandergertschwengenskis2693","https:\/\/www.instagram.com\/alexandergertsch\/"]}]}},"jetpack_sharing_enabled":true,"_links":{"self":[{"href":"https:\/\/alexgertsch.ch\/fr\/wp-json\/wp\/v2\/product\/10605"}],"collection":[{"href":"https:\/\/alexgertsch.ch\/fr\/wp-json\/wp\/v2\/product"}],"about":[{"href":"https:\/\/alexgertsch.ch\/fr\/wp-json\/wp\/v2\/types\/product"}],"version-history":[{"count":1,"href":"https:\/\/alexgertsch.ch\/fr\/wp-json\/wp\/v2\/product\/10605\/revisions"}],"predecessor-version":[{"id":10652,"href":"https:\/\/alexgertsch.ch\/fr\/wp-json\/wp\/v2\/product\/10605\/revisions\/10652"}],"wp:featuredmedia":[{"embeddable":true,"href":"https:\/\/alexgertsch.ch\/fr\/wp-json\/wp\/v2\/media\/10517"}],"wp:attachment":[{"href":"https:\/\/alexgertsch.ch\/fr\/wp-json\/wp\/v2\/media?parent=10605"}],"wp:term":[{"taxonomy":"product_cat","embeddable":true,"href":"https:\/\/alexgertsch.ch\/fr\/wp-json\/wp\/v2\/product_cat?post=10605"},{"taxonomy":"product_tag","embeddable":true,"href":"https:\/\/alexgertsch.ch\/fr\/wp-json\/wp\/v2\/product_tag?post=10605"}],"curies":[{"name":"wp","href":"https:\/\/api.w.org\/{rel}","templated":true}]}}